{"id":48313,"date":"2024-12-16T08:56:59","date_gmt":"2024-12-16T07:56:59","guid":{"rendered":"https:\/\/stage.woods.se\/?post_type=product&#038;p=48313"},"modified":"2025-10-15T12:41:40","modified_gmt":"2025-10-15T10:41:40","slug":"cigarette-lighter-cable-for-woods-airmaster-woz-100-and-400","status":"publish","type":"product","link":"https:\/\/woods.se\/de\/produkte\/ozongeneratoren\/cigarette-lighter-cable-for-woods-airmaster-woz-100-and-400\/","title":{"rendered":"Cigarette Lighter Cable for Wood&#8217;s Airmaster WOZ 100 and 400"},"content":{"rendered":"<h2>Zigarettenanz\u00fcnderkabel f\u00fcr Woods Airmaster WOZ 100 und 400<\/h2>\n<h3>Mobile Stromversorgung f\u00fcr Autos und Lastwagen<\/h3>\n<p>Mit diesem Zigarettenanz\u00fcnderkabel k\u00f6nnen Sie Ihr Wood&#8217;s Airmaster WOZ 100 oder WOZ 400 ganz einfach direkt an den Zigarettenanz\u00fcnder in Ihrem Auto oder LKW anschlie\u00dfen. Perfekt f\u00fcr die Aufbereitung von Autos, die Dekontamination von Kabinen und andere Situationen, in denen Sie eine mobile Ozonbehandlung ben\u00f6tigen.<\/p>\n<h3>Sicherer und zuverl\u00e4ssiger Betrieb<\/h3>\n<p>Das Kabel ist mit einer eingebauten 2-A-Sicherung ausgestattet, die zus\u00e4tzlichen Schutz und Sicherheit bei der Verwendung bietet.<\/p>\n<h3>Flexibel und einfach in der Anwendung<\/h3>\n<p>Mit einer L\u00e4nge von 2 Metern haben Sie eine gute Reichweite, und der genormte Gleichstromanschluss (2,1 x 5,5 mm) macht die Installation einfach und m\u00fchelos.<\/p>\n<h3>Perfekt f\u00fcr den mobilen Einsatz<\/h3>\n<p>Dank dieses Kabels k\u00f6nnen Sie Ihr WOZ-Ger\u00e4t sogar in Fahrzeugen verwenden &#8211; ein praktisches Zubeh\u00f6r f\u00fcr die Autoaufbereitung, das Transportgewerbe und andere mobile Dekontaminationsanforderungen.<\/p>\n","protected":false},"excerpt":{"rendered":"<p>Das Zigarettenanz\u00fcnderkabel f\u00fcr Wood&#8217;s Airmaster WOZ 100 und 400 macht es einfach, den Ozongenerator in Autos oder Lastwagen zu verwenden. Das Kabel wird direkt an die Zigarettenanz\u00fcnderbuchse angeschlossen und hat eine eingebaute 2-A-Sicherung f\u00fcr einen sicheren Betrieb. Mit einer L\u00e4nge von 2 Metern und einem Gleichstromanschluss (2,1 x 5,5 mm) ist es bequem, sicher und praktisch f\u00fcr die mobile Ozonbehandlung.<\/p>\n","protected":false},"featured_media":46808,"template":"","meta":{"_acf_changed":false},"product_brand":[],"product_cat":[413,414,408],"product_tag":[4150,4149],"class_list":{"0":"post-48313","1":"product","2":"type-product","3":"status-publish","4":"has-post-thumbnail","6":"product_cat-ozongeneratoren","7":"product_cat-professional-de","8":"product_cat-zubehoer","9":"product_tag-ozon","10":"product_tag-zigarrettenanzunder-kabel","11":"splide__slide","13":"first","14":"instock","15":"taxable","16":"shipping-taxable","17":"product-type-simple"},"acf":[],"_links":{"self":[{"href":"https:\/\/woods.se\/de\/wp-json\/wp\/v2\/product\/48313","targetHints":{"allow":["GET"]}}],"collection":[{"href":"https:\/\/woods.se\/de\/wp-json\/wp\/v2\/product"}],"about":[{"href":"https:\/\/woods.se\/de\/wp-json\/wp\/v2\/types\/product"}],"wp:featuredmedia":[{"embeddable":true,"href":"https:\/\/woods.se\/de\/wp-json\/wp\/v2\/media\/46808"}],"wp:attachment":[{"href":"https:\/\/woods.se\/de\/wp-json\/wp\/v2\/media?parent=48313"}],"wp:term":[{"taxonomy":"product_brand","embeddable":true,"href":"https:\/\/woods.se\/de\/wp-json\/wp\/v2\/product_brand?post=48313"},{"taxonomy":"product_cat","embeddable":true,"href":"https:\/\/woods.se\/de\/wp-json\/wp\/v2\/product_cat?post=48313"},{"taxonomy":"product_tag","embeddable":true,"href":"https:\/\/woods.se\/de\/wp-json\/wp\/v2\/product_tag?post=48313"}],"curies":[{"name":"wp","href":"https:\/\/api.w.org\/{rel}","templated":true}]}}