{"id":48308,"date":"2024-12-12T11:48:24","date_gmt":"2024-12-12T10:48:24","guid":{"rendered":"https:\/\/stage.woods.se\/?post_type=product&#038;p=48308"},"modified":"2025-10-15T12:11:33","modified_gmt":"2025-10-15T10:11:33","slug":"universalfilter-for-whu400-and-whu600","status":"publish","type":"product","link":"https:\/\/woods.se\/de\/produkte\/luftbefeuchter\/universalfilter-for-whu400-and-whu600\/","title":{"rendered":"Universalfilter for WHU400 and WHU600"},"content":{"rendered":"<h2>Woods Universalfilter f\u00fcr WHU400 und WHU600 (4er-Pack)<\/h2>\n<p>Der Universalfilter von Wood ist ein Originalzubeh\u00f6r f\u00fcr die Luftbefeuchter WHU400 und WHU600. Der Filter reduziert Kalkablagerungen im Wasser und tr\u00e4gt zu einer saubereren und effizienteren Luftbefeuchtung bei. Au\u00dferdem sch\u00fctzt er den Luftbefeuchter vor Kalkablagerungen und verl\u00e4ngert seine Lebensdauer. Wird in einer Packung mit 4 Filtern geliefert, die leicht auszuwechseln sind.<\/p>\n","protected":false},"excerpt":{"rendered":"<p>Der Universalfilter von Wood ist ein Originalzubeh\u00f6r f\u00fcr die Luftbefeuchter WHU400 und WHU600. Der Filter reduziert Kalkablagerungen im Wasser und tr\u00e4gt zu einer saubereren und effizienteren Luftbefeuchtung bei. Au\u00dferdem sch\u00fctzt er den Luftbefeuchter vor Kalkablagerungen und verl\u00e4ngert seine Lebensdauer. Wird in einer Packung mit 4 Filtern geliefert, die leicht auszuwechseln sind.<\/p>\n","protected":false},"featured_media":46627,"template":"","meta":{"_acf_changed":false},"product_brand":[],"product_cat":[4827,412,408],"product_tag":[396,4144],"class_list":{"0":"post-48308","1":"product","2":"type-product","3":"status-publish","4":"has-post-thumbnail","6":"product_cat-zubehor-luftbefeuchter","7":"product_cat-luftbefeuchter","8":"product_cat-zubehoer","9":"product_tag-filter-de","10":"product_tag-luftbefeuchter","11":"splide__slide","13":"first","14":"instock","15":"taxable","16":"shipping-taxable","17":"purchasable","18":"product-type-simple"},"acf":[],"_links":{"self":[{"href":"https:\/\/woods.se\/de\/wp-json\/wp\/v2\/product\/48308","targetHints":{"allow":["GET"]}}],"collection":[{"href":"https:\/\/woods.se\/de\/wp-json\/wp\/v2\/product"}],"about":[{"href":"https:\/\/woods.se\/de\/wp-json\/wp\/v2\/types\/product"}],"wp:featuredmedia":[{"embeddable":true,"href":"https:\/\/woods.se\/de\/wp-json\/wp\/v2\/media\/46627"}],"wp:attachment":[{"href":"https:\/\/woods.se\/de\/wp-json\/wp\/v2\/media?parent=48308"}],"wp:term":[{"taxonomy":"product_brand","embeddable":true,"href":"https:\/\/woods.se\/de\/wp-json\/wp\/v2\/product_brand?post=48308"},{"taxonomy":"product_cat","embeddable":true,"href":"https:\/\/woods.se\/de\/wp-json\/wp\/v2\/product_cat?post=48308"},{"taxonomy":"product_tag","embeddable":true,"href":"https:\/\/woods.se\/de\/wp-json\/wp\/v2\/product_tag?post=48308"}],"curies":[{"name":"wp","href":"https:\/\/api.w.org\/{rel}","templated":true}]}}