{"id":48303,"date":"2024-12-12T11:41:02","date_gmt":"2024-12-12T10:41:02","guid":{"rendered":"https:\/\/stage.woods.se\/?post_type=product&#038;p=48303"},"modified":"2025-10-15T12:04:45","modified_gmt":"2025-10-15T10:04:45","slug":"woods-carbon-granulate-filter-300-serie","status":"publish","type":"product","link":"https:\/\/woods.se\/de\/produkte\/luftreiniger\/woods-carbon-granulate-filter-300-serie\/","title":{"rendered":"Wood\u2019s Carbon Granulate Filter 300-serie"},"content":{"rendered":"<h2>Wood&#8217;s Carbon Granulate Filter<\/h2>\n<h3>Effektive Geruchs- und Gasreinigung f\u00fcr Luftreiniger der 300er Serie<\/h3>\n<p>Der Aktivkohle-Granulatfilter von Wood ist ein leistungsstarkes Zubeh\u00f6r, das die Luftreiniger der 300er Serie erg\u00e4nzt. Mit ganzen 600 g hochwertiger Aktivkohle f\u00e4ngt der Filter Gase, chemische Schadstoffe und unangenehme Ger\u00fcche ein, die sich sonst in der Raumluft ausbreiten w\u00fcrden. Zusammen mit dem Active ION HEPA-Filter, der Partikel wie Staub, Pollen und Schimmelsporen entfernt, bildet der Aktivkohlefilter eine komplette Luftreinigungsl\u00f6sung f\u00fcr ein ges\u00fcnderes und angenehmeres Raumklima.<\/p>\n<h3>Wirksam gegen Gase und Ger\u00fcche<\/h3>\n<p>Die Aktivkohle absorbiert Gase und neutralisiert unangenehme Ger\u00fcche, z.B. vom Kochen, Rauch oder Chemikalien. Das Ergebnis ist eine sp\u00fcrbar frischere und ges\u00fcndere Luft in Ihrem Zuhause oder am Arbeitsplatz.<\/p>\n<h3>Intelligentes Design f\u00fcr optimalen Luftstrom<\/h3>\n<p>Trotz des hohen Anteils an Aktivkohle ist der Filter so konzipiert, dass er den Luftstrom nur minimal beeintr\u00e4chtigt. So kann der Luftreiniger bei maximaler Zirkulation weiterhin effektiv arbeiten, auch wenn der Aktivkohlefilter installiert ist.<\/p>\n<h3>Erg\u00e4nzt den HEPA-Filter<\/h3>\n<p>Der Aktivkohlefilter arbeitet als Erg\u00e4nzung zum Active ION HEPA-Filter. W\u00e4hrend der HEPA-Filter sch\u00e4dliche Partikel in der Luft auff\u00e4ngt, k\u00fcmmert sich der Kohlefilter um das, was nicht sichtbar ist &#8211; Gase und Ger\u00fcche.<\/p>\n<h3>Einfacher Austausch und Platzierung<\/h3>\n<p>Der Filter befindet sich an der Oberseite der Luftreiniger der Wood&#8217;s 300 Serie (AL 310, AL 310FC, ELFI 300). Um optimale Ergebnisse zu erzielen, sollte der Filter regelm\u00e4\u00dfig ausgetauscht werden &#8211; normalerweise alle drei Monate oder fr\u00fcher, wenn die Kapazit\u00e4t nachl\u00e4sst.<\/p>\n","protected":false},"excerpt":{"rendered":"<p>Der Woods Aktivkohlegranulatfilter f\u00fcr die 300er Serie enth\u00e4lt 600 g Aktivkohle und entfernt effektiv Gase, chemische Verunreinigungen und unangenehme Ger\u00fcche. Dank seines intelligenten Designs wird der Luftstrom nur minimal beeintr\u00e4chtigt, w\u00e4hrend der Filter den Active ION HEPA-Filter erg\u00e4nzt, der Partikel entfernt. Er wird oben auf dem Luftreiniger (AL 310, AL 310FC, ELFI 300) angebracht und sollte regelm\u00e4\u00dfig ausgetauscht werden, normalerweise alle drei Monate.<\/p>\n","protected":false},"featured_media":45283,"template":"","meta":{"_acf_changed":false},"product_brand":[],"product_cat":[410,408,4799],"product_tag":[396,4108],"class_list":{"0":"post-48303","1":"product","2":"type-product","3":"status-publish","4":"has-post-thumbnail","6":"product_cat-luftreiniger","7":"product_cat-zubehoer","8":"product_cat-zubehoer-luftreiniger","9":"product_tag-filter-de","10":"product_tag-kohlefilter","11":"product_shipping_class-low","12":"splide__slide","14":"first","15":"outofstock","16":"taxable","17":"shipping-taxable","18":"product-type-simple"},"acf":[],"_links":{"self":[{"href":"https:\/\/woods.se\/de\/wp-json\/wp\/v2\/product\/48303","targetHints":{"allow":["GET"]}}],"collection":[{"href":"https:\/\/woods.se\/de\/wp-json\/wp\/v2\/product"}],"about":[{"href":"https:\/\/woods.se\/de\/wp-json\/wp\/v2\/types\/product"}],"wp:featuredmedia":[{"embeddable":true,"href":"https:\/\/woods.se\/de\/wp-json\/wp\/v2\/media\/45283"}],"wp:attachment":[{"href":"https:\/\/woods.se\/de\/wp-json\/wp\/v2\/media?parent=48303"}],"wp:term":[{"taxonomy":"product_brand","embeddable":true,"href":"https:\/\/woods.se\/de\/wp-json\/wp\/v2\/product_brand?post=48303"},{"taxonomy":"product_cat","embeddable":true,"href":"https:\/\/woods.se\/de\/wp-json\/wp\/v2\/product_cat?post=48303"},{"taxonomy":"product_tag","embeddable":true,"href":"https:\/\/woods.se\/de\/wp-json\/wp\/v2\/product_tag?post=48303"}],"curies":[{"name":"wp","href":"https:\/\/api.w.org\/{rel}","templated":true}]}}