{"id":48301,"date":"2024-12-12T11:37:56","date_gmt":"2024-12-12T10:37:56","guid":{"rendered":"https:\/\/stage.woods.se\/?post_type=product&#038;p=48301"},"modified":"2025-10-15T12:02:28","modified_gmt":"2025-10-15T10:02:28","slug":"woods-active-ion-hepa-filter-300-serie","status":"publish","type":"product","link":"https:\/\/woods.se\/de\/produkte\/luftreiniger\/woods-active-ion-hepa-filter-300-serie\/","title":{"rendered":"Wood&#8217;s Active ION HEPA-Filter 300-serie"},"content":{"rendered":"<h2>Wood&#8217;s Active ION HEPA-Filter<\/h2>\n<h3>Effektive Luftreinigung f\u00fcr die 300er Serie<\/h3>\n<p>Der Active ION HEPA-Filter von Wood ist das Geheimnis hinter der hohen Reinigungsleistung der Luftreiniger der 300er Serie. Der Filter wird in Schweden aus einem speziellen synthetischen Material hergestellt, dessen Fasern leicht elektrisch aufgeladen sind, so dass sie selbst ultrafeine Partikel sehr effektiv einfangen k\u00f6nnen.<\/p>\n<h3>Effektive Luftreinigung<\/h3>\n<p>Der Active ION HEPA-Filter entfernt 99,98% aller in der Luft befindlichen Partikel in Ihrer Umgebung. Er f\u00e4ngt Pollen, Staub, Schimmelsporen, Bakterien und sogar radioaktive Radon-T\u00f6chter ab. Das Ergebnis ist eine sofort ges\u00fcndere und sauberere Luft &#8211; perfekt f\u00fcr Allergiker und alle, die ihr Raumklima verbessern m\u00f6chten.<\/p>\n<h3>Filtert ultrafeine Partikel<\/h3>\n<p>Der Filter kann Partikel bis zu einer Gr\u00f6\u00dfe von 0,0003 mm auffangen, was 50 Mal kleiner ist als ein Bakterium. Dies macht ihn zu einem der fortschrittlichsten Filter f\u00fcr den Hausgebrauch.<\/p>\n<h3>Saubere Luft bei geringem Energieverbrauch<\/h3>\n<p>In Kombination mit den Luftreinigern der 300er Serie sorgt der Filter nicht nur f\u00fcr ein gesundes Raumklima, sondern ist auch energieeffizient und leise &#8211; eine L\u00f6sung, die im Schlafzimmer ebenso gut funktioniert wie im Wohnzimmer.<\/p>\n<h3>Kompatibilit\u00e4t<\/h3>\n<p>Der Active ION HEPA-Filter von Wood ist speziell f\u00fcr die Luftreiniger der Wood&#8217;s 300 Serie (AL 310, AL 310FC und ELFI 300) geeignet.<\/p>\n","protected":false},"excerpt":{"rendered":"<p>Der in Schweden hergestellte Active ION HEPA-Filter von Wood ist ein Hochleistungsfilter, der in die Luftreiniger der 300er Serie passt. Er f\u00e4ngt 99,98% der sch\u00e4dlichen Partikel ab, darunter Pollen, Staub, Schimmelsporen, Bakterien und Radon-T\u00f6chter. Der Filter besteht aus einem synthetischen Medium, dessen Fasern leicht elektrisch aufgeladen sind, so dass selbst kleinste Partikel zur\u00fcckgehalten werden. Das Ergebnis ist eine sofort sauberere und ges\u00fcndere Raumluft &#8211; energieeffizient und leise.<\/p>\n","protected":false},"featured_media":45243,"template":"","meta":{"_acf_changed":false},"product_brand":[],"product_cat":[410,408,4799],"product_tag":[396,4098],"class_list":{"0":"post-48301","1":"product","2":"type-product","3":"status-publish","4":"has-post-thumbnail","6":"product_cat-luftreiniger","7":"product_cat-zubehoer","8":"product_cat-zubehoer-luftreiniger","9":"product_tag-filter-de","10":"product_tag-hepa-filter","11":"product_shipping_class-low","12":"splide__slide","14":"first","15":"outofstock","16":"taxable","17":"shipping-taxable","18":"purchasable","19":"product-type-simple"},"acf":[],"_links":{"self":[{"href":"https:\/\/woods.se\/de\/wp-json\/wp\/v2\/product\/48301","targetHints":{"allow":["GET"]}}],"collection":[{"href":"https:\/\/woods.se\/de\/wp-json\/wp\/v2\/product"}],"about":[{"href":"https:\/\/woods.se\/de\/wp-json\/wp\/v2\/types\/product"}],"wp:featuredmedia":[{"embeddable":true,"href":"https:\/\/woods.se\/de\/wp-json\/wp\/v2\/media\/45243"}],"wp:attachment":[{"href":"https:\/\/woods.se\/de\/wp-json\/wp\/v2\/media?parent=48301"}],"wp:term":[{"taxonomy":"product_brand","embeddable":true,"href":"https:\/\/woods.se\/de\/wp-json\/wp\/v2\/product_brand?post=48301"},{"taxonomy":"product_cat","embeddable":true,"href":"https:\/\/woods.se\/de\/wp-json\/wp\/v2\/product_cat?post=48301"},{"taxonomy":"product_tag","embeddable":true,"href":"https:\/\/woods.se\/de\/wp-json\/wp\/v2\/product_tag?post=48301"}],"curies":[{"name":"wp","href":"https:\/\/api.w.org\/{rel}","templated":true}]}}