{"id":48262,"date":"2024-12-12T11:34:51","date_gmt":"2024-12-12T10:34:51","guid":{"rendered":"https:\/\/stage.woods.se\/?post_type=product&#038;p=48262"},"modified":"2026-03-05T11:50:44","modified_gmt":"2026-03-05T10:50:44","slug":"woods-smf-filter-ds40fs","status":"publish","type":"product","link":"https:\/\/woods.se\/de\/produkte\/luftentfeuchter\/woods-smf-filter-ds40fs\/","title":{"rendered":"Wood&#8217;s SMF-Filter DS40FS"},"content":{"rendered":"<h2>Wood&#8217;s SMF-Filter f\u00fcr DS40FS<\/h2>\n<h3>Effektiver Schutz vor Feuchtigkeit, Schimmel und Staub<\/h3>\n<p>Wenn feuchte R\u00e4ume ausgetrocknet werden, werden oft Staub, Schimmelsporen und andere sch\u00e4dliche Partikel in die Luft abgegeben. Der in Schweden hergestellte SMF-Filter von Wood&#8217;s ist ein einzigartiger Anti-Schimmel-Filter, der die Luft reinigt und Ihr Raumklima noch ges\u00fcnder macht. Gleichzeitig sch\u00fctzt der Filter Ihren Luftentfeuchter vor Staub und Schmutz &#8211; damit Ihr Luftentfeuchter Tag f\u00fcr Tag, Jahr f\u00fcr Jahr seine beste Leistung erbringt.  <\/p>\n<h3>Saubere Luft in Ihrem Zuhause<\/h3>\n<p>Der Filter f\u00e4ngt effektiv Pollen, Schimmelsporen, Staub und andere Partikel auf, die sich sonst beim Austrocknen in der Luft verteilen w\u00fcrden. Das Ergebnis ist ein besseres und ges\u00fcnderes Raumklima. <\/p>\n<h3>Sch\u00fctzt Ihren Luftentfeuchter<\/h3>\n<p>Indem er Staub und Schmutz aufh\u00e4lt, verl\u00e4ngert der SMF-Filter die Lebensdauer Ihres Luftentfeuchters und gew\u00e4hrleistet Jahr f\u00fcr Jahr einen zuverl\u00e4ssigen Betrieb.<\/p>\n<h3>Saugen Sie den Filter nicht ab<\/h3>\n<p>Um die volle Funktionsf\u00e4higkeit des Filters zu erhalten, sollte er nicht gesaugt oder gesch\u00fcttelt werden. Beim Staubsaugen oder Reinigen werden trockene, sch\u00e4dliche Partikel in die Luft freigesetzt, die Sie leichter einatmen k\u00f6nnen und die m\u00f6glicherweise Ihre Gesundheit sch\u00e4digen. <\/p>\n<h3>Kompatibilit\u00e4t<\/h3>\n<p>Dieser Filter ist nur f\u00fcr den Woods DS40FS geeignet.<br \/>\n<strong>Bitte beachten Sie! Nicht geeignet f\u00fcr andere Luftentfeuchter der Wood&#8217;s SW-, LD-, DS-, DK-, ED- und TDR-Serie oder f\u00fcr den DSC50FM. <\/strong><\/p>\n<h3>Einfacher Filterwechsel<\/h3>\n<p>Der SMF-Filter ist einfach zu installieren und zu ersetzen. Um optimale Ergebnisse zu erzielen, empfehlen wir, den Filter mindestens einmal im Jahr auszutauschen. <\/p>\n","protected":false},"excerpt":{"rendered":"<p>Der in Schweden hergestellte SMF-Filter von Wood f\u00fcr den DS40FS ist ein einzigartiger Anti-Schimmel-Filter, der zusammen mit Ihrem Luftentfeuchter nicht nur die Feuchtigkeit reduziert, sondern auch die Luft von sch\u00e4dlichen Partikeln reinigt. Der Filter f\u00e4ngt Pollen, Schimmelsporen, Staub und andere Luftschadstoffe ab und sch\u00fctzt Ihren Luftentfeuchter gleichzeitig vor Schmutz und Verschlei\u00df. Wenn Sie den Filter mindestens einmal im Jahr austauschen, verl\u00e4ngern Sie die Lebensdauer Ihres Luftentfeuchters.  <\/p>\n","protected":false},"featured_media":45015,"template":"","meta":{"_acf_changed":false},"product_brand":[],"product_cat":[411,408,4765],"product_tag":[396],"class_list":{"0":"post-48262","1":"product","2":"type-product","3":"status-publish","4":"has-post-thumbnail","6":"product_cat-luftentfeuchter","7":"product_cat-zubehoer","8":"product_cat-zubehor-luftentfeuchter","9":"product_tag-filter-de","10":"splide__slide","12":"first","13":"instock","14":"taxable","15":"shipping-taxable","16":"purchasable","17":"product-type-simple"},"acf":[],"_links":{"self":[{"href":"https:\/\/woods.se\/de\/wp-json\/wp\/v2\/product\/48262","targetHints":{"allow":["GET"]}}],"collection":[{"href":"https:\/\/woods.se\/de\/wp-json\/wp\/v2\/product"}],"about":[{"href":"https:\/\/woods.se\/de\/wp-json\/wp\/v2\/types\/product"}],"wp:featuredmedia":[{"embeddable":true,"href":"https:\/\/woods.se\/de\/wp-json\/wp\/v2\/media\/45015"}],"wp:attachment":[{"href":"https:\/\/woods.se\/de\/wp-json\/wp\/v2\/media?parent=48262"}],"wp:term":[{"taxonomy":"product_brand","embeddable":true,"href":"https:\/\/woods.se\/de\/wp-json\/wp\/v2\/product_brand?post=48262"},{"taxonomy":"product_cat","embeddable":true,"href":"https:\/\/woods.se\/de\/wp-json\/wp\/v2\/product_cat?post=48262"},{"taxonomy":"product_tag","embeddable":true,"href":"https:\/\/woods.se\/de\/wp-json\/wp\/v2\/product_tag?post=48262"}],"curies":[{"name":"wp","href":"https:\/\/api.w.org\/{rel}","templated":true}]}}