{"id":48251,"date":"2024-12-12T11:20:16","date_gmt":"2024-12-12T10:20:16","guid":{"rendered":"https:\/\/stage.woods.se\/?post_type=product&#038;p=48251"},"modified":"2025-10-14T14:42:18","modified_gmt":"2025-10-14T12:42:18","slug":"woods-door-sealing-kit","status":"publish","type":"product","link":"https:\/\/woods.se\/de\/produkte\/klimaanlage\/woods-door-sealing-kit\/","title":{"rendered":"Wood&#8217;s Door Sealing Kit"},"content":{"rendered":"<h2>Wood&#8217;s Door Sealing Kit &#8211; Dichtungsset f\u00fcr T\u00fcren und gro\u00dfe Fenster<\/h2>\n<p>Mit dem Wood&#8217;s Door Sealing Kit k\u00f6nnen Sie die Wirkung Ihres tragbaren Klimager\u00e4ts auch in R\u00e4umen mit gr\u00f6\u00dferen \u00d6ffnungen maximieren. Die Abdichtung um den Abluftschlauch herum verhindert, dass warme Luft zur\u00fcckstr\u00f6mt, was ansonsten die K\u00fchlleistung verringert und den Energieverbrauch erh\u00f6ht.<\/p>\n<h3>Intelligentes Design und einfache Installation<\/h3>\n<p>Das Kit ist 560 cm lang und kann mit Klettband an T\u00fcren oder gro\u00dfen Fenstern befestigt werden. Dank der flexiblen und verstellbaren Rei\u00dfverschluss\u00f6ffnung kann es leicht an den Durchmesser des Schlauchs und der D\u00fcse angepasst werden. Wenn die T\u00fcr oder das Fenster geschlossen werden muss, kann das Kit problemlos und schnell entfernt werden.<\/p>\n<h3>Vorteile des Wood&#8217;s Door Sealing Kits<\/h3>\n<ul>\n<li>Verbesserte K\u00fchlleistung &#8211; verhindert das Eindringen von warmer Luft.<\/li>\n<li>Energieeinsparung &#8211; reduziert den Stromverbrauch durch bessere Versiegelung.<\/li>\n<li>Besseres Raumklima &#8211; verhindert Staub, Schmutz und Insekten.<\/li>\n<li>Universell einsetzbar &#8211; funktioniert mit allen tragbaren ACs mit Abluftschlauch.<\/li>\n<\/ul>\n<h3>Perfekt f\u00fcr Wohnungen und B\u00fcros<\/h3>\n<p>Ganz gleich, ob Sie Ihr tragbares Klimager\u00e4t im Wohnzimmer, im Schlafzimmer, im B\u00fcro oder in gr\u00f6\u00dferen R\u00e4umen mit T\u00fcren oder gro\u00dfen Fenstern verwenden, mit dem Wood&#8217;s Door Sealing Kit erzielen Sie eine maximale Wirkung und ein angenehmes Raumklima.<\/p>\n<p>W\u00e4hlen Sie das Wood&#8217;s Door Sealing Kit &#8211; ein intelligentes und energieeffizientes Zubeh\u00f6r f\u00fcr Ihr tragbares Klimager\u00e4t.<\/p>\n","protected":false},"excerpt":{"rendered":"<p>Das Door Sealing Kit von Wood ist das perfekte Zubeh\u00f6r f\u00fcr tragbare Klimager\u00e4te in R\u00e4umen mit T\u00fcren oder gro\u00dfen Fenstern. Mit einer L\u00e4nge von 560 cm dichtet das Kit den Abluftschlauch effektiv ab und verhindert das Eindringen von warmer Luft, Staub und Insekten. Dank der verstellbaren Rei\u00dfverschluss\u00f6ffnung l\u00e4sst es sich leicht an verschiedene Schlauchgr\u00f6\u00dfen anpassen. Passt auf alle tragbaren AC-Modelle mit Abluftschlauch und kann schnell und ohne komplizierte Verfahren installiert werden.<\/p>\n","protected":false},"featured_media":46422,"template":"","meta":{"_acf_changed":false},"product_brand":[],"product_cat":[409,408,4906],"product_tag":[4085],"class_list":{"0":"post-48251","1":"product","2":"type-product","3":"status-publish","4":"has-post-thumbnail","6":"product_cat-klimaanlage","7":"product_cat-zubehoer","8":"product_cat-zubehor-klimaanlagen","9":"product_tag-dichtungssatz","10":"product_shipping_class-low","11":"splide__slide","13":"first","14":"instock","15":"taxable","16":"shipping-taxable","17":"purchasable","18":"product-type-simple"},"acf":[],"_links":{"self":[{"href":"https:\/\/woods.se\/de\/wp-json\/wp\/v2\/product\/48251","targetHints":{"allow":["GET"]}}],"collection":[{"href":"https:\/\/woods.se\/de\/wp-json\/wp\/v2\/product"}],"about":[{"href":"https:\/\/woods.se\/de\/wp-json\/wp\/v2\/types\/product"}],"wp:featuredmedia":[{"embeddable":true,"href":"https:\/\/woods.se\/de\/wp-json\/wp\/v2\/media\/46422"}],"wp:attachment":[{"href":"https:\/\/woods.se\/de\/wp-json\/wp\/v2\/media?parent=48251"}],"wp:term":[{"taxonomy":"product_brand","embeddable":true,"href":"https:\/\/woods.se\/de\/wp-json\/wp\/v2\/product_brand?post=48251"},{"taxonomy":"product_cat","embeddable":true,"href":"https:\/\/woods.se\/de\/wp-json\/wp\/v2\/product_cat?post=48251"},{"taxonomy":"product_tag","embeddable":true,"href":"https:\/\/woods.se\/de\/wp-json\/wp\/v2\/product_tag?post=48251"}],"curies":[{"name":"wp","href":"https:\/\/api.w.org\/{rel}","templated":true}]}}