{"id":48248,"date":"2024-12-12T11:15:46","date_gmt":"2024-12-12T10:15:46","guid":{"rendered":"https:\/\/stage.woods.se\/?post_type=product&#038;p=48248"},"modified":"2026-02-23T16:17:44","modified_gmt":"2026-02-23T15:17:44","slug":"woods-ac-milan-7k-wifi-smart-home-duo","status":"publish","type":"product","link":"https:\/\/woods.se\/de\/produkte\/klimaanlage\/fur-kinderzimmer\/woods-ac-milan-7k-wifi-smart-home-duo\/","title":{"rendered":"Wood&#8217;s AC Milan 7K WiFi Smart Home Duo"},"content":{"rendered":"<h2>Wood&#8217;s AC Milan 7K WiFi Smart Home Duo<\/h2>\n<h3>Sanfte, leise und intelligent gesteuerte Klimaanlage mit Heizung<\/h3>\n<p>Der AC Milan 7K WiFi Smart Home Duo von Wood kombiniert K\u00fchlung, Heizung und intelligente Steuerung in einem kompakten und leisen Format. Mit einer K\u00fchlleistung von 7000 BTU (2 kW) und einer Heizleistung von 1500 W k\u00fchlt oder heizt er schnell R\u00e4ume bis zu 20 m\u00b2 und ist damit perfekt f\u00fcr kleinere R\u00e4ume wie Schlafzimmer, Kinderzimmer und Wohnzimmer. <\/p>\n<h3>Wesentliche Merkmale<\/h3>\n\n<h3>K\u00fchlt und heizt kleinere R\u00e4ume im Haus<\/h3>\n<p><strong>Schlafzimmer: <\/strong>Der niedrige Ger\u00e4uschpegel erm\u00f6glicht Ihnen einen k\u00fchlen oder warmen und ungest\u00f6rten Schlaf.<br \/>\n<strong>Kinderzimmer:<\/strong> Bietet das ganze Jahr \u00fcber eine sichere und angenehme Temperatur f\u00fcr Kinder.<br \/>\n<strong>Wohnzimmer:<\/strong> Schafft eine k\u00fchle Umgebung im Sommer und W\u00e4rme im Winter.<\/p>\n<h3>Reibungslos und benutzerfreundlich &#8211; mit intelligenter Steuerung<\/h3>\n<p>Der Milan 7K WiFi Duo ist leicht zu bewegen und mit dem mitgelieferten Fensterset einfach zu installieren. Er kann \u00fcber ein digitales Touchpanel oder eine Fernbedienung gesteuert werden, aber dank der WiFi-Funktion k\u00f6nnen Sie ihn auch aus der Ferne \u00fcber die Wood&#8217;s Connect App oder \u00fcber Google Home und Alexa steuern. Auf diese Weise k\u00f6nnen Sie immer mit einer angenehmen Temperatur nach Hause kommen.  <\/p>\n<h3>Ruhig und komfortabel<\/h3>\n<p>Mit einem Ger\u00e4uschpegel von nur 52 dB arbeitet der AC Milan 7K WiFi Smart Home Duo unauff\u00e4llig. Perfekt f\u00fcr Schlaf- oder Kinderzimmer, in denen Sie k\u00fchlen oder heizen m\u00fcssen, ohne dass Sie dabei gest\u00f6rt werden. <\/p>\n","protected":false},"excerpt":{"rendered":"<p>Das AC Milan 7K WiFi Smart Home Duo von Wood ist ein praktisches und leises tragbares Klimager\u00e4t mit Duo-Funktion, das sowohl k\u00fchlt als auch heizt. Mit einer K\u00fchlleistung von 7000 BTU (2 kW) und einer Heizleistung von 1500 W sowie einem Luftstrom von 350 m\u00b3\/h reguliert es effektiv die Temperatur in R\u00e4umen von bis zu 20 m\u00b2. Er l\u00e4sst sich ganz einfach \u00fcber ein digitales Touchpanel, eine Fernbedienung oder aus der Ferne \u00fcber WiFi mit der Wood&#8217;s Connect App, Google Home oder Alexa steuern. Perfekt f\u00fcr Schlafzimmer, Kinderzimmer und Wohnzimmer &#8211; das ganze Jahr \u00fcber.   <\/p>\n","protected":false},"featured_media":46131,"template":"","meta":{"_acf_changed":false},"product_brand":[],"product_cat":[4894,409],"product_tag":[2962,401,3059,407,403],"class_list":{"0":"post-48248","1":"product","2":"type-product","3":"status-publish","4":"has-post-thumbnail","6":"product_cat-fur-kinderzimmer","7":"product_cat-klimaanlage","8":"product_tag-20-m-de","9":"product_tag-duo-de","10":"product_tag-mobile-klimaanlagen-fur-kleinere-schlafzimmer","11":"product_tag-smart-home-de","12":"product_tag-wlan","13":"splide__slide","15":"first","16":"instock","17":"taxable","18":"shipping-taxable","19":"product-type-simple"},"acf":[],"_links":{"self":[{"href":"https:\/\/woods.se\/de\/wp-json\/wp\/v2\/product\/48248","targetHints":{"allow":["GET"]}}],"collection":[{"href":"https:\/\/woods.se\/de\/wp-json\/wp\/v2\/product"}],"about":[{"href":"https:\/\/woods.se\/de\/wp-json\/wp\/v2\/types\/product"}],"wp:featuredmedia":[{"embeddable":true,"href":"https:\/\/woods.se\/de\/wp-json\/wp\/v2\/media\/46131"}],"wp:attachment":[{"href":"https:\/\/woods.se\/de\/wp-json\/wp\/v2\/media?parent=48248"}],"wp:term":[{"taxonomy":"product_brand","embeddable":true,"href":"https:\/\/woods.se\/de\/wp-json\/wp\/v2\/product_brand?post=48248"},{"taxonomy":"product_cat","embeddable":true,"href":"https:\/\/woods.se\/de\/wp-json\/wp\/v2\/product_cat?post=48248"},{"taxonomy":"product_tag","embeddable":true,"href":"https:\/\/woods.se\/de\/wp-json\/wp\/v2\/product_tag?post=48248"}],"curies":[{"name":"wp","href":"https:\/\/api.w.org\/{rel}","templated":true}]}}