{"id":48245,"date":"2025-01-03T11:38:41","date_gmt":"2025-01-03T10:38:41","guid":{"rendered":"https:\/\/stage.woods.se\/?post_type=product&#038;p=48245"},"modified":"2026-04-22T11:29:16","modified_gmt":"2026-04-22T09:29:16","slug":"woods-ac-cortina-12k-airswitch","status":"publish","type":"product","link":"https:\/\/woods.se\/de\/produkte\/klimaanlage\/fuer-wohnzimmer-und-wohnungen\/woods-ac-cortina-12k-airswitch\/","title":{"rendered":"Wood&#8217;s AC Cortina 12K AirSwitch"},"content":{"rendered":"<h2>Wood&#8217;s AC Cortina 12K AirSwitch\u2122<\/h2>\n<h3>K\u00fchlt extrem leise und energieeffizient mit HEPA-Reinigung<\/h3>\n<p>Die Wood&#8217;s AC Cortina 12K AirSwitch wurde von LB Home 2025 als &#8218;Best in Test&#8216; ausgezeichnet. Sie ist eine Revolution im Bereich der tragbaren Klimaanlagen und basiert auf der mehrfachen Testsiegerin Cortina 12K, ist aber zus\u00e4tzlich mit der zum Patent angemeldeten AirSwitch\u2122-Technologie ausgestattet, die k\u00fchle Au\u00dfenluft verwendet, wenn die Au\u00dfentemperatur niedriger ist als die Innentemperatur. Dies sorgt f\u00fcr einen fl\u00fcsterleisen Betrieb und einen extrem niedrigen Energieverbrauch. Gleichzeitig wird die Luft immer durch einen HEPA-Filter gereinigt, der Partikel entfernt und frische Luft liefert, die den CO\u2082-Gehalt senkt. Alles f\u00fcr ein optimales Raumklima und perfekt f\u00fcr N\u00e4chte, in denen Sie k\u00fchl, sauber und gut schlafen m\u00f6chten, ohne st\u00f6renden L\u00e4rm.    <\/p>\n<h3>Wesentliche Merkmale<\/h3>\n\n<h3>So funktioniert AirSwitch:<\/h3>\n<ol>\n<li>Wenn die Au\u00dfentemperatur h\u00f6her ist als die gew\u00fcnschte Temperatur, k\u00fchlt der Kompressor den Raum effizient und reinigt die Luft durch einen HEPA-Filter.<\/li>\n<li><span style=\"color: #343433; font-family: Inter, sans-serif;\">Wenn die Au\u00dfentemperatur niedriger ist als die eingestellte Temperatur, schaltet AirSwitch automatisch um, um die k\u00fchlere Luft durch den HEPA-Filter von au\u00dfen hereinzuholen, ohne den Kompressor laufen zu lassen &#8211; leiser und energieeffizienter.<\/span><\/li>\n<\/ol>\n<h3>Erleben Sie den Unterschied:<\/h3>\n<p><strong>Ger\u00e4uschpegel: <\/strong>Kompressor-Modus: 49-64 dB im Vergleich zum AirSwitch-Modus: 34-38 dB<br \/>\n<strong>Energieverbrauch:<\/strong> Kompressor-Modus: 1350 W im Vergleich zum AirSwitch-Modus: 56 W<\/p>\n<h3>Zwei intelligente AirSwitch\u2122-Modi f\u00fcr optimale K\u00fchlung<\/h3>\n<p><strong>AirSwitch Auto &#8211;<\/strong> Schaltet automatisch zwischen der herk\u00f6mmlichen Kompressork\u00fchlung und der Zufuhr k\u00fchler Au\u00dfenluft um. Perfekt f\u00fcr N\u00e4chte, in denen die Au\u00dfentemperaturen fallen.<br \/>\n<strong>AirSwitch &#8211;<\/strong> Wenn die Au\u00dfentemperatur niedriger ist als die Innentemperatur, bringt die Klimaanlage st\u00e4ndig k\u00fchle Luft herein und k\u00fchlt den Raum effizient.<\/p>\n<h3>Sauberere und ges\u00fcndere Luft mit HEPA-Filter<\/h3>\n<p>Zus\u00e4tzlich zur effektiven K\u00fchlung bietet das Cortina 12K AirSwitch\u2122 Klimager\u00e4t auch eine fortschrittliche Luftreinigung. Die integrierte HEPA-Technologie f\u00e4ngt Staub, Pollen, Schimmelpilzsporen, Bakterien und sogar kleine Rauchpartikel ab, unabh\u00e4ngig davon, wie Sie k\u00fchlen. Das Ergebnis ist nicht nur eine angenehme Temperatur, sondern auch ein saubereres und ges\u00fcnderes Raumklima.  <\/p>\n<h3>Effektiver Komfort zu Hause und im B\u00fcro<\/h3>\n<p><strong>Schlafzimmer:<\/strong> Schlafen Sie k\u00fchl und ungest\u00f6rt dank der AirSwitch\u2122-Technologie, die f\u00fcr frische Luft und extrem leisen Betrieb sorgt.<br \/>\n<strong>Kinderzimmer: <\/strong>Stabile und gesunde Temperatur in Kombination mit sauberer Luft durch den HEPA-Filter.<br \/>\n<strong>Wohnzimmer:<\/strong> Sorgt im Sommer f\u00fcr K\u00fchle f\u00fcr die ganze Familie und das ganze Jahr \u00fcber f\u00fcr frische Luft.<br \/>\n<strong>B\u00fcro:<\/strong> Verbessert die Arbeitsumgebung und reduziert sowohl die Hitze als auch die Luftverschmutzung.<\/p>\n<h3>Reibungslos und benutzerfreundlich<\/h3>\n<p>Mit einem digitalen Touchpanel, einer Fernbedienung und einem kompletten Fensterset haben Sie die volle Kontrolle \u00fcber Ihr Raumklima.<\/p>\n<h3>Bis zu 6 Jahre Garantie<\/h3>\n<p>Wenn Sie Ihren AC Cortina 12K AirSwitch auf<a href=\"https:\/\/warranty-woods.com\"> warranty-woods.com<\/a> registrieren und den HEPA-Filter mindestens einmal im Jahr austauschen, k\u00f6nnen Sie die Garantie auf bis zu 6 Jahre verl\u00e4ngern.<\/p>\n<p>Entscheiden Sie sich f\u00fcr den AC Cortina 12K AirSwitch\u2122 von Wood f\u00fcr eine leisere, sauberere und energieeffizientere K\u00fchlung &#8211; jetzt von Ljud &amp; Bild als Bester im Test 2025 ausgezeichnet.<\/p>\n<p>&nbsp;<\/p>\n","protected":false},"excerpt":{"rendered":"<p>Das Wood&#8217;s AC Cortina 12K AirSwitch\u2122 ist ein preisgekr\u00f6ntes tragbares Klimager\u00e4t mit patentierter AirSwitch\u2122-Technologie. Wenn die Au\u00dfentemperatur k\u00fchler ist als die Innentemperatur, schaltet sich der Kompressor ab und der Ventilator saugt mit leisem Fl\u00fcstern k\u00fchle Luft von drau\u00dfen an &#8211; extrem leise und energieeffizient. Gleichzeitig wird die Luft durch einen integrierten HEPA-Filter gereinigt, der Pollen, Staub und Bakterien entfernt. K\u00fchlt effektiv bis zu 35 m\u00b2, Energieklasse A und 6 Jahre Garantie bei Registrierung.   <\/p>\n","protected":false},"featured_media":45675,"template":"","meta":{"_acf_changed":false},"product_brand":[],"product_cat":[4900,4891,4884,409],"product_tag":[2973,3962,3058,3056,3060],"class_list":{"0":"post-48245","1":"product","2":"type-product","3":"status-publish","4":"has-post-thumbnail","6":"product_cat-fur-buro","7":"product_cat-fur-schlafzimmer","8":"product_cat-fuer-wohnzimmer-und-wohnungen","9":"product_cat-klimaanlage","10":"product_tag-35-m-de","11":"product_tag-bester-im-test","12":"product_tag-mobile-klimaanlagen-fur-buros","13":"product_tag-mobile-klimaanlagen-fuer-schlafzimmer","14":"product_tag-mobile-klimaanlagen-fur-wohnzimmer","15":"splide__slide","17":"first","18":"instock","19":"taxable","20":"shipping-taxable","21":"product-type-simple"},"acf":[],"_links":{"self":[{"href":"https:\/\/woods.se\/de\/wp-json\/wp\/v2\/product\/48245","targetHints":{"allow":["GET"]}}],"collection":[{"href":"https:\/\/woods.se\/de\/wp-json\/wp\/v2\/product"}],"about":[{"href":"https:\/\/woods.se\/de\/wp-json\/wp\/v2\/types\/product"}],"wp:featuredmedia":[{"embeddable":true,"href":"https:\/\/woods.se\/de\/wp-json\/wp\/v2\/media\/45675"}],"wp:attachment":[{"href":"https:\/\/woods.se\/de\/wp-json\/wp\/v2\/media?parent=48245"}],"wp:term":[{"taxonomy":"product_brand","embeddable":true,"href":"https:\/\/woods.se\/de\/wp-json\/wp\/v2\/product_brand?post=48245"},{"taxonomy":"product_cat","embeddable":true,"href":"https:\/\/woods.se\/de\/wp-json\/wp\/v2\/product_cat?post=48245"},{"taxonomy":"product_tag","embeddable":true,"href":"https:\/\/woods.se\/de\/wp-json\/wp\/v2\/product_tag?post=48245"}],"curies":[{"name":"wp","href":"https:\/\/api.w.org\/{rel}","templated":true}]}}