{"id":48244,"date":"2025-01-03T11:39:05","date_gmt":"2025-01-03T10:39:05","guid":{"rendered":"https:\/\/stage.woods.se\/?post_type=product&#038;p=48244"},"modified":"2026-02-23T15:55:23","modified_gmt":"2026-02-23T14:55:23","slug":"woods-ac-cortina-12k-airswitch-smart-home-duo-a","status":"publish","type":"product","link":"https:\/\/woods.se\/de\/produkte\/klimaanlage\/fuer-wohnzimmer-und-wohnungen\/woods-ac-cortina-12k-airswitch-smart-home-duo-a\/","title":{"rendered":"Wood&#8217;s AC Cortina 12K AirSwitch Smart Home Duo A+"},"content":{"rendered":"<h2>Wood&#8217;s AC Cortina 12K AirSwitch\u2122<\/h2>\n<h3>\u00c4u\u00dferst leise und energieeffiziente K\u00fchlung mit HEPA-Reinigung<\/h3>\n<p>Das AC Cortina 12K AirSwitch Smart Home Duo A+ von Wood ist eine revolution\u00e4re L\u00f6sung f\u00fcr tragbare Klimaanlagen. Sie kann \u00fcber WiFi gesteuert werden, heizen und k\u00fchlen, ist aber auch mit der zum Patent angemeldeten, preisgekr\u00f6nten AirSwitch\u2122-Technologie ausgestattet, die es erm\u00f6glicht, den Raum mit k\u00fchler Au\u00dfenluft zu k\u00fchlen, wenn die Temperatur drau\u00dfen niedriger ist als drinnen. F\u00fcr fl\u00fcsterleisen Betrieb und konkurrenzlos niedrigen Energieverbrauch. Die Luft wird stets durch einen HEPA-Filter gereinigt und durch die st\u00e4ndige Zufuhr von frischem Sauerstoff wird auch der CO2-Gehalt reduziert. Alles f\u00fcr ein optimales Raumklima und perfekt f\u00fcr N\u00e4chte, in denen Sie k\u00fchl, sauber und gut schlafen m\u00f6chten, ohne st\u00f6rende Ger\u00e4usche.    <\/p>\n<h3>Wesentliche Merkmale<\/h3>\n\n<h3>So funktioniert AirSwitch:<\/h3>\n<p><strong>BILDER\/ILLUSTRATIONEN<\/strong><\/p>\n<ol>\n<li>Wenn die Au\u00dfentemperatur h\u00f6her ist als die gew\u00fcnschte Temperatur, k\u00fchlt der Kompressor den Raum effizient und reinigt die Luft durch einen HEPA-Filter.<\/li>\n<li><span style=\"color: #343433; font-family: Inter, sans-serif;\">Wenn die Au\u00dfentemperatur niedriger ist als die eingestellte Temperatur, schaltet AirSwitch automatisch um, um die k\u00fchlere Luft durch den HEPA-Filter von au\u00dfen hereinzuholen, ohne den Kompressor laufen zu lassen &#8211; leiser und energieeffizienter.<\/span><\/li>\n<\/ol>\n<h3>Erleben Sie den Unterschied:<\/h3>\n<p><strong>Ger\u00e4uschpegel: <\/strong>Kompressor-Modus: 49-52 dB im Vergleich zum AirSwitch-Modus: 34-38 dB<br \/>\n<strong>Energieverbrauch: <\/strong>Kompressor-Modus: 1120 W im Vergleich zum AirSwitch-Modus: 32 W<\/p>\n<h3>Zwei intelligente AirSwitch\u2122-Modi f\u00fcr optimale K\u00fchlung<\/h3>\n<ul>\n<li><strong>AirSwitch Auto &#8211;<\/strong> Schaltet automatisch zwischen der herk\u00f6mmlichen Kompressork\u00fchlung und der Zufuhr k\u00fchler Au\u00dfenluft um. Perfekt f\u00fcr N\u00e4chte, in denen die Au\u00dfentemperaturen fallen. <\/li>\n<li><strong>AirSwitch &#8211;<\/strong> Wenn die Au\u00dfentemperatur niedriger ist als die Innentemperatur, bringt die Klimaanlage st\u00e4ndig k\u00fchle Luft herein und k\u00fchlt den Raum effizient.<\/li>\n<\/ul>\n<h3>Sauberere und ges\u00fcndere Luft mit HEPA-Filter<\/h3>\n<p>Zus\u00e4tzlich zur effektiven K\u00fchlung bietet das Cortina 12K AirSwitch\u2122 Klimager\u00e4t auch eine fortschrittliche Luftreinigung. Die integrierte HEPA-Technologie f\u00e4ngt Staub, Pollen, Schimmelpilzsporen, Bakterien und sogar kleine Rauchpartikel ab, unabh\u00e4ngig davon, wie Sie k\u00fchlen. Das Ergebnis ist nicht nur eine angenehme Temperatur, sondern auch ein saubereres und ges\u00fcnderes Raumklima.  <\/p>\n<h3>Effektiver Komfort zu Hause und im B\u00fcro<\/h3>\n<p><strong>Schlafzimmer: <\/strong>Schlafen Sie k\u00fchl und ungest\u00f6rt dank der AirSwitch\u2122-Technologie, die f\u00fcr frische Luft und extrem leisen Betrieb sorgt.<br \/>\n<strong>Kinderzimmer: <\/strong>Stabile und gesunde Temperatur in Kombination mit sauberer Luft durch den HEPA-Filter.<br \/>\n<strong>Wohnzimmer:<\/strong> Sorgt im Sommer f\u00fcr K\u00fchle f\u00fcr die ganze Familie und das ganze Jahr \u00fcber f\u00fcr frische Luft.<br \/>\n<strong>B\u00fcro:<\/strong> Verbessert die Arbeitsumgebung und reduziert sowohl die Hitze als auch die Luftverschmutzung.<\/p>\n<h3>Duo-Funktion &#8211; k\u00fchlt und heizt das ganze Jahr \u00fcber<\/h3>\n<p>Das Wood AC Cortina 12K AirSwitch Smart Home Duo A+ k\u00fchlt genauso gut wie es heizt. Sie stellen die gew\u00fcnschte Temperatur ein und das Ger\u00e4t passt das Klima automatisch an. So k\u00f6nnen Sie es das ganze Jahr \u00fcber nutzen &#8211; egal ob es eine Hitzewelle oder einen kalten Winter gibt. <\/p>\n<h3>Reibungslos, intelligent und benutzerfreundlich<\/h3>\n<p>Mit der WiFi\/Smart Home-Unterst\u00fctzung k\u00f6nnen Sie Ihr Ger\u00e4t aus der Ferne steuern und nach Hause kommen, um ein angenehmes Raumklima zu genie\u00dfen. Digitales Touchpanel, Fernbedienung, waschbarer HEPA-Filter und komplettes Fensterset im Lieferumfang enthalten. Das Ger\u00e4t hat au\u00dferdem R\u00e4der f\u00fcr einen einfachen Transport.  <\/p>\n<h3>Bis zu 6 Jahre Garantie<\/h3>\n<p>Wenn Sie Ihren AC Cortina 12K AirSwitch Smart Home Duo A+ bei warranty-woods.com registrieren und den HEPA-Filter mindestens einmal im Jahr austauschen, k\u00f6nnen Sie die Garantie auf bis zu 6 Jahre verl\u00e4ngern.<\/p>\n<p>W\u00e4hlen Sie den Wood&#8217;s AC Cortina 12K AirSwitch Smart Home Duo A+ f\u00fcr leiseren, intelligenteren und energieeffizienteren Komfort &#8211; das ganze Jahr \u00fcber.<\/p>\n","protected":false},"excerpt":{"rendered":"<p>Das Woods AC Cortina 12K AirSwitch Smart Home Duo A+ ist die ultimative L\u00f6sung f\u00fcr eine tragbare Klimatisierung. Mit der preisgekr\u00f6nten AirSwitch\u2122-Technologie k\u00fchlt es fl\u00fcsterleise und energieeffizient, indem es k\u00fchle Au\u00dfenluft nutzt, w\u00e4hrend der HEPA-Filter gleichzeitig die Luft von Staub, Pollen und Bakterien reinigt. Ausgestattet mit WiFi\/Smart Home Steuerung, k\u00fchlt und heizt er R\u00e4ume bis zu 35 m\u00b2, Energieklasse A+ und 6 Jahre Garantie bei Registrierung.  <\/p>\n","protected":false},"featured_media":45675,"template":"","meta":{"_acf_changed":false},"product_brand":[],"product_cat":[4900,4891,4884,409],"product_tag":[2973,2998,401,3058,3056,3060,407,403],"class_list":{"0":"post-48244","1":"product","2":"type-product","3":"status-publish","4":"has-post-thumbnail","6":"product_cat-fur-buro","7":"product_cat-fur-schlafzimmer","8":"product_cat-fuer-wohnzimmer-und-wohnungen","9":"product_cat-klimaanlage","10":"product_tag-35-m-de","11":"product_tag-a-de","12":"product_tag-duo-de","13":"product_tag-mobile-klimaanlagen-fur-buros","14":"product_tag-mobile-klimaanlagen-fuer-schlafzimmer","15":"product_tag-mobile-klimaanlagen-fur-wohnzimmer","16":"product_tag-smart-home-de","17":"product_tag-wlan","18":"splide__slide","20":"first","21":"instock","22":"taxable","23":"shipping-taxable","24":"product-type-simple"},"acf":[],"_links":{"self":[{"href":"https:\/\/woods.se\/de\/wp-json\/wp\/v2\/product\/48244","targetHints":{"allow":["GET"]}}],"collection":[{"href":"https:\/\/woods.se\/de\/wp-json\/wp\/v2\/product"}],"about":[{"href":"https:\/\/woods.se\/de\/wp-json\/wp\/v2\/types\/product"}],"wp:featuredmedia":[{"embeddable":true,"href":"https:\/\/woods.se\/de\/wp-json\/wp\/v2\/media\/45675"}],"wp:attachment":[{"href":"https:\/\/woods.se\/de\/wp-json\/wp\/v2\/media?parent=48244"}],"wp:term":[{"taxonomy":"product_brand","embeddable":true,"href":"https:\/\/woods.se\/de\/wp-json\/wp\/v2\/product_brand?post=48244"},{"taxonomy":"product_cat","embeddable":true,"href":"https:\/\/woods.se\/de\/wp-json\/wp\/v2\/product_cat?post=48244"},{"taxonomy":"product_tag","embeddable":true,"href":"https:\/\/woods.se\/de\/wp-json\/wp\/v2\/product_tag?post=48244"}],"curies":[{"name":"wp","href":"https:\/\/api.w.org\/{rel}","templated":true}]}}