{"id":48239,"date":"2025-09-10T10:37:34","date_gmt":"2025-09-10T08:37:34","guid":{"rendered":"https:\/\/stage.woods.se\/?post_type=product&#038;p=48239"},"modified":"2025-09-15T16:04:18","modified_gmt":"2025-09-15T14:04:18","slug":"woods-ac-palermo-18k","status":"publish","type":"product","link":"https:\/\/woods.se\/de\/produkte\/klimaanlage\/fur-buro\/woods-ac-palermo-18k\/","title":{"rendered":"Wood&#8217;s AC Palermo 18K"},"content":{"rendered":"<h2>Wood&#8217;s AC Palermo 18K<\/h2>\n<h3>Sehr leistungsstarke K\u00fchlung f\u00fcr gro\u00dfe R\u00e4ume<\/h3>\n<p>Das AC Palermo 18K von Wood ist ein sehr leistungsstarkes tragbares Klimager\u00e4t, das die Temperatur in R\u00e4umen bis zu 53 m\u00b2 schnell senkt. Mit einer K\u00fchlleistung von 18.000 BTU (5,3 kW) und einem hohen Luftstrom ist es ideal f\u00fcr Wohn- und Arbeitsbereiche, in denen es auf zuverl\u00e4ssige Leistung ankommt.<\/p>\n<h3>Wesentliche Merkmale<\/h3>\n\n<h3>Schnelle und effiziente K\u00fchlung<\/h3>\n<p>Der AC Palermo 18K ist so konstruiert, dass er auch an den hei\u00dfesten Tagen hohe Leistung bringt. Mit drei Gebl\u00e4sestufen und einem breiten Temperaturbereich k\u00f6nnen Sie die K\u00fchlung an Ihre Bed\u00fcrfnisse anpassen. Ganz gleich, ob Sie ein gro\u00dfes Wohnzimmer oder eine Werkstatt k\u00fchlen oder eine konstante Temperatur im B\u00fcro aufrechterhalten m\u00f6chten, der Palermo 18K liefert zuverl\u00e4ssige Ergebnisse.<\/p>\n<h3>Effiziente K\u00fchlung f\u00fcr unterschiedliche Umgebungen<\/h3>\n<p><strong>B\u00fcror\u00e4ume und Arbeitsst\u00e4tten:<\/strong> Schafft ein angenehmes und produktives Klima auch in offenen R\u00e4umen.<br \/>\n<strong>Serverr\u00e4ume: <\/strong>Verhindert die \u00dcberhitzung von empfindlichen Ger\u00e4ten.<br \/>\n<strong>Gesch\u00e4fte:<\/strong> Tr\u00e4gt zu einer k\u00fchlen und angenehmen Umgebung bei, die die Kunden zufriedener und kauffreudiger macht.<br \/>\n<strong>Konferenzr\u00e4ume:<\/strong> Sorgt f\u00fcr eine stabile und angenehme Temperatur bei Meetings und Veranstaltungen.<\/p>\n<h3>Einfach zu benutzen und zu bewegen<\/h3>\n<p>Der AC Palermo 18K verf\u00fcgt \u00fcber ein intuitives digitales Touchpanel, mit dem er sich leicht bedienen l\u00e4sst. Dank seiner leichtg\u00e4ngigen Rollen l\u00e4sst er sich einfach dorthin bewegen, wo er am meisten gebraucht wird. Das mitgelieferte Fensterset erm\u00f6glicht eine schnelle und einfache Installation ohne dauerhafte \u00c4nderungen &#8211; die warme Luft wird effizient durch ein Fenster abgef\u00fchrt.<\/p>\n","protected":false},"excerpt":{"rendered":"<p>Das AC Palermo 18K von Wood ist ein sehr leistungsf\u00e4higes, tragbares Klimager\u00e4t, das hohe Kapazit\u00e4t mit Benutzerfreundlichkeit verbindet. Mit einer K\u00fchlleistung von 18.000 BTU (5,3 kW) und einem Luftstrom von 950 m\u00b3\/h k\u00fchlt es schnell und effizient R\u00e4ume bis zu 53 m\u00b2. Perfekt f\u00fcr B\u00fcros, Gesch\u00e4fte, Serverr\u00e4ume oder gr\u00f6\u00dfere Wohnungen. Mit seinem digitalen Touchpanel, dem mitgelieferten Fensterset und den R\u00e4dern, mit denen er sich leicht zwischen verschiedenen R\u00e4umen bewegen l\u00e4sst, ist er einfach zu bedienen.<\/p>\n","protected":false},"featured_media":46291,"template":"","meta":{"_acf_changed":false},"product_brand":[],"product_cat":[4900,409],"product_tag":[2989,3058],"class_list":{"0":"post-48239","1":"product","2":"type-product","3":"status-publish","4":"has-post-thumbnail","6":"product_cat-fur-buro","7":"product_cat-klimaanlage","8":"product_tag-53-m-de","9":"product_tag-mobile-klimaanlagen-fur-buros","10":"product_shipping_class-high","11":"splide__slide","13":"first","14":"instock","15":"taxable","16":"shipping-taxable","17":"product-type-simple"},"acf":[],"_links":{"self":[{"href":"https:\/\/woods.se\/de\/wp-json\/wp\/v2\/product\/48239","targetHints":{"allow":["GET"]}}],"collection":[{"href":"https:\/\/woods.se\/de\/wp-json\/wp\/v2\/product"}],"about":[{"href":"https:\/\/woods.se\/de\/wp-json\/wp\/v2\/types\/product"}],"wp:featuredmedia":[{"embeddable":true,"href":"https:\/\/woods.se\/de\/wp-json\/wp\/v2\/media\/46291"}],"wp:attachment":[{"href":"https:\/\/woods.se\/de\/wp-json\/wp\/v2\/media?parent=48239"}],"wp:term":[{"taxonomy":"product_brand","embeddable":true,"href":"https:\/\/woods.se\/de\/wp-json\/wp\/v2\/product_brand?post=48239"},{"taxonomy":"product_cat","embeddable":true,"href":"https:\/\/woods.se\/de\/wp-json\/wp\/v2\/product_cat?post=48239"},{"taxonomy":"product_tag","embeddable":true,"href":"https:\/\/woods.se\/de\/wp-json\/wp\/v2\/product_tag?post=48239"}],"curies":[{"name":"wp","href":"https:\/\/api.w.org\/{rel}","templated":true}]}}