{"id":48235,"date":"2024-12-12T11:14:23","date_gmt":"2024-12-12T10:14:23","guid":{"rendered":"https:\/\/stage.woods.se\/?post_type=product&#038;p=48235"},"modified":"2025-09-15T16:04:17","modified_gmt":"2025-09-15T14:04:17","slug":"woods-ac-cortina-12k-duo","status":"publish","type":"product","link":"https:\/\/woods.se\/de\/produkte\/klimaanlage\/fuer-wohnzimmer-und-wohnungen\/woods-ac-cortina-12k-duo\/","title":{"rendered":"Wood&#8217;s AC Cortina 12K Duo"},"content":{"rendered":"<h2>Wood&#8217;s AC Cortina 12K Duo<\/h2>\n<h3>Tragbare Klimaanlage und Heizung f\u00fcr ganzj\u00e4hrigen Komfort<\/h3>\n<p>Das AC Cortina 12K Duo von Wood ist eine vielseitige und leistungsstarke Raumklimal\u00f6sung, die f\u00fcr den ganzj\u00e4hrigen Einsatz entwickelt wurde. Sie k\u00fchlt ebenso effizient wie sie heizt und ist damit eine flexible Wahl f\u00fcr Wohnungen und B\u00fcros. Mit einer K\u00fchlleistung von 12.000 BTU (3,5 kW) und einer Heizleistung von 3000 W ist es ideal f\u00fcr R\u00e4ume bis zu 35 m\u00b2.<\/p>\n<h3>Wesentliche Merkmale<\/h3>\n\n<h3>Effektiver Komfort das ganze Jahr \u00fcber<\/h3>\n<p><strong>Schlafzimmer:<\/strong> K\u00fchlt im Sommer und heizt im Winter &#8211; immer die richtige Temperatur f\u00fcr einen erholsamen Schlaf.<br \/>\n<strong>Kinderzimmer: <\/strong>Schafft ein sicheres und stabiles Raumklima unabh\u00e4ngig von der Jahreszeit.<br \/>\n<strong>Wohnzimmer:<\/strong> Sorgt f\u00fcr K\u00fchle an hei\u00dfen Sommertagen und W\u00e4rme an k\u00fchlen Abenden.<br \/>\n<strong>B\u00fcro:<\/strong> Macht die Arbeitsumgebung das ganze Jahr \u00fcber komfortabel und produktiv.<\/p>\n<h3>Leise und energieeffizient<\/h3>\n<p>Trotz seiner starken Leistung hat der Wood AC Cortina 12K Duo einen niedrigen Ger\u00e4uschpegel von nur 53,5 dB und die Energieklasse A. Er kann auch bei hohen Temperaturen von bis zu 43\u00b0C betrieben werden, was ihn auch bei extremer Sommerhitze zuverl\u00e4ssig macht.<\/p>\n<h3>Reibungslos und benutzerfreundlich<\/h3>\n<p>Der AC Cortina 12K Duo wird mit einem digitalen Touchpanel, einem waschbaren Filter, einer Fernbedienung und einem kompletten Fensterset f\u00fcr eine einfache Installation geliefert. Dank der leichtg\u00e4ngigen R\u00e4der k\u00f6nnen Sie das Ger\u00e4t einfach dorthin bewegen, wo es ben\u00f6tigt wird. Bei Registrierung wird die Garantie von 2 auf 3 Jahre verl\u00e4ngert.<\/p>\n<p>W\u00e4hlen Sie den AC Cortina 12K Duo von Wood f\u00fcr ein flexibles und komfortables Raumklima &#8211; das ganze Jahr \u00fcber.<\/p>\n<p>&nbsp;<\/p>\n","protected":false},"excerpt":{"rendered":"<p>Die Wood&#8217;s AC Cortina 12K Duo ist eine tragbare Klimaanlage und Heizung in einem &#8211; perfekt f\u00fcr den ganzj\u00e4hrigen Einsatz. Mit einer K\u00fchlleistung von 12.000 BTU (3,5 kW) und einer Heizleistung von 3000 W ist es ideal f\u00fcr R\u00e4ume bis zu 35 m\u00b2. Mit drei Gebl\u00e4semodi, einem Luftstrom von 420 m\u00b3\/h und einem niedrigen Ger\u00e4uschpegel von nur 53,5 dB sorgen Sie f\u00fcr ein angenehmes Raumklima in Ihrem Zuhause und im B\u00fcro. Einfach \u00fcber das digitale Touchpanel oder die Fernbedienung zu steuern.<\/p>\n","protected":false},"featured_media":45846,"template":"","meta":{"_acf_changed":false},"product_brand":[],"product_cat":[4900,4891,4884,409],"product_tag":[2973,401,3058,3056,3060],"class_list":{"0":"post-48235","1":"product","2":"type-product","3":"status-publish","4":"has-post-thumbnail","6":"product_cat-fur-buro","7":"product_cat-fur-schlafzimmer","8":"product_cat-fuer-wohnzimmer-und-wohnungen","9":"product_cat-klimaanlage","10":"product_tag-35-m-de","11":"product_tag-duo-de","12":"product_tag-mobile-klimaanlagen-fur-buros","13":"product_tag-mobile-klimaanlagen-fuer-schlafzimmer","14":"product_tag-mobile-klimaanlagen-fur-wohnzimmer","15":"splide__slide","17":"first","18":"outofstock","19":"taxable","20":"shipping-taxable","21":"product-type-simple"},"acf":[],"_links":{"self":[{"href":"https:\/\/woods.se\/de\/wp-json\/wp\/v2\/product\/48235","targetHints":{"allow":["GET"]}}],"collection":[{"href":"https:\/\/woods.se\/de\/wp-json\/wp\/v2\/product"}],"about":[{"href":"https:\/\/woods.se\/de\/wp-json\/wp\/v2\/types\/product"}],"wp:featuredmedia":[{"embeddable":true,"href":"https:\/\/woods.se\/de\/wp-json\/wp\/v2\/media\/45846"}],"wp:attachment":[{"href":"https:\/\/woods.se\/de\/wp-json\/wp\/v2\/media?parent=48235"}],"wp:term":[{"taxonomy":"product_brand","embeddable":true,"href":"https:\/\/woods.se\/de\/wp-json\/wp\/v2\/product_brand?post=48235"},{"taxonomy":"product_cat","embeddable":true,"href":"https:\/\/woods.se\/de\/wp-json\/wp\/v2\/product_cat?post=48235"},{"taxonomy":"product_tag","embeddable":true,"href":"https:\/\/woods.se\/de\/wp-json\/wp\/v2\/product_tag?post=48235"}],"curies":[{"name":"wp","href":"https:\/\/api.w.org\/{rel}","templated":true}]}}