{"id":48234,"date":"2024-12-12T11:13:56","date_gmt":"2024-12-12T10:13:56","guid":{"rendered":"https:\/\/stage.woods.se\/?post_type=product&#038;p=48234"},"modified":"2026-01-16T12:06:47","modified_gmt":"2026-01-16T11:06:47","slug":"woods-ac-cortina-12k","status":"publish","type":"product","link":"https:\/\/woods.se\/de\/produkte\/klimaanlage\/fuer-wohnzimmer-und-wohnungen\/woods-ac-cortina-12k\/","title":{"rendered":"Wood&#8217;s AC Cortina 12K"},"content":{"rendered":"<h2>Wood&#8217;s AC Cortina 12K<\/h2>\n<h3>Preisgekr\u00f6ntes tragbares AC mit hoher Leistung<\/h3>\n<p>Der AC Cortina 12K von Wood wurde wiederholt als Testsieger ausgezeichnet &#8211; unter anderem sechsmal von Aftonbladet. Mit einer K\u00fchlleistung von 12.000 BTU (3,5 kW) k\u00fchlt er schnell und effizient R\u00e4ume bis zu 35 m\u00b2 und ist damit perfekt f\u00fcr den Einsatz zu Hause und im B\u00fcro. <\/p>\n<h3>Wesentliche Merkmale<\/h3>\n\n<h3>Effektive K\u00fchlung zu Hause und im B\u00fcro<\/h3>\n<p><strong>Schlafzimmer: <\/strong>Ger\u00e4uscharmer Betrieb und effektive K\u00fchlung sorgen auch in warmen N\u00e4chten f\u00fcr einen erholsamen Schlaf.<br \/>\n<strong>Kinderzimmer:<\/strong> Schafft eine angenehme und stabile Temperatur f\u00fcr ein sichereres Raumklima.<br \/>\n<strong>Wohnzimmer:<\/strong> H\u00e4lt die ganze Familie an hei\u00dfen Sommertagen k\u00fchl.<br \/>\n<strong>B\u00fcro:<\/strong> Verbessert die Arbeitsumgebung und macht es einfacher, konzentriert zu bleiben, auch wenn die Temperatur steigt.<\/p>\n<h3>Leise und energieeffizient<\/h3>\n<p>Mit seinen drei L\u00fcftermodi und einem niedrigen Ger\u00e4uschpegel von nur 53,5 dB k\u00f6nnen Sie die K\u00fchlung ganz einfach an Ihre Bed\u00fcrfnisse anpassen &#8211; vom leisen Betrieb im Schlafzimmer bis zur h\u00f6heren Leistung w\u00e4hrend der hei\u00dfesten Stunden des Tages. Trotz seiner starken Leistung ist der AC Cortina 12K mit der Energieklasse A sehr energieeffizient und arbeitet selbst bei Temperaturen von bis zu 43\u00b0C reibungslos. <\/p>\n<h3>Reibungslos und benutzerfreundlich<\/h3>\n<p>F\u00fcr zus\u00e4tzlichen Komfort ist er mit einem digitalen Touchpanel, einem waschbaren Filter, einer Fernbedienung und einem kompletten Fensterset ausgestattet, das die Installation einfach und problemlos macht. Au\u00dferdem verf\u00fcgt er \u00fcber R\u00e4der, mit denen Sie das Ger\u00e4t ganz einfach dorthin bewegen k\u00f6nnen, wo Sie es haben m\u00f6chten. Wenn Sie Ihr Produkt registrieren, verl\u00e4ngern Sie die Garantie von 2 auf 3 Jahre.  <\/p>\n<p>Entscheiden Sie sich f\u00fcr den AC Cortina 12K von Wood, wenn Sie eine preisgekr\u00f6nte K\u00fchlung f\u00fcr Ihr Zuhause oder Ihren Arbeitsplatz w\u00fcnschen.<\/p>\n","protected":false},"excerpt":{"rendered":"<p>Das AC Cortina 12K von Wood ist ein preisgekr\u00f6ntes tragbares Klimager\u00e4t, das in vielen L\u00e4ndern als Testsieger ausgezeichnet wurde &#8211; unter anderem sechsmal im Aftonbladet. Mit einer K\u00fchlleistung von 12.000 BTU (3,5 kW) k\u00fchlt es effektiv R\u00e4ume bis zu 35 m\u00b2. Er verf\u00fcgt \u00fcber drei Gebl\u00e4semodi, einen Luftstrom von 420 m\u00b3\/h und einen niedrigen Ger\u00e4uschpegel von 53,5 dB. Er ist energieeffizient mit der Energieklasse A und l\u00e4sst sich \u00fcber ein digitales Touchpanel, eine Fernbedienung oder das mitgelieferte Fensterset einfach steuern.   <\/p>\n","protected":false},"featured_media":45846,"template":"","meta":{"_acf_changed":false},"product_brand":[],"product_cat":[4900,4891,4884,409],"product_tag":[2973,3962,3058,3056,3060],"class_list":{"0":"post-48234","1":"product","2":"type-product","3":"status-publish","4":"has-post-thumbnail","6":"product_cat-fur-buro","7":"product_cat-fur-schlafzimmer","8":"product_cat-fuer-wohnzimmer-und-wohnungen","9":"product_cat-klimaanlage","10":"product_tag-35-m-de","11":"product_tag-bester-im-test","12":"product_tag-mobile-klimaanlagen-fur-buros","13":"product_tag-mobile-klimaanlagen-fuer-schlafzimmer","14":"product_tag-mobile-klimaanlagen-fur-wohnzimmer","15":"product_shipping_class-high","16":"splide__slide","18":"first","19":"instock","20":"taxable","21":"shipping-taxable","22":"product-type-simple"},"acf":[],"_links":{"self":[{"href":"https:\/\/woods.se\/de\/wp-json\/wp\/v2\/product\/48234","targetHints":{"allow":["GET"]}}],"collection":[{"href":"https:\/\/woods.se\/de\/wp-json\/wp\/v2\/product"}],"about":[{"href":"https:\/\/woods.se\/de\/wp-json\/wp\/v2\/types\/product"}],"wp:featuredmedia":[{"embeddable":true,"href":"https:\/\/woods.se\/de\/wp-json\/wp\/v2\/media\/45846"}],"wp:attachment":[{"href":"https:\/\/woods.se\/de\/wp-json\/wp\/v2\/media?parent=48234"}],"wp:term":[{"taxonomy":"product_brand","embeddable":true,"href":"https:\/\/woods.se\/de\/wp-json\/wp\/v2\/product_brand?post=48234"},{"taxonomy":"product_cat","embeddable":true,"href":"https:\/\/woods.se\/de\/wp-json\/wp\/v2\/product_cat?post=48234"},{"taxonomy":"product_tag","embeddable":true,"href":"https:\/\/woods.se\/de\/wp-json\/wp\/v2\/product_tag?post=48234"}],"curies":[{"name":"wp","href":"https:\/\/api.w.org\/{rel}","templated":true}]}}