{"id":48218,"date":"2024-12-11T15:25:10","date_gmt":"2024-12-11T14:25:10","guid":{"rendered":"https:\/\/stage.woods.se\/?post_type=product&#038;p=48218"},"modified":"2026-02-11T14:40:40","modified_gmt":"2026-02-11T13:40:40","slug":"woods-ac-milan-7k","status":"publish","type":"product","link":"https:\/\/woods.se\/de\/produkte\/klimaanlage\/fur-kinderzimmer\/woods-ac-milan-7k\/","title":{"rendered":"Wood&#8217;s AC Milan 7K"},"content":{"rendered":"<h2>Wood&#8217;s AC Milan 7K<\/h2>\n<h3>Kompaktes und leises Klimager\u00e4t f\u00fcr kleinere R\u00e4ume<\/h3>\n<p>Wood&#8217;s AC Milan 7K ist ein tragbares Klimager\u00e4t, das effektive K\u00fchlung mit einem kompakten Design und einem niedrigen Ger\u00e4uschpegel kombiniert. Mit einer K\u00fchlleistung von 7000 BTU (2 kW) k\u00fchlt es schnell R\u00e4ume bis zu 20 m\u00b2 und ist damit ideal f\u00fcr den Haushalt &#8211; von Schlaf- und Kinderzimmern bis hin zu Wohnr\u00e4umen.<\/p>\n<h3>Wesentliche Merkmale<\/h3>\n\n<h3>K\u00fchlt die kleineren R\u00e4ume in Ihrer Wohnung:<\/h3>\n<p>Schlafzimmer: Der niedrige Ger\u00e4uschpegel, vor allem in der niedrigsten Ventilatorstufe, erm\u00f6glicht Ihnen einen k\u00fchlen und ungest\u00f6rten Schlaf.<br \/>\nKinderzimmer: Sorgt f\u00fcr eine gleichm\u00e4\u00dfige und angenehme Temperatur, die das Raumklima f\u00fcr Kinder sicherer macht.<br \/>\nWohnzimmer: Schafft an hei\u00dfen Tagen eine k\u00fchle und komfortable Umgebung f\u00fcr die ganze Familie.<\/p>\n<h3>Reibungslos und benutzerfreundlich<\/h3>\n<p>Der Milan 7K ist leicht zu bewegen und mit dem mitgelieferten Fensterset einfach zu installieren. Mit dem intuitiven digitalen Touchpanel k\u00f6nnen Sie die Einstellungen leicht vornehmen, w\u00e4hrend die Fernbedienung Ihnen die volle Kontrolle von Ihrem Sofa oder Schreibtisch aus erm\u00f6glicht.<\/p>\n<h3>Ruhig und komfortabel<\/h3>\n<p>Mit zwei L\u00fcftermodi und einem Ger\u00e4uschpegel von nur 52 dB bei maximaler Leistung arbeitet der AC Milan 7K diskret und eignet sich daher besonders f\u00fcr kleinere Schlafzimmer oder Kinderzimmer, in denen eine K\u00fchlung ohne st\u00f6renden L\u00e4rm ben\u00f6tigt wird.<\/p>\n<h3>Hohe Bewertungen in Tests<\/h3>\n<p>Wood&#8217;s AC Milan 7K kombiniert Leistung, einen niedrigen Ger\u00e4uschpegel und ein benutzerfreundliches Design. Der auswaschbare Filter ist einfach zu warten und h\u00e4lt die Luft sauber.<\/p>\n","protected":false},"excerpt":{"rendered":"<p>Der AC Milan 7K von Wood ist ein kleines, handliches und leises tragbares Klimager\u00e4t. Mit 7000 BTU (2 kW) k\u00fchlt es effektiv R\u00e4ume bis zu 20 m\u00b2, perfekt f\u00fcr kleinere Schlafzimmer, Kinderzimmer, Wohnr\u00e4ume oder kleine B\u00fcros. Es hat einen niedrigen Ger\u00e4uschpegel von maximal 52 dB, einen auswaschbaren Filter und einen Luftstrom von 350 m\u00b3\/h. Einfach zu bedienen dank des digitalen Touchpanels, der Fernbedienung und des mitgelieferten Fenstersets.<\/p>\n","protected":false},"featured_media":46180,"template":"","meta":{"_acf_changed":false},"product_brand":[],"product_cat":[4894,409],"product_tag":[2962,3059],"class_list":{"0":"post-48218","1":"product","2":"type-product","3":"status-publish","4":"has-post-thumbnail","6":"product_cat-fur-kinderzimmer","7":"product_cat-klimaanlage","8":"product_tag-20-m-de","9":"product_tag-mobile-klimaanlagen-fur-kleinere-schlafzimmer","10":"splide__slide","12":"first","13":"instock","14":"taxable","15":"shipping-taxable","16":"product-type-simple"},"acf":[],"_links":{"self":[{"href":"https:\/\/woods.se\/de\/wp-json\/wp\/v2\/product\/48218","targetHints":{"allow":["GET"]}}],"collection":[{"href":"https:\/\/woods.se\/de\/wp-json\/wp\/v2\/product"}],"about":[{"href":"https:\/\/woods.se\/de\/wp-json\/wp\/v2\/types\/product"}],"wp:featuredmedia":[{"embeddable":true,"href":"https:\/\/woods.se\/de\/wp-json\/wp\/v2\/media\/46180"}],"wp:attachment":[{"href":"https:\/\/woods.se\/de\/wp-json\/wp\/v2\/media?parent=48218"}],"wp:term":[{"taxonomy":"product_brand","embeddable":true,"href":"https:\/\/woods.se\/de\/wp-json\/wp\/v2\/product_brand?post=48218"},{"taxonomy":"product_cat","embeddable":true,"href":"https:\/\/woods.se\/de\/wp-json\/wp\/v2\/product_cat?post=48218"},{"taxonomy":"product_tag","embeddable":true,"href":"https:\/\/woods.se\/de\/wp-json\/wp\/v2\/product_tag?post=48218"}],"curies":[{"name":"wp","href":"https:\/\/api.w.org\/{rel}","templated":true}]}}