{"id":48215,"date":"2024-12-11T10:48:30","date_gmt":"2024-12-11T09:48:30","guid":{"rendered":"https:\/\/stage.woods.se\/?post_type=product&#038;p=48215"},"modified":"2026-02-23T15:41:55","modified_gmt":"2026-02-23T14:41:55","slug":"woods-ac-cortina-12k-smart-home","status":"publish","type":"product","link":"https:\/\/woods.se\/de\/produkte\/klimaanlage\/fuer-wohnzimmer-und-wohnungen\/woods-ac-cortina-12k-smart-home\/","title":{"rendered":"Wood&#8217;s AC Cortina 12K Smart Home"},"content":{"rendered":"<h2>Wood&#8217;s AC Cortina 12K Smart Home<\/h2>\n<h3>Preisgekr\u00f6nte tragbare Klimaanlage mit hoher Leistung und intelligenter Steuerung<\/h3>\n<p>Der AC Cortina 12K Smart Home von Wood wurde wiederholt als Testsieger ausgezeichnet. Mit einer K\u00fchlleistung von 12.000 BTU (3,5 kW) k\u00fchlt er schnell und effizient R\u00e4ume bis zu 35 m\u00b2 und ist damit perfekt f\u00fcr den Einsatz zu Hause und im B\u00fcro. <\/p>\n<h3>Wesentliche Merkmale<\/h3>\n\n<h3>Effektive K\u00fchlung zu Hause und im B\u00fcro<\/h3>\n<p><strong>Schlafzimmer:<\/strong> Ger\u00e4uscharmer Betrieb und effektive K\u00fchlung sorgen auch in warmen N\u00e4chten f\u00fcr einen erholsamen Schlaf.<br \/>\n<strong>Kinderzimmer:<\/strong> Schafft eine angenehme und stabile Temperatur f\u00fcr ein sichereres Raumklima.<br \/>\n<strong>Wohnzimmer:<\/strong> H\u00e4lt die ganze Familie an hei\u00dfen Sommertagen k\u00fchl.<br \/>\n<strong>B\u00fcro:<\/strong> Verbessert die Arbeitsumgebung und macht es einfacher, konzentriert zu bleiben, auch wenn die Temperatur steigt.<\/p>\n<h3>Leise und energieeffizient<\/h3>\n<p>Mit seinen drei L\u00fcftergeschwindigkeiten und einem niedrigen Ger\u00e4uschpegel von nur 53,5 dB k\u00f6nnen Sie die K\u00fchlung ganz einfach an Ihre Bed\u00fcrfnisse anpassen &#8211; vom leisen Betrieb im Schlafzimmer bis hin zu h\u00f6herer Leistung w\u00e4hrend der hei\u00dfesten Stunden des Tages. Trotz seiner starken Leistung ist der AC Cortina 12K Smart Home mit der Energieklasse A sehr energieeffizient und arbeitet selbst bei Temperaturen von bis zu 43\u00b0C reibungslos. <\/p>\n<h3>Reibungslos, intelligent und benutzerfreundlich<\/h3>\n<p>F\u00fcr zus\u00e4tzlichen Komfort ist er mit WiFi\/Smart Home ausgestattet und kann \u00fcber die Wood&#8217;s Connect App und mit Smart Home L\u00f6sungen wie Google Home und Alexa gesteuert werden, so dass Sie die K\u00fchlung starten k\u00f6nnen, bevor Sie nach Hause kommen und von einem angenehmen Raumklima begr\u00fc\u00dft werden. Dar\u00fcber hinaus verf\u00fcgt er \u00fcber ein digitales Touchpanel, einen waschbaren Filter, eine Fernbedienung und ein komplettes Fensterset, das die Installation einfach und bequem macht. Au\u00dferdem ist das Ger\u00e4t mit R\u00e4dern ausgestattet, so dass Sie es ganz einfach dorthin bewegen k\u00f6nnen, wo Sie es haben m\u00f6chten. Wenn Sie Ihr Produkt registrieren, erhalten Sie eine erweiterte Garantie von 2 auf 3 Jahre.   <\/p>\n<p>Entscheiden Sie sich f\u00fcr die Wood&#8217;s AC Cortina 12K Smart Home, wenn Sie ein preisgekr\u00f6ntes, intelligentes und WiFi gesteuertes tragbares Klimager\u00e4t f\u00fcr Ihr Zuhause oder Ihren Arbeitsplatz suchen.<\/p>\n","protected":false},"excerpt":{"rendered":"<p>Das AC Cortina 12K Smart Home von Wood ist ein preisgekr\u00f6ntes tragbares Klimager\u00e4t, das in vielen L\u00e4ndern als Testsieger ausgezeichnet wurde. Mit einer K\u00fchlleistung von 12.000 BTU (3,5 kW) k\u00fchlt es effektiv R\u00e4ume bis zu 35 m\u00b2. Es verf\u00fcgt \u00fcber drei Gebl\u00e4semodi, einen Luftstrom von 420 m\u00b3\/h und einen niedrigen Ger\u00e4uschpegel von 53,5 dB. Er l\u00e4sst sich ganz einfach \u00fcber ein digitales Touchpanel, eine Fernbedienung oder die Wood&#8217;s Connect App und Smart Home L\u00f6sungen steuern, so dass Sie nach Hause kommen und ein angenehmes Klima genie\u00dfen k\u00f6nnen.   <\/p>\n","protected":false},"featured_media":45846,"template":"","meta":{"_acf_changed":false},"product_brand":[],"product_cat":[4900,4891,4884,409],"product_tag":[2973,3962,3058,3056,3060,407,403],"class_list":{"0":"post-48215","1":"product","2":"type-product","3":"status-publish","4":"has-post-thumbnail","6":"product_cat-fur-buro","7":"product_cat-fur-schlafzimmer","8":"product_cat-fuer-wohnzimmer-und-wohnungen","9":"product_cat-klimaanlage","10":"product_tag-35-m-de","11":"product_tag-bester-im-test","12":"product_tag-mobile-klimaanlagen-fur-buros","13":"product_tag-mobile-klimaanlagen-fuer-schlafzimmer","14":"product_tag-mobile-klimaanlagen-fur-wohnzimmer","15":"product_tag-smart-home-de","16":"product_tag-wlan","17":"splide__slide","19":"first","20":"outofstock","21":"taxable","22":"shipping-taxable","23":"product-type-simple"},"acf":[],"_links":{"self":[{"href":"https:\/\/woods.se\/de\/wp-json\/wp\/v2\/product\/48215","targetHints":{"allow":["GET"]}}],"collection":[{"href":"https:\/\/woods.se\/de\/wp-json\/wp\/v2\/product"}],"about":[{"href":"https:\/\/woods.se\/de\/wp-json\/wp\/v2\/types\/product"}],"wp:featuredmedia":[{"embeddable":true,"href":"https:\/\/woods.se\/de\/wp-json\/wp\/v2\/media\/45846"}],"wp:attachment":[{"href":"https:\/\/woods.se\/de\/wp-json\/wp\/v2\/media?parent=48215"}],"wp:term":[{"taxonomy":"product_brand","embeddable":true,"href":"https:\/\/woods.se\/de\/wp-json\/wp\/v2\/product_brand?post=48215"},{"taxonomy":"product_cat","embeddable":true,"href":"https:\/\/woods.se\/de\/wp-json\/wp\/v2\/product_cat?post=48215"},{"taxonomy":"product_tag","embeddable":true,"href":"https:\/\/woods.se\/de\/wp-json\/wp\/v2\/product_tag?post=48215"}],"curies":[{"name":"wp","href":"https:\/\/api.w.org\/{rel}","templated":true}]}}