{"id":48211,"date":"2024-12-11T10:47:59","date_gmt":"2024-12-11T09:47:59","guid":{"rendered":"https:\/\/stage.woods.se\/?post_type=product&#038;p=48211"},"modified":"2025-09-15T16:03:39","modified_gmt":"2025-09-15T14:03:39","slug":"woods-ac-milan-9k-wifi-smart-home","status":"publish","type":"product","link":"https:\/\/woods.se\/de\/produkte\/klimaanlage\/fuer-wohnzimmer-und-wohnungen\/woods-ac-milan-9k-wifi-smart-home\/","title":{"rendered":"Wood&#8217;s AC Milan 9K WiFi Smart Home"},"content":{"rendered":"<h2>Wood&#8217;s AC Milan 9K WiFi Smart Home<\/h2>\n<h3>Kompakte, leise und intelligent gesteuerte Klimaanlage f\u00fcr Haus und B\u00fcro<\/h3>\n<p>Der AC Milan 9K WiFi Smart Home von Wood kombiniert effektive K\u00fchlung mit kompaktem Design, niedrigem Ger\u00e4uschpegel und intelligenter Steuerung. Mit einer K\u00fchlleistung von 9000 BTU (2,6 kW) k\u00fchlt er schnell R\u00e4ume bis zu 26 m\u00b2 und ist damit ideal f\u00fcr den Haushalt &#8211; von Schlaf- und Kinderzimmern bis hin zu Wohnr\u00e4umen &#8211; sowie f\u00fcr kleinere B\u00fcros.<\/p>\n<h3>Wesentliche Merkmale<\/h3>\n\n<h3>K\u00fchlt schnell R\u00e4ume bis zu 26m2<\/h3>\n<p><strong>Schlafzimmer: <\/strong>Der niedrige Ger\u00e4uschpegel l\u00e4sst Sie ruhig und ungest\u00f6rt schlafen.<br \/>\n<strong>Kinderzimmer:<\/strong> Bietet eine sicherere und komfortablere Umgebung f\u00fcr Kinder mit einer gleichm\u00e4\u00dfigen Temperatur.<br \/>\n<strong>Wohnzimmer:<\/strong> Schafft an hei\u00dfen Tagen eine k\u00fchle und komfortable Umgebung f\u00fcr die ganze Familie.<br \/>\n<strong>Kleines B\u00fcro:<\/strong> H\u00e4lt die Arbeitsumgebung auch im Sommer produktiv und komfortabel.<\/p>\n<h3>Reibungslos und benutzerfreundlich &#8211; mit intelligenter Steuerung<\/h3>\n<p>Der Milan 9K WiFi ist leicht zu transportieren und mit dem mitgelieferten Fensterset einfach zu installieren. Das intuitive digitale Touchpanel und die Fernbedienung erleichtern die Steuerung vor Ort, aber dank der WiFi-Funktion k\u00f6nnen Sie das Ger\u00e4t auch \u00fcber die Wood&#8217;s Connect App oder \u00fcber Google Home und Alexa steuern. Beginnen Sie rechtzeitig mit der K\u00fchlung und kommen Sie immer mit einem angenehmen Raumklima nach Hause.<\/p>\n<h3>Ruhig und komfortabel<\/h3>\n<p>Mit einem Ger\u00e4uschpegel von nur 52 dB im maximalen L\u00fcftermodus arbeitet der AC Milan 9K WiFi Smart Home unauff\u00e4llig. Perfekt f\u00fcr Schlaf- und Kinderzimmer, wo K\u00fchlung ohne st\u00f6renden L\u00e4rm ben\u00f6tigt wird.<\/p>\n<h3>H\u00f6chste Bewertungen in Tests<\/h3>\n<p>Der AC Milan von Wood hat in Tests dank seiner Kombination aus Effizienz, niedrigem Ger\u00e4uschpegel und intelligenten Funktionen die h\u00f6chsten Bewertungen erhalten. Der waschbare Filter macht die Wartung einfach und h\u00e4lt die Luft frisch.<\/p>\n","protected":false},"excerpt":{"rendered":"<p>Das AC Milan 9K WiFi Smart Home von Wood ist ein kleines, praktisches und leises tragbares Klimager\u00e4t, das in Tests Bestnoten erhalten hat. Mit 9000 BTU (2,6 kW) k\u00fchlt es effektiv R\u00e4ume bis zu 26 m\u00b2, perfekt f\u00fcr Schlafzimmer, Kinderzimmer, Wohnzimmer oder kleine B\u00fcros. Es verf\u00fcgt \u00fcber WiFi-Steuerung \u00fcber Wood&#8217;s Connect, Google Home und Alexa &#8211; so k\u00f6nnen Sie es ganz einfach aus der Ferne steuern und werden immer von einem angenehmen Klima begr\u00fc\u00dft, wenn Sie nach Hause kommen.<\/p>\n","protected":false},"featured_media":46180,"template":"","meta":{"_acf_changed":false},"product_brand":[],"product_cat":[4891,4884,409],"product_tag":[2969,3056,3060,407,403],"class_list":{"0":"post-48211","1":"product","2":"type-product","3":"status-publish","4":"has-post-thumbnail","6":"product_cat-fur-schlafzimmer","7":"product_cat-fuer-wohnzimmer-und-wohnungen","8":"product_cat-klimaanlage","9":"product_tag-26-m-de","10":"product_tag-mobile-klimaanlagen-fuer-schlafzimmer","11":"product_tag-mobile-klimaanlagen-fur-wohnzimmer","12":"product_tag-smart-home-de","13":"product_tag-wlan","14":"splide__slide","16":"first","17":"instock","18":"taxable","19":"shipping-taxable","20":"product-type-simple"},"acf":[],"_links":{"self":[{"href":"https:\/\/woods.se\/de\/wp-json\/wp\/v2\/product\/48211","targetHints":{"allow":["GET"]}}],"collection":[{"href":"https:\/\/woods.se\/de\/wp-json\/wp\/v2\/product"}],"about":[{"href":"https:\/\/woods.se\/de\/wp-json\/wp\/v2\/types\/product"}],"wp:featuredmedia":[{"embeddable":true,"href":"https:\/\/woods.se\/de\/wp-json\/wp\/v2\/media\/46180"}],"wp:attachment":[{"href":"https:\/\/woods.se\/de\/wp-json\/wp\/v2\/media?parent=48211"}],"wp:term":[{"taxonomy":"product_brand","embeddable":true,"href":"https:\/\/woods.se\/de\/wp-json\/wp\/v2\/product_brand?post=48211"},{"taxonomy":"product_cat","embeddable":true,"href":"https:\/\/woods.se\/de\/wp-json\/wp\/v2\/product_cat?post=48211"},{"taxonomy":"product_tag","embeddable":true,"href":"https:\/\/woods.se\/de\/wp-json\/wp\/v2\/product_tag?post=48211"}],"curies":[{"name":"wp","href":"https:\/\/api.w.org\/{rel}","templated":true}]}}