{"id":48206,"date":"2024-12-11T10:47:30","date_gmt":"2024-12-11T09:47:30","guid":{"rendered":"https:\/\/stage.woods.se\/?post_type=product&#038;p=48206"},"modified":"2026-02-11T14:35:43","modified_gmt":"2026-02-11T13:35:43","slug":"woods-ac-milan-9k","status":"publish","type":"product","link":"https:\/\/woods.se\/de\/produkte\/klimaanlage\/fuer-wohnzimmer-und-wohnungen\/woods-ac-milan-9k\/","title":{"rendered":"Wood&#8217;s AC Milan 9K"},"content":{"rendered":"<h2>Wood&#8217;s AC Milan 9K<\/h2>\n<h3>Kompaktes und leises Klimager\u00e4t f\u00fcr Haus und B\u00fcro<\/h3>\n<p>Wood&#8217;s AC Milan 9K ist ein tragbares Klimager\u00e4t, das effektive K\u00fchlung mit einem kompakten Design und einem niedrigen Ger\u00e4uschpegel kombiniert. Mit einer K\u00fchlleistung von 9000 BTU (2,6 kW) k\u00fchlt es schnell R\u00e4ume bis zu 26 m\u00b2 und ist damit ideal f\u00fcr den Haushalt &#8211; von Schlaf- und Kinderzimmern bis hin zu Wohnr\u00e4umen &#8211; sowie f\u00fcr kleinere B\u00fcros.<\/p>\n<h3>Wesentliche Merkmale<\/h3>\n\n<h3>K\u00fchlung von Wohnungen und kleinen B\u00fcros<\/h3>\n<p><strong>Schlafzimmer:<\/strong> Der niedrige Ger\u00e4uschpegel, vor allem in der niedrigsten Ventilatorstufe, erm\u00f6glicht Ihnen einen k\u00fchlen und ungest\u00f6rten Schlaf.<br \/>\n<strong>Kinderzimmer: <\/strong>Sorgt f\u00fcr eine gleichm\u00e4\u00dfige und angenehme Temperatur, die das Raumklima f\u00fcr Kinder sicherer macht.<br \/>\n<strong>Wohnzimmer:<\/strong> Schafft an hei\u00dfen Tagen eine k\u00fchle und komfortable Umgebung f\u00fcr die ganze Familie.<br \/>\n<strong>Kleine B\u00fcros:<\/strong> Tr\u00e4gt zu einem produktiven Arbeitsumfeld bei, indem es die Temperatur auch an hei\u00dfen Sommertagen stabil h\u00e4lt.<\/p>\n<h3>Reibungslos und benutzerfreundlich<\/h3>\n<p>Der Milan 9K ist leicht zu bewegen und mit dem mitgelieferten Fensterset einfach zu installieren. Mit dem intuitiven digitalen Touchpanel k\u00f6nnen Sie die Einstellungen ganz einfach vornehmen, w\u00e4hrend die Fernbedienung Ihnen die volle Kontrolle von Ihrem Sofa oder Schreibtisch aus erm\u00f6glicht.<\/p>\n<h3>Ruhig und komfortabel<\/h3>\n<p>Mit zwei L\u00fcftergeschwindigkeiten und einem Ger\u00e4uschpegel von nur 52 dB bei maximaler Leistung arbeitet der AC Milan 9K diskret und eignet sich daher besonders f\u00fcr Schlaf- oder Kinderzimmer, in denen eine K\u00fchlung ohne st\u00f6rende Ger\u00e4usche erforderlich ist.<\/p>\n<h3>Hohe Bewertungen in Tests<\/h3>\n<p>Wood&#8217;s AC Milan 9K hat in Tests dank seiner Kombination aus Leistung, niedrigem Ger\u00e4uschpegel und benutzerfreundlichem Design Spitzenbewertungen erhalten. Der waschbare Filter macht die Wartung einfach und hilft, die Luft sauber zu halten.<\/p>\n","protected":false},"excerpt":{"rendered":"<p>Der AC Milan 9K von Wood ist ein kleines, handliches und leises tragbares Klimager\u00e4t, das in Tests Bestnoten erhalten hat. Mit 9000 BTU (2,6 kW) k\u00fchlt es effektiv R\u00e4ume bis zu 26 m\u00b2, perfekt f\u00fcr Schlafzimmer, Kinderzimmer, Wohnzimmer oder kleine B\u00fcros. Er hat einen niedrigen Ger\u00e4uschpegel von max. 52 dB, einen waschbaren Filter und einen Luftdurchsatz von 350 m\u00b3\/h. Einfach zu bedienen dank des digitalen Touchpanels, der Fernbedienung und des mitgelieferten Fenstersets.<\/p>\n","protected":false},"featured_media":46180,"template":"","meta":{"_acf_changed":false},"product_brand":[],"product_cat":[4891,4884,409],"product_tag":[2969,3056,3060],"class_list":{"0":"post-48206","1":"product","2":"type-product","3":"status-publish","4":"has-post-thumbnail","6":"product_cat-fur-schlafzimmer","7":"product_cat-fuer-wohnzimmer-und-wohnungen","8":"product_cat-klimaanlage","9":"product_tag-26-m-de","10":"product_tag-mobile-klimaanlagen-fuer-schlafzimmer","11":"product_tag-mobile-klimaanlagen-fur-wohnzimmer","12":"splide__slide","14":"first","15":"instock","16":"taxable","17":"shipping-taxable","18":"product-type-simple"},"acf":[],"_links":{"self":[{"href":"https:\/\/woods.se\/de\/wp-json\/wp\/v2\/product\/48206","targetHints":{"allow":["GET"]}}],"collection":[{"href":"https:\/\/woods.se\/de\/wp-json\/wp\/v2\/product"}],"about":[{"href":"https:\/\/woods.se\/de\/wp-json\/wp\/v2\/types\/product"}],"wp:featuredmedia":[{"embeddable":true,"href":"https:\/\/woods.se\/de\/wp-json\/wp\/v2\/media\/46180"}],"wp:attachment":[{"href":"https:\/\/woods.se\/de\/wp-json\/wp\/v2\/media?parent=48206"}],"wp:term":[{"taxonomy":"product_brand","embeddable":true,"href":"https:\/\/woods.se\/de\/wp-json\/wp\/v2\/product_brand?post=48206"},{"taxonomy":"product_cat","embeddable":true,"href":"https:\/\/woods.se\/de\/wp-json\/wp\/v2\/product_cat?post=48206"},{"taxonomy":"product_tag","embeddable":true,"href":"https:\/\/woods.se\/de\/wp-json\/wp\/v2\/product_tag?post=48206"}],"curies":[{"name":"wp","href":"https:\/\/api.w.org\/{rel}","templated":true}]}}