{"id":48204,"date":"2024-12-10T15:07:34","date_gmt":"2024-12-10T14:07:34","guid":{"rendered":"https:\/\/stage.woods.se\/?post_type=product&#038;p=48204"},"modified":"2026-02-23T16:07:16","modified_gmt":"2026-02-23T15:07:16","slug":"woods-ac-palermo-22k","status":"publish","type":"product","link":"https:\/\/woods.se\/de\/produkte\/klimaanlage\/fur-buro\/woods-ac-palermo-22k\/","title":{"rendered":"Wood&#8217;s AC Palermo 22K"},"content":{"rendered":"<h2>Wood&#8217;s AC Palermo 22K<\/h2>\n<h3>Maximale K\u00fchlleistung f\u00fcr gro\u00dfe R\u00e4ume<\/h3>\n<p>Das AC Palermo 22K von Wood ist das leistungsst\u00e4rkste tragbare Klimager\u00e4t auf dem Markt. Mit einer beeindruckenden K\u00fchlleistung von 22.000 BTU (6,5 kW) senkt es schnell die Temperatur in R\u00e4umen von bis zu 65 m\u00b2. Perfekt f\u00fcr gro\u00dfe Wohnungen, Gro\u00dfraumb\u00fcros und Serverr\u00e4ume, in denen eine hohe K\u00fchlkapazit\u00e4t und zuverl\u00e4ssige Leistung erforderlich sind.  <\/p>\n<h3>Wichtige Merkmale:<\/h3>\n\n<h3>Schnelle und effiziente K\u00fchlung<\/h3>\n<p>Mit seiner hohen Kapazit\u00e4t und dem starken Luftstrom von 950 m\u00b3\/h k\u00fchlt der AC Palermo 22K selbst an den hei\u00dfesten Tagen effektiv. Er verf\u00fcgt \u00fcber drei Gebl\u00e4sestufen und einen breiten Temperaturbereich, so dass Sie die K\u00fchlung leicht an Ihre Vorlieben anpassen k\u00f6nnen. Ganz gleich, ob Sie einen gro\u00dfen Raum schnell k\u00fchlen oder den ganzen Tag \u00fcber eine konstante und angenehme Temperatur aufrechterhalten m\u00fcssen, der Palermo 22K bietet Ihnen ein H\u00f6chstma\u00df an Leistung.  <\/p>\n<h3>Effektive K\u00fchlung f\u00fcr gro\u00dfe Fl\u00e4chen und Arbeitsumgebungen<\/h3>\n<p><strong>F\u00fcr B\u00fcros und gro\u00dfe Arbeitsbereiche:<\/strong> Die leistungsstarke K\u00fchlleistung sorgt f\u00fcr eine stabile Temperatur in Gro\u00dfraumb\u00fcros, Gesch\u00e4ften und Konferenzr\u00e4umen und schafft so eine komfortable und produktive Umgebung.<br \/>\n<strong>Serverr\u00e4ume:<\/strong> Der AC Palermo 22K von Wood sorgt f\u00fcr die richtige Temperatur im Serverraum und verhindert eine \u00dcberhitzung, die empfindliche Ger\u00e4te besch\u00e4digen kann.<br \/>\n<strong>Gesch\u00e4fte: <\/strong>Mit seiner leistungsstarken K\u00fchlung schafft Wood&#8217;s AC Palermo ein angenehmes Klima im Gesch\u00e4ft, das die Kunden zufriedener macht und ihre Kauflust steigert.<br \/>\n<strong>Konferenzr\u00e4ume:<\/strong> Sorgt f\u00fcr das richtige Klima bei Meetings und Veranstaltungen.<\/p>\n<h3>Einfach zu benutzen und zu bewegen<\/h3>\n<p>Der AC Palermo 22K verf\u00fcgt \u00fcber ein intuitives digitales Touchpanel, das die Steuerung erleichtert. Dank der leichtg\u00e4ngigen R\u00e4der k\u00f6nnen Sie das Ger\u00e4t problemlos dorthin bewegen, wo es am meisten gebraucht wird. Das mitgelieferte Fensterset macht die Installation einfach und erfordert keine dauerhaften \u00c4nderungen &#8211; die warme Luft wird einfach durch ein Fenster abgeleitet.  <\/p>\n<p>Suchen Sie eine leistungsstarke und effiziente tragbare Klimaanlage f\u00fcr gro\u00dfe R\u00e4ume? Das AC Palermo 22K von Wood bietet maximale K\u00fchlleistung und Komfort! <\/p>\n","protected":false},"excerpt":{"rendered":"<p>Erleben Sie maximale K\u00fchlleistung und Komfort mit dem AC Palermo 22K von Wood &#8211; einem der leistungsst\u00e4rksten tragbaren Klimager\u00e4te auf dem Markt. Mit einer K\u00fchlleistung von 22.000 BTU (6,5 kW) und einem hohen Luftstrom k\u00fchlt es schnell und effizient R\u00e4ume bis zu 65 m\u00b2. Perfekt f\u00fcr Gro\u00dfraumb\u00fcros, Gesch\u00e4fte, Konferenzr\u00e4ume und Serverr\u00e4ume. Einfach zu bedienen durch ein digitales Touchpanel, ein mitgeliefertes Fensterset und R\u00e4der, mit denen er trotz seiner Gr\u00f6\u00dfe leicht zu bewegen ist.   <\/p>\n","protected":false},"featured_media":46291,"template":"","meta":{"_acf_changed":false},"product_brand":[],"product_cat":[4900,409],"product_tag":[2993,3058],"class_list":{"0":"post-48204","1":"product","2":"type-product","3":"status-publish","4":"has-post-thumbnail","6":"product_cat-fur-buro","7":"product_cat-klimaanlage","8":"product_tag-65-m-de","9":"product_tag-mobile-klimaanlagen-fur-buros","10":"product_shipping_class-high","11":"splide__slide","13":"first","14":"instock","15":"taxable","16":"shipping-taxable","17":"product-type-simple"},"acf":[],"_links":{"self":[{"href":"https:\/\/woods.se\/de\/wp-json\/wp\/v2\/product\/48204","targetHints":{"allow":["GET"]}}],"collection":[{"href":"https:\/\/woods.se\/de\/wp-json\/wp\/v2\/product"}],"about":[{"href":"https:\/\/woods.se\/de\/wp-json\/wp\/v2\/types\/product"}],"wp:featuredmedia":[{"embeddable":true,"href":"https:\/\/woods.se\/de\/wp-json\/wp\/v2\/media\/46291"}],"wp:attachment":[{"href":"https:\/\/woods.se\/de\/wp-json\/wp\/v2\/media?parent=48204"}],"wp:term":[{"taxonomy":"product_brand","embeddable":true,"href":"https:\/\/woods.se\/de\/wp-json\/wp\/v2\/product_brand?post=48204"},{"taxonomy":"product_cat","embeddable":true,"href":"https:\/\/woods.se\/de\/wp-json\/wp\/v2\/product_cat?post=48204"},{"taxonomy":"product_tag","embeddable":true,"href":"https:\/\/woods.se\/de\/wp-json\/wp\/v2\/product_tag?post=48204"}],"curies":[{"name":"wp","href":"https:\/\/api.w.org\/{rel}","templated":true}]}}