{"id":48202,"date":"2024-12-10T15:10:15","date_gmt":"2024-12-10T14:10:15","guid":{"rendered":"https:\/\/stage.woods.se\/?post_type=product&#038;p=48202"},"modified":"2026-03-17T11:09:07","modified_gmt":"2026-03-17T10:09:07","slug":"woods-ac-cortina-9k-eco-a","status":"publish","type":"product","link":"https:\/\/woods.se\/de\/produkte\/klimaanlage\/fuer-wohnzimmer-und-wohnungen\/woods-ac-cortina-9k-eco-a\/","title":{"rendered":"Wood&#8217;s AC Cortina 9K Eco A+"},"content":{"rendered":"<h2>Wood&#8217;s AC Cortina 9K Eco A+<\/h2>\n<h3>Reibungslose, leise und energieeffiziente K\u00fchlung<\/h3>\n<p>Der AC Cortina 9K Eco A+ von Wood kombiniert hohe Leistung mit niedrigem Energieverbrauch. Mit einer K\u00fchlleistung von 9000 BTU (2,6 kW) k\u00fchlt er schnell R\u00e4ume bis zu 26 m\u00b2 und ist dank der Energieklasse A+ sehr energieeffizient. Er arbeitet bei Temperaturen von bis zu 43\u00b0C und ist damit auch bei extremer Hitze eine zuverl\u00e4ssige L\u00f6sung. Mit den drei Gebl\u00e4semodi k\u00f6nnen Sie den Ger\u00e4uschpegel ganz einfach nach Bedarf einstellen.   <\/p>\n<h3>Wesentliche Merkmale<\/h3>\n\n<h3>K\u00fchlt Wohnungen und kleine B\u00fcros<\/h3>\n<p><strong>Schlafzimmer: <\/strong>Der niedrige Ger\u00e4uschpegel und die verschiedenen Ventilatoreinstellungen erm\u00f6glichen Ihnen einen k\u00fchlen und ungest\u00f6rten Schlaf.<br \/>\n<strong>Kinderzimmer:<\/strong> Bietet ein stabiles und angenehmes Raumklima f\u00fcr Kinder an hei\u00dfen Tagen.<br \/>\n<strong>Wohnzimmer:<\/strong> Schafft eine k\u00fchle und angenehme Umgebung f\u00fcr die ganze Familie.<br \/>\n<strong>Kleine B\u00fcros:<\/strong> Tr\u00e4gt zu einer produktiven Arbeitsumgebung bei, indem es eine konstante Temperatur aufrechterh\u00e4lt, auch wenn die Au\u00dfentemperaturen steigen.<\/p>\n<h3>Reibungslos und benutzerfreundlich<\/h3>\n<p>Der AC Cortina 9K Eco A+ ist dank seiner R\u00e4der leicht zu bewegen und mit dem mitgelieferten Fensterset einfach zu installieren. Mit dem digitalen Touchpanel und der Fernbedienung k\u00f6nnen Sie die Einstellungen bei Bedarf ganz einfach anpassen. <\/p>\n<h3>Energieeffiziente K\u00fchlung<\/h3>\n<p>Mit der Energieklasse A+ erhalten Sie ein tragbares Klimager\u00e4t, das nicht nur leistungsstarke K\u00fchlung liefert, sondern auch den Energieverbrauch niedrig h\u00e4lt. Das macht das Cortina 9K Eco A+ zu einer umweltfreundlichen und wirtschaftlichen Wahl f\u00fcr zu Hause und im B\u00fcro. <\/p>\n","protected":false},"excerpt":{"rendered":"<p>Das Wood&#8217;s AC Cortina 9K Eco A+ ist ein energieeffizientes und praktisches tragbares Klimager\u00e4t mit einer K\u00fchlleistung von 9000 BTU (2,6 kW). Es k\u00fchlt schnell R\u00e4ume bis zu 26 m\u00b2 und verf\u00fcgt \u00fcber drei Ventilatormodi und einen Luftstrom von 380 m\u00b3\/h. Perfekt f\u00fcr Schlafzimmer, Kinderzimmer, Wohnzimmer oder kleine B\u00fcros. Mit der Energieklasse A+ und einem Betrieb bis zu 43\u00b0C ist er auch an den hei\u00dfesten Tagen des Jahres zuverl\u00e4ssig. Einfach zu bedienen mit einem digitalen Touchpanel, einer Fernbedienung und einem Fenster-Kit.    <\/p>\n","protected":false},"featured_media":45846,"template":"","meta":{"_acf_changed":false},"product_brand":[],"product_cat":[4900,4891,4884,409],"product_tag":[2969,3058,3056,3060],"class_list":{"0":"post-48202","1":"product","2":"type-product","3":"status-publish","4":"has-post-thumbnail","6":"product_cat-fur-buro","7":"product_cat-fur-schlafzimmer","8":"product_cat-fuer-wohnzimmer-und-wohnungen","9":"product_cat-klimaanlage","10":"product_tag-26-m-de","11":"product_tag-mobile-klimaanlagen-fur-buros","12":"product_tag-mobile-klimaanlagen-fuer-schlafzimmer","13":"product_tag-mobile-klimaanlagen-fur-wohnzimmer","14":"splide__slide","16":"first","17":"instock","18":"taxable","19":"shipping-taxable","20":"product-type-simple"},"acf":[],"_links":{"self":[{"href":"https:\/\/woods.se\/de\/wp-json\/wp\/v2\/product\/48202","targetHints":{"allow":["GET"]}}],"collection":[{"href":"https:\/\/woods.se\/de\/wp-json\/wp\/v2\/product"}],"about":[{"href":"https:\/\/woods.se\/de\/wp-json\/wp\/v2\/types\/product"}],"wp:featuredmedia":[{"embeddable":true,"href":"https:\/\/woods.se\/de\/wp-json\/wp\/v2\/media\/45846"}],"wp:attachment":[{"href":"https:\/\/woods.se\/de\/wp-json\/wp\/v2\/media?parent=48202"}],"wp:term":[{"taxonomy":"product_brand","embeddable":true,"href":"https:\/\/woods.se\/de\/wp-json\/wp\/v2\/product_brand?post=48202"},{"taxonomy":"product_cat","embeddable":true,"href":"https:\/\/woods.se\/de\/wp-json\/wp\/v2\/product_cat?post=48202"},{"taxonomy":"product_tag","embeddable":true,"href":"https:\/\/woods.se\/de\/wp-json\/wp\/v2\/product_tag?post=48202"}],"curies":[{"name":"wp","href":"https:\/\/api.w.org\/{rel}","templated":true}]}}