{"id":48200,"date":"2024-12-10T15:09:12","date_gmt":"2024-12-10T14:09:12","guid":{"rendered":"https:\/\/stage.woods.se\/?post_type=product&#038;p=48200"},"modified":"2025-09-15T16:03:23","modified_gmt":"2025-09-15T14:03:23","slug":"woods-ac-cortina-12k-wifi-smart-home-a","status":"publish","type":"product","link":"https:\/\/woods.se\/de\/produkte\/klimaanlage\/fuer-wohnzimmer-und-wohnungen\/woods-ac-cortina-12k-wifi-smart-home-a\/","title":{"rendered":"Wood&#8217;s AC Cortina 12K WiFi\/Smart Home A+"},"content":{"rendered":"<h2>Wood&#8217;s AC Cortina 12K WiFi Smart Home A+<\/h2>\n<h3>Testsieger, intelligenter und energieeffizienter<\/h3>\n<p>Der AC Cortina 12K von Wood wird f\u00fcr seine Kombination aus leistungsstarker K\u00fchlung, intelligenten Funktionen und jetzt noch besserer Energieeffizienz mit dieser A+ Version gesch\u00e4tzt. AC Cortina wurde wiederholt als Testsieger ausgezeichnet &#8211; unter anderem von tek.no &#8211; und wurde entwickelt, um sowohl effizient zu k\u00fchlen als auch Energie zu sparen.<\/p>\n<h3>Wesentliche Merkmale<\/h3>\n\n<h3>Effiziente und umweltfreundlichere K\u00fchlung in Ihrem Haus und B\u00fcro<\/h3>\n<p><strong>Schlafzimmer:<\/strong> Bleiben Sie nachts k\u00fchl mit leisem Betrieb und niedrigem Energieverbrauch.<br \/>\n<strong>Kinderzimmer:<\/strong> Schaffen Sie ein stabiles und sicheres Raumklima mit geringer Umweltbelastung.<br \/>\n<strong>Wohnzimmer:<\/strong> Halten Sie die ganze Familie an hei\u00dfen Tagen k\u00fchl und komfortabel &#8211; mit besserer Energieeffizienz.<br \/>\n<strong>B\u00fcro:<\/strong> Verbessern Sie die Arbeitsumgebung und bleiben Sie auch an hei\u00dfen Sommertagen konzentriert, w\u00e4hrend Sie gleichzeitig Energie sparen.<\/p>\n<h3>Leise und besonders energieeffizient<\/h3>\n<p>Der AC Cortina 12K WiFi Smart Home A+ von Wood kombiniert starke Leistung mit verbesserter Energieeffizienz in der Energieklasse A+. Das macht sie zu einer umweltfreundlicheren Option, ohne Kompromisse bei der K\u00fchlleistung einzugehen. Er funktioniert auch bei Temperaturen von bis zu 43\u00b0C reibungslos.<\/p>\n<h3>Reibungslos, intelligent und benutzerfreundlich<\/h3>\n<p>Mit WiFi- und Smart Home-Unterst\u00fctzung kann das Ger\u00e4t \u00fcber die Wood&#8217;s Connect App und Smart Home-L\u00f6sungen wie Google Home und Alexa gesteuert werden. Beginnen Sie mit der K\u00fchlung, bevor Sie nach Hause kommen, und lassen Sie sich immer von einem angenehmen Raumklima begr\u00fc\u00dfen. Zum Lieferumfang geh\u00f6ren au\u00dferdem ein digitales Touchpanel, eine Fernbedienung, ein waschbarer Filter und ein komplettes Fensterset f\u00fcr eine einfache Installation. Dank seiner leichtg\u00e4ngigen R\u00e4der l\u00e4sst er sich einfach dorthin bewegen, wo Sie ihn brauchen. Wenn Sie ihn registrieren, wird die Garantie von 2 auf 3 Jahre verl\u00e4ngert.<\/p>\n<p>Entscheiden Sie sich f\u00fcr die AC Cortina 12K WiFi Smart Home A+ von Wood &#8211; ein testgekr\u00f6ntes, intelligentes und energieeffizientes Klimager\u00e4t f\u00fcr Ihr Zuhause oder Ihren Arbeitsplatz.<\/p>\n","protected":false},"excerpt":{"rendered":"<p>Das AC Cortina 12K WiFi Smart Home A+ von Wood ist ein preisgekr\u00f6ntes und energieeffizienteres tragbares Klimager\u00e4t &#8211; perfekt f\u00fcr alle, die sowohl Leistung als auch eine umweltfreundlichere Option w\u00fcnschen. Mit einer K\u00fchlleistung von 12.000 BTU (3,5 kW) k\u00fchlt es bis zu 35 m\u00b2 und verf\u00fcgt \u00fcber drei L\u00fcftermodi, einen Luftstrom von 360 m\u00b3\/h und einen niedrigen Ger\u00e4uschpegel von 53,5 dB. Einfach zu steuern \u00fcber das digitale Touchpanel, die Fernbedienung oder die Wood&#8217;s Connect App und Smart Home L\u00f6sungen.<\/p>\n","protected":false},"featured_media":45846,"template":"","meta":{"_acf_changed":false},"product_brand":[],"product_cat":[4900,4891,4884,409],"product_tag":[2973,2998,3058,3056,3060,407,403],"class_list":{"0":"post-48200","1":"product","2":"type-product","3":"status-publish","4":"has-post-thumbnail","6":"product_cat-fur-buro","7":"product_cat-fur-schlafzimmer","8":"product_cat-fuer-wohnzimmer-und-wohnungen","9":"product_cat-klimaanlage","10":"product_tag-35-m-de","11":"product_tag-a-de","12":"product_tag-mobile-klimaanlagen-fur-buros","13":"product_tag-mobile-klimaanlagen-fuer-schlafzimmer","14":"product_tag-mobile-klimaanlagen-fur-wohnzimmer","15":"product_tag-smart-home-de","16":"product_tag-wlan","17":"splide__slide","19":"first","20":"instock","21":"taxable","22":"shipping-taxable","23":"product-type-simple"},"acf":[],"_links":{"self":[{"href":"https:\/\/woods.se\/de\/wp-json\/wp\/v2\/product\/48200","targetHints":{"allow":["GET"]}}],"collection":[{"href":"https:\/\/woods.se\/de\/wp-json\/wp\/v2\/product"}],"about":[{"href":"https:\/\/woods.se\/de\/wp-json\/wp\/v2\/types\/product"}],"wp:featuredmedia":[{"embeddable":true,"href":"https:\/\/woods.se\/de\/wp-json\/wp\/v2\/media\/45846"}],"wp:attachment":[{"href":"https:\/\/woods.se\/de\/wp-json\/wp\/v2\/media?parent=48200"}],"wp:term":[{"taxonomy":"product_brand","embeddable":true,"href":"https:\/\/woods.se\/de\/wp-json\/wp\/v2\/product_brand?post=48200"},{"taxonomy":"product_cat","embeddable":true,"href":"https:\/\/woods.se\/de\/wp-json\/wp\/v2\/product_cat?post=48200"},{"taxonomy":"product_tag","embeddable":true,"href":"https:\/\/woods.se\/de\/wp-json\/wp\/v2\/product_tag?post=48200"}],"curies":[{"name":"wp","href":"https:\/\/api.w.org\/{rel}","templated":true}]}}