{"id":48195,"date":"2024-12-10T15:03:27","date_gmt":"2024-12-10T14:03:27","guid":{"rendered":"https:\/\/stage.woods.se\/?post_type=product&#038;p=48195"},"modified":"2025-09-16T23:32:42","modified_gmt":"2025-09-16T21:32:42","slug":"woods-al310","status":"publish","type":"product","link":"https:\/\/woods.se\/de\/produkte\/luftreiniger\/woods-al310\/","title":{"rendered":"Wood&#8217;s AL310"},"content":{"rendered":"<h2>Wood&#8217;s AL 310<\/h2>\n<h3>Ausgezeichnet als bester Luftreiniger des Jahres 2025<\/h3>\n<p>Der AL 310 von Wood ist nicht nur ein Luftreiniger, sondern eine L\u00f6sung f\u00fcr ein ges\u00fcnderes Raumklima. Er ist perfekt f\u00fcr alle, die unter Allergien und Asthma leiden oder einfach nur sauberere Luft atmen m\u00f6chten. Dieses Modell wurde von RISE im Auftrag von Villalivet zum Testsieger gek\u00fcrt und erhielt die h\u00f6chste Punktzahl in den Kategorien beste Reinigungsleistung, niedriger Energieverbrauch und leiser Betrieb. Der AL 310 reinigt die Luft in Ihrem Haus schnell und leise, ohne Ihre Stromrechnung zu beeintr\u00e4chtigen. Der patentierte HEPA-Filter tr\u00e4gt zu einer Reinigungsrate von 99,97% bei und entfernt effektiv Partikel wie Pollen, Staub, Schimmelsporen und andere Allergene.<\/p>\n<h3>Wann brauchen Sie einen Luftreiniger?<\/h3>\n<p>Die Luft in unseren H\u00e4usern ist oft viel st\u00e4rker verschmutzt als die Au\u00dfenluft. Das liegt daran, dass wir Luftpartikel wie Pollen, Abgase und Staub in unsere Wohnungen bringen, wo sie dann zirkulieren. Wenn man bedenkt, dass die meisten Menschen 90 % ihrer Zeit in Innenr\u00e4umen verbringen, wird unser Wohlbefinden durch unsere Innenraumluft beeinflusst, was bedeutet, dass wirklich jeder einen Luftreiniger in seinem Zuhause braucht.<\/p>\n<h3>Empfohlene Einsatzgebiete:<\/h3>\n<p><strong>Luftreiniger reduzieren Pollenallergien und sorgen f\u00fcr Linderung rund um die Uhr: <\/strong>Pollenallergien k\u00f6nnen den Alltag erschweren, vor allem in Innenr\u00e4umen, wo sich die in der Luft befindlichen Allergene ansammeln und die Symptome verschlimmern. Der AL 310 von Wood f\u00e4ngt Pollen und andere Allergene effektiv ab und schafft eine partikelfreie Zone in Ihrem Zuhause. Durch die Verwendung eines Luftreinigers im Schlafzimmer oder an Orten, an denen wir uns die meiste Zeit aufhalten, hat der K\u00f6rper Zeit, sich zu erholen, wodurch allergische Symptome kurzfristig gelindert und am n\u00e4chsten Tag verz\u00f6gert werden.<strong><br \/>\nDer perfekte Luftreiniger f\u00fcr B\u00fcros und Arbeitspl\u00e4tze:<\/strong> Schlechte Luftqualit\u00e4t kann die Konzentration beeintr\u00e4chtigen und die Effizienz am Arbeitsplatz um bis zu 15% verringern. Wenn Sie einen Luftreiniger im B\u00fcro verwenden, verringern Sie das Risiko von Kopfschmerzen, M\u00fcdigkeit und Krankschreibungen, indem Sie Staub, Pollen und andere sch\u00e4dliche Luftschadstoffe herausfiltern.<br \/>\n<strong>Ein Luftreiniger sch\u00fctzt die empfindlichen Atemwege von Kindern:<\/strong> Kinder haben empfindlichere Lungen und ein unterentwickeltes Immunsystem, was sie anf\u00e4lliger f\u00fcr sch\u00e4dliche Partikel macht. F\u00fcr Familien mit Kindern kann ein Luftreiniger wie der Wood&#8217;s AL 310 einen gro\u00dfen Unterschied machen, indem er sch\u00e4dliche Partikel in der Luft beseitigt.<\/p>\n<h3>Wie funktioniert ein Wood&#8217;s Luftreiniger?<\/h3>\n<p>Ein Wood&#8217;s Luftreiniger verwendet fortschrittliche Ionisierungstechnologie und leistungsstarke HEPA-Filter, um die Luft effektiv von sch\u00e4dlichen Partikeln wie Pollen, Staub und Allergenen zu reinigen.<\/p>\n<p><img loading=\"lazy\" decoding=\"async\" class=\"alignnone wp-image-40680 size-medium\" src=\"https:\/\/woods.se\/wp-content\/uploads\/2024\/12\/illustration-400px-249x300.jpeg\" alt=\"\" width=\"249\" height=\"300\" srcset=\"https:\/\/woods.se\/wp-content\/uploads\/2024\/12\/illustration-400px-249x300.jpeg 249w, https:\/\/woods.se\/wp-content\/uploads\/2024\/12\/illustration-400px-374x450.jpeg 374w, https:\/\/woods.se\/wp-content\/uploads\/2024\/12\/illustration-400px.jpeg 400w\" sizes=\"auto, (max-width: 249px) 100vw, 249px\" \/><\/p>\n<h3><strong>Durch Ionisierung lassen sich Partikel leichter einfangen<\/strong><\/h3>\n<p>&#8211; Die Luft wird durch einen leisen und energieeffizienten Ventilator angesaugt.<br \/>\n&#8211; Die Luftpartikel erhalten eine schwache positive Ladung, wodurch sie sich verklumpen und wie ein Magnet zum Filter gezogen werden, da dieser negativ geladen ist.<\/p>\n<p><img loading=\"lazy\" decoding=\"async\" class=\"alignnone wp-image-40687 size-medium\" src=\"https:\/\/woods.se\/wp-content\/uploads\/2024\/12\/activeionhepa_400px2-300x300.jpeg\" alt=\"\" width=\"300\" height=\"300\" srcset=\"https:\/\/woods.se\/wp-content\/uploads\/2024\/12\/activeionhepa_400px2-300x300.jpeg 300w, https:\/\/woods.se\/wp-content\/uploads\/2024\/12\/activeionhepa_400px2-150x150.jpeg 150w, https:\/\/woods.se\/wp-content\/uploads\/2024\/12\/activeionhepa_400px2-100x100.jpeg 100w, https:\/\/woods.se\/wp-content\/uploads\/2024\/12\/activeionhepa_400px2.jpeg 400w\" sizes=\"auto, (max-width: 300px) 100vw, 300px\" \/><\/p>\n<h3><strong>Patentierter und in Schweden hergestellter Active ION HEPA-Filter<\/strong><\/h3>\n<p>&#8211; Dank der patentierten Technologie k\u00f6nnen Active ION HEPA-Filter eine geringere Dichte als herk\u00f6mmliche HEPA-Filter aufweisen und dennoch den gleichen hohen Reinigungsgrad erzielen.<br \/>\n&#8211; Der Filter ist aus vielen Schichten gefalteter Filtermedien aufgebaut. Dies sorgt f\u00fcr eine sehr gro\u00dfe Gesamtfilterfl\u00e4che und eine au\u00dfergew\u00f6hnliche Filtrationskapazit\u00e4t.<br \/>\n&#8211; Diese Technologie stellt sicher, dass die gesamte Luft gereinigt wird, ohne dass das Risiko besteht, dass ungefilterte Luft durchgelassen wird.<\/p>\n<h3>Wood&#8217;s AL 310 entfernt schnell und effizient Pollenpartikel<\/h3>\n<p>Der AL 310 von Wood kombiniert hohe Leistung mit Energieeffizienz, um Ihnen auf intelligente und nachhaltige Weise saubere Luft zu verschaffen. Der AL 310 von Wood hat eine Clean Air Delivery Rate (CADR) von 274 m\u00b3\/h f\u00fcr Pollen, d.h. er reinigt effektiv 274 Kubikmeter Luft pro Stunde von Pollenpartikeln, was ein gro\u00dfer Vorteil f\u00fcr Allergiker ist.<br \/>\nZus\u00e4tzlich zu seiner leistungsstarken Reinigung ist der AL 310 auch energieeffizient mit einer CADR\/Watt von 13,0, d.h. Sie erhalten maximale saubere Luft pro verbrauchtem Watt. Dies macht ihn zu einer klugen Wahl f\u00fcr die Umwelt und Ihren Geldbeutel. Die Kombination aus hoher Reinigungsleistung und niedrigem Energieverbrauch macht den AL 310 zu einem optimalen Luftreiniger f\u00fcr Allergiker, Familien mit Kindern und alle, die sich ein ges\u00fcnderes Raumklima w\u00fcnschen.<\/p>\n<p><img loading=\"lazy\" decoding=\"async\" class=\"alignnone wp-image-40673 size-medium\" src=\"https:\/\/woods.se\/wp-content\/uploads\/2024\/12\/aham-intertek-300x120.jpeg\" alt=\"\" width=\"300\" height=\"120\" srcset=\"https:\/\/woods.se\/wp-content\/uploads\/2024\/12\/aham-intertek-300x120.jpeg 300w, https:\/\/woods.se\/wp-content\/uploads\/2024\/12\/aham-intertek-1024x410.jpeg 1024w, https:\/\/woods.se\/wp-content\/uploads\/2024\/12\/aham-intertek-768x307.jpeg 768w, https:\/\/woods.se\/wp-content\/uploads\/2024\/12\/aham-intertek-500x200.jpeg 500w, https:\/\/woods.se\/wp-content\/uploads\/2024\/12\/aham-intertek-1400x560.jpeg 1400w, https:\/\/woods.se\/wp-content\/uploads\/2024\/12\/aham-intertek-700x280.jpeg 700w, https:\/\/woods.se\/wp-content\/uploads\/2024\/12\/aham-intertek-600x240.jpeg 600w, https:\/\/woods.se\/wp-content\/uploads\/2024\/12\/aham-intertek.jpeg 1417w\" sizes=\"auto, (max-width: 300px) 100vw, 300px\" \/><\/p>\n<h3>Luftreiniger entfernen Abgase, Rauch und Ger\u00fcche mit einem zus\u00e4tzlichen Kohlefilter<\/h3>\n<p>Auspuffgase, Zigarettenrauch und Kochger\u00fcche sind h\u00e4ufige Probleme, die die Raumluft beeintr\u00e4chtigen. Um Gase, Ger\u00fcche und chemische Schadstoffe wirksam herauszufiltern, m\u00fcssen Sie Ihren Luftreiniger um einen Kohlefilter erg\u00e4nzen. Der Chem Control Carbon Filter von Wood, der in den ELFI 300, AL 310 und GRAN 900 passt, hat eine hohe Kohlenstoffdichte f\u00fcr maximale Wirkung und lange Haltbarkeit.<\/p>\n<h3>Registrieren Sie Ihren Luftreiniger und erhalten Sie eine erweiterte Garantie<\/h3>\n<p>Wenn Sie Ihr Produkt auf <a href=\"https:\/\/warranty-woods.com\">warranty-woods.com<\/a> registrieren und den Filter alle sechs Monate austauschen, erhalten Sie die l\u00e4ngste Garantie des Marktes von 10 Jahren. Wenn Sie sich registrieren, erhalten Sie au\u00dferdem Erinnerungen, wenn es an der Zeit ist, den Filter auszutauschen. Wenn Sie den Filter regelm\u00e4\u00dfig austauschen, verl\u00e4ngern Sie die Lebensdauer Ihres Luftreinigers und stellen sicher, dass seine Reinigungsleistung auf h\u00f6chstem Niveau bleibt. Saugen Sie Ihren Filter niemals ab, denn dadurch werden Schimmelsporen und andere sch\u00e4dliche Partikel wieder in den Raum verteilt.<\/p>\n<p>Mit dem Wood&#8217;s AL 310 erhalten Sie einen leistungsstarken, eleganten und energieeffizienten Luftreiniger, der Ihre Lebensqualit\u00e4t verbessert. Ob Sie Allergien haben, kleine Kinder oder eine ges\u00fcndere Arbeitsumgebung w\u00fcnschen, dies ist die ultimative L\u00f6sung f\u00fcr saubere Luft, jeden Tag.<\/p>\n<p>Wenn Sie ein Modell w\u00fcnschen, das Sie automatisch benachrichtigt, wenn es Zeit ist, den Filter zu wechseln, sollten Sie sich den <a href=\"https:\/\/woods.se\/de\/produkte\/luftreiniger\/woods-al-310fc\/\">Wood&#8217;s AL 310FC<\/a> ansehen.<\/p>\n","protected":false},"excerpt":{"rendered":"<p>Schlechte Luftqualit\u00e4t in Innenr\u00e4umen ist ein unsichtbares Problem, das sich negativ auf die Gesundheit auswirkt. Pollen, Staub und Luftverschmutzung k\u00f6nnen Allergien, M\u00fcdigkeit und Konzentrationsschw\u00e4che verursachen. Der AL 310 von Wood entfernt schnell und effektiv Pollen und Staub und ist damit ideal f\u00fcr Allergiker und B\u00fcros, die ein gesundes Raumklima ben\u00f6tigen. Der Wood&#8217;s AL 310 gewann den Test 2025 dank seiner hohen Reinigungsrate (99,97%), seiner Energieeffizienz und seines leisen Betriebs. Der Wood&#8217;s AL 310 wird in Schweden hergestellt und verf\u00fcgt \u00fcber eine Garantie von bis zu 10 Jahren.<\/p>\n","protected":false},"featured_media":39953,"template":"","meta":{"_acf_changed":false},"product_brand":[],"product_cat":[4791,4789,4788,4790,410,3663],"product_tag":[400,390,3020,3018,3017,3019,388,398],"class_list":{"0":"post-48195","1":"product","2":"type-product","3":"status-publish","4":"has-post-thumbnail","6":"product_cat-fuer-buero","7":"product_cat-fuer-kinderzimmer","8":"product_cat-fuer-schlafzimmer","9":"product_cat-fuer-wohnzimmer","10":"product_cat-luftreiniger","11":"product_cat-villaagarna","12":"product_tag-buero","13":"product_tag-kinderzimmer","14":"product_tag-luftreiniger-fuer-bueros","15":"product_tag-luftreiniger-fuer-kinderzimmer","16":"product_tag-luftreiniger-fuer-schlafzimmer","17":"product_tag-luftreiniger-fuer-wohnzimmer","18":"product_tag-schlafzimmer","19":"product_tag-wohnraum","20":"product_shipping_class-al-310","21":"splide__slide","23":"first","24":"instock","25":"taxable","26":"shipping-taxable","27":"purchasable","28":"product-type-simple"},"acf":[],"_links":{"self":[{"href":"https:\/\/woods.se\/de\/wp-json\/wp\/v2\/product\/48195","targetHints":{"allow":["GET"]}}],"collection":[{"href":"https:\/\/woods.se\/de\/wp-json\/wp\/v2\/product"}],"about":[{"href":"https:\/\/woods.se\/de\/wp-json\/wp\/v2\/types\/product"}],"wp:featuredmedia":[{"embeddable":true,"href":"https:\/\/woods.se\/de\/wp-json\/wp\/v2\/media\/39953"}],"wp:attachment":[{"href":"https:\/\/woods.se\/de\/wp-json\/wp\/v2\/media?parent=48195"}],"wp:term":[{"taxonomy":"product_brand","embeddable":true,"href":"https:\/\/woods.se\/de\/wp-json\/wp\/v2\/product_brand?post=48195"},{"taxonomy":"product_cat","embeddable":true,"href":"https:\/\/woods.se\/de\/wp-json\/wp\/v2\/product_cat?post=48195"},{"taxonomy":"product_tag","embeddable":true,"href":"https:\/\/woods.se\/de\/wp-json\/wp\/v2\/product_tag?post=48195"}],"curies":[{"name":"wp","href":"https:\/\/api.w.org\/{rel}","templated":true}]}}