{"id":48194,"date":"2024-12-12T13:04:40","date_gmt":"2024-12-12T12:04:40","guid":{"rendered":"https:\/\/stage.woods.se\/?post_type=product&#038;p=48194"},"modified":"2026-04-21T14:58:06","modified_gmt":"2026-04-21T12:58:06","slug":"woods-al-310fc","status":"publish","type":"product","link":"https:\/\/woods.se\/de\/produkte\/luftreiniger\/woods-al-310fc\/","title":{"rendered":"Wood&#8217;s AL 310FC"},"content":{"rendered":"<h2>Wood&#8217;s AL 310FC<\/h2>\n<h3>Ausgezeichnet als bester Luftreiniger des Jahres 2025<\/h3>\n<p>Schlechte Luftqualit\u00e4t in Innenr\u00e4umen kann Allergien, M\u00fcdigkeit und Konzentrationsschw\u00e4che verursachen. Der AL 310FC von Wood schafft hier Abhilfe, indem er Pollen, Staub und andere sch\u00e4dliche Partikel effektiv herausfiltert und so ein ges\u00fcnderes Raumklima schafft. Dank seines leisen und energieeffizienten Betriebs kann er in Schlaf-, Wohn- und B\u00fcror\u00e4umen aufgestellt werden, ohne zu st\u00f6ren. Dank seiner hohen Reinigungsleistung von 99,97% und seiner Energieeffizienz wurde er im Jahr 2025 von RISE im Namen von Villalivet zum Testsieger gek\u00fcrt. Er verf\u00fcgt au\u00dferdem \u00fcber eine eingebaute Filterkontrolle, die Sie automatisch benachrichtigt, wenn es Zeit ist, den Filter zu wechseln, und so rund um die Uhr f\u00fcr optimale Luftqualit\u00e4t sorgt.    <\/p>\n<h3>Wann brauchen Sie einen Luftreiniger?<\/h3>\n<p>Wussten Sie, dass die Luft in Innenr\u00e4umen bis zu f\u00fcnfmal st\u00e4rker verschmutzt sein kann als die Au\u00dfenluft? Die meisten Menschen verbringen \u00fcber 90% ihrer Zeit in Innenr\u00e4umen, wo wir gro\u00dfen Mengen unsichtbarer Partikel wie Pollen, Staub, Schimmelsporen und Luftschadstoffen ausgesetzt sind. Das ist ein Problem, das wir alle haben, ohne es vielleicht zu bemerken. Normalerweise bringen wir Kopfschmerzen, Konzentrationsschwierigkeiten, M\u00fcdigkeit und eine verstopfte Nase nicht mit schlechter Luftqualit\u00e4t in Verbindung, aber das kann oft die Ursache sein.   <\/p>\n<h3>Empfohlene Einsatzgebiete:<\/h3>\n<p><strong>Luftreiniger lindern Pollenallergien und Asthma: <\/strong>Pollen und Staub k\u00f6nnen Allergien und Asthma verschlimmern, besonders w\u00e4hrend der Pollensaison. Der AL 310FC schafft eine partikelfreie Zone, indem er Pollenpartikel und Allergene effektiv aus der Luft auff\u00e4ngt. Wenn Sie einen Luftreiniger in einem Raum aufstellen, in dem Sie sich die meiste Zeit aufhalten, hat Ihr K\u00f6rper die M\u00f6glichkeit, sich zu erholen, wodurch allergische Symptome kurzfristig reduziert und am n\u00e4chsten Tag hinausgez\u00f6gert werden.<br \/>\n<strong>Ein Luftreiniger sch\u00fctzt die empfindlichen Atemwege von Kindern:<\/strong> Kleine Kinder haben empfindliche Lungen und ein noch nicht entwickeltes Immunsystem, was sie besonders anf\u00e4llig f\u00fcr Luftverschmutzung macht. Der AL 310FC filtert sch\u00e4dliche Partikel heraus und schafft so eine sicherere und ges\u00fcndere Umgebung f\u00fcr die ganze Familie.<br \/>\n<strong>Perfekt f\u00fcr B\u00fcros und Arbeitsst\u00e4tten:<\/strong> Schlechte Luftqualit\u00e4t kann die Konzentration, das Wohlbefinden und die Effizienz am Arbeitsplatz beeintr\u00e4chtigen. Mit dem AL 310FC sorgen Sie f\u00fcr ein optimales Raumklima im B\u00fcro und verringern das Risiko von Krankheitsausf\u00e4llen und schlechter Gesundheit der Mitarbeiter. <\/p>\n<h3>Intelligente Filter\u00fcberwachung f\u00fcr optimale Leistung<\/h3>\n<p>Im Gegensatz zu vielen anderen Luftreinigern ist der Wood&#8217;s AL 310FC mit einer eingebauten Filterkontrolle ausgestattet. Das bedeutet, dass er den Filter automatisch \u00fcberpr\u00fcft und Sie daran erinnert, wenn es an der Zeit ist, den Filter auszutauschen, weil er zu schmutzig ist. Das bedeutet, dass Sie sich nie Gedanken dar\u00fcber machen m\u00fcssen, ob der Filter noch richtig funktioniert; der AL 310FC sorgt daf\u00fcr, dass Sie immer saubere Luft atmen. <\/p>\n<h3>Wie funktioniert ein Wood&#8217;s Luftreiniger?<\/h3>\n<p>Ein Wood&#8217;s Luftreiniger verwendet fortschrittliche Ionisierungstechnologie und leistungsstarke HEPA-Filter, um die Luft effektiv von sch\u00e4dlichen Partikeln wie Pollen, Staub und Allergenen zu reinigen.<\/p>\n<p><img loading=\"lazy\" decoding=\"async\" class=\"alignnone wp-image-40680 size-medium\" src=\"https:\/\/woods.se\/wp-content\/uploads\/2024\/12\/illustration-400px-249x300.jpeg\" alt=\"\" width=\"249\" height=\"300\" srcset=\"https:\/\/woods.se\/wp-content\/uploads\/2024\/12\/illustration-400px-249x300.jpeg 249w, https:\/\/woods.se\/wp-content\/uploads\/2024\/12\/illustration-400px-374x450.jpeg 374w, https:\/\/woods.se\/wp-content\/uploads\/2024\/12\/illustration-400px.jpeg 400w\" sizes=\"auto, (max-width: 249px) 100vw, 249px\" \/><\/p>\n<h4>Durch <strong>Ionisierung<\/strong> lassen sich Partikel leichter einfangen<\/h4>\n<p>&#8211; Die Luft wird durch einen leisen und energieeffizienten Ventilator angesaugt.<br \/>\n&#8211; Die Luftpartikel erhalten eine schwache positive Ladung, wodurch sie sich verklumpen und wie ein Magnet zum Filter gezogen werden, da dieser negativ geladen ist.<\/p>\n<p><img loading=\"lazy\" decoding=\"async\" class=\"alignnone wp-image-40687 size-medium\" src=\"https:\/\/woods.se\/wp-content\/uploads\/2024\/12\/activeionhepa_400px2-300x300.jpeg\" alt=\"\" width=\"300\" height=\"300\" srcset=\"https:\/\/woods.se\/wp-content\/uploads\/2024\/12\/activeionhepa_400px2-300x300.jpeg 300w, https:\/\/woods.se\/wp-content\/uploads\/2024\/12\/activeionhepa_400px2-150x150.jpeg 150w, https:\/\/woods.se\/wp-content\/uploads\/2024\/12\/activeionhepa_400px2-100x100.jpeg 100w, https:\/\/woods.se\/wp-content\/uploads\/2024\/12\/activeionhepa_400px2.jpeg 400w\" sizes=\"auto, (max-width: 300px) 100vw, 300px\" \/><\/p>\n<h4>Patentierter und in Schweden hergestellter Active ION HEPA-Filter<\/h4>\n<p>&#8211; Dank der patentierten Technologie k\u00f6nnen Active ION HEPA-Filter eine geringere Dichte als herk\u00f6mmliche HEPA-Filter aufweisen und dennoch den gleichen hohen Reinigungsgrad erzielen.<br \/>\n&#8211; Der Filter ist aus vielen Schichten gefalteter Filtermedien aufgebaut. Dies sorgt f\u00fcr eine sehr gro\u00dfe Gesamtfilterfl\u00e4che und eine au\u00dfergew\u00f6hnliche Filtrationskapazit\u00e4t.<br \/>\n&#8211; Diese Technologie stellt sicher, dass die gesamte Luft gereinigt wird, ohne dass das Risiko besteht, dass ungefilterte Luft durchgelassen wird.<\/p>\n<h3>Hohe CADR und energieeffiziente Luftreinigung<\/h3>\n<p>Der AL 310 FC kombiniert hohe Leistung mit Energieeffizienz, um ein ges\u00fcnderes Raumklima zu schaffen. Mit einer Clean Air Delivery Rate (CADR) von 274 m\u00b3\/h f\u00fcr Pollen filtert er schnell und effizient luftgetragene Partikel heraus. Das macht ihn zu einer ausgezeichneten Wahl f\u00fcr Allergiker und empfindliche Personen, die das ganze Jahr \u00fcber saubere Luft ben\u00f6tigen.<br \/>\nMit einer CADR\/Watt von 13,0 bietet der AL 310 FC maximale Luftreinigung pro verbrauchtem Watt. Seine hohe Kapazit\u00e4t und sein niedriger Energieverbrauch machen ihn sowohl kosteneffizient als auch umweltfreundlich.   <\/p>\n<p><img loading=\"lazy\" decoding=\"async\" class=\"alignnone wp-image-40673 size-medium\" src=\"https:\/\/woods.se\/wp-content\/uploads\/2024\/12\/aham-intertek-300x120.jpeg\" alt=\"\" width=\"300\" height=\"120\" srcset=\"https:\/\/woods.se\/wp-content\/uploads\/2024\/12\/aham-intertek-300x120.jpeg 300w, https:\/\/woods.se\/wp-content\/uploads\/2024\/12\/aham-intertek-1024x410.jpeg 1024w, https:\/\/woods.se\/wp-content\/uploads\/2024\/12\/aham-intertek-768x307.jpeg 768w, https:\/\/woods.se\/wp-content\/uploads\/2024\/12\/aham-intertek-500x200.jpeg 500w, https:\/\/woods.se\/wp-content\/uploads\/2024\/12\/aham-intertek-1400x560.jpeg 1400w, https:\/\/woods.se\/wp-content\/uploads\/2024\/12\/aham-intertek-700x280.jpeg 700w, https:\/\/woods.se\/wp-content\/uploads\/2024\/12\/aham-intertek-600x240.jpeg 600w, https:\/\/woods.se\/wp-content\/uploads\/2024\/12\/aham-intertek.jpeg 1417w\" sizes=\"auto, (max-width: 300px) 100vw, 300px\" \/><\/p>\n<h3>Luftreiniger entfernen Rauch, Gase und Ger\u00fcche mit Hilfe eines zus\u00e4tzlichen Kohlefilters<\/h3>\n<p>Schlechte Raumluftqualit\u00e4t kann durch Abgase, Zigarettenrauch und Kochger\u00fcche verursacht werden, die Ihre Gesundheit und Ihr Wohlbefinden zu Hause beeintr\u00e4chtigen k\u00f6nnen. F\u00fcr diejenigen, die Rauch, Gase und unerw\u00fcnschte Ger\u00fcche beseitigen m\u00f6chten, ist der Wood&#8217;s Chem Control Carbon Filter als Option erh\u00e4ltlich. Dieser hochwertige Kohlefilter absorbiert Luftschadstoffe und sorgt f\u00fcr ein noch saubereres Raumklima. Diese Filter sind f\u00fcr unsere Luftreiniger ELFI 300, AL 310 und GRAN 900 erh\u00e4ltlich.   <\/p>\n<h3>Registrieren Sie Ihren Luftreiniger und erhalten Sie eine erweiterte Garantie<\/h3>\n<p>Registrieren Sie Ihren Luftreiniger unter <a href=\"https:\/\/warranty-woods.com\">warranty-woods.com<\/a> und tauschen Sie den Filter aus, wenn der AL 310FC Sie daran erinnert (ca. alle sechs Monate), um die l\u00e4ngste Garantie auf dem Markt zu erhalten: 10 Jahre.<\/p>\n<p>Mit dem AL 310FC von Wood erhalten Sie einen leistungsstarken, eleganten und energieeffizienten Luftreiniger, der Ihre Lebensqualit\u00e4t verbessert. Ganz gleich, ob Sie unter Allergien leiden, kleine Kinder haben oder eine ges\u00fcndere Arbeitsumgebung w\u00fcnschen &#8211; dies ist die ultimative L\u00f6sung f\u00fcr saubere Luft, jeden Tag. <\/p>\n","protected":false},"excerpt":{"rendered":"<p>Schlechte Luftqualit\u00e4t in Innenr\u00e4umen kann ein verstecktes Problem sein, das sowohl die Gesundheit als auch das Wohlbefinden beeintr\u00e4chtigt. Pollen, Staub und andere Luftschadstoffe k\u00f6nnen allergische Reaktionen, M\u00fcdigkeit und Konzentrationsschwierigkeiten hervorrufen. Mit dem AL 310FC von Wood erhalten Sie einen Luftreiniger, der Pollen und Staub schnell und effektiv entfernt. Damit ist er perfekt f\u00fcr Allergiker und Arbeitsumgebungen, in denen saubere Luft entscheidend ist. Der AL 310FC von Wood wurde im Jahr 2025 zum Testsieger gek\u00fcrt. Er wird in Schweden hergestellt, ist mit einer automatischen Filterkontrolle ausgestattet und hat eine Garantie von bis zu 10 Jahren.    <\/p>\n","protected":false},"featured_media":39953,"template":"","meta":{"_acf_changed":false},"product_brand":[],"product_cat":[4791,4789,4788,4790,410,3663],"product_tag":[400,390,3020,3018,3017,3019,388,398],"class_list":{"0":"post-48194","1":"product","2":"type-product","3":"status-publish","4":"has-post-thumbnail","6":"product_cat-fuer-buero","7":"product_cat-fuer-kinderzimmer","8":"product_cat-fuer-schlafzimmer","9":"product_cat-fuer-wohnzimmer","10":"product_cat-luftreiniger","11":"product_cat-villaagarna","12":"product_tag-buero","13":"product_tag-kinderzimmer","14":"product_tag-luftreiniger-fuer-bueros","15":"product_tag-luftreiniger-fuer-kinderzimmer","16":"product_tag-luftreiniger-fuer-schlafzimmer","17":"product_tag-luftreiniger-fuer-wohnzimmer","18":"product_tag-schlafzimmer","19":"product_tag-wohnraum","20":"product_shipping_class-sweden-high","21":"splide__slide","23":"first","24":"instock","25":"taxable","26":"shipping-taxable","27":"purchasable","28":"product-type-simple"},"acf":[],"_links":{"self":[{"href":"https:\/\/woods.se\/de\/wp-json\/wp\/v2\/product\/48194","targetHints":{"allow":["GET"]}}],"collection":[{"href":"https:\/\/woods.se\/de\/wp-json\/wp\/v2\/product"}],"about":[{"href":"https:\/\/woods.se\/de\/wp-json\/wp\/v2\/types\/product"}],"wp:featuredmedia":[{"embeddable":true,"href":"https:\/\/woods.se\/de\/wp-json\/wp\/v2\/media\/39953"}],"wp:attachment":[{"href":"https:\/\/woods.se\/de\/wp-json\/wp\/v2\/media?parent=48194"}],"wp:term":[{"taxonomy":"product_brand","embeddable":true,"href":"https:\/\/woods.se\/de\/wp-json\/wp\/v2\/product_brand?post=48194"},{"taxonomy":"product_cat","embeddable":true,"href":"https:\/\/woods.se\/de\/wp-json\/wp\/v2\/product_cat?post=48194"},{"taxonomy":"product_tag","embeddable":true,"href":"https:\/\/woods.se\/de\/wp-json\/wp\/v2\/product_tag?post=48194"}],"curies":[{"name":"wp","href":"https:\/\/api.w.org\/{rel}","templated":true}]}}