{"id":48184,"date":"2025-04-16T10:53:09","date_gmt":"2025-04-16T08:53:09","guid":{"rendered":"https:\/\/stage.woods.se\/?post_type=product&#038;p=48184"},"modified":"2026-03-04T11:17:33","modified_gmt":"2026-03-04T10:17:33","slug":"woods-sw59fx","status":"publish","type":"product","link":"https:\/\/woods.se\/de\/produkte\/luftentfeuchter\/keller\/woods-sw59fx\/","title":{"rendered":"Wood&#8217;s SW59FX"},"content":{"rendered":"<h2>Wood&#8217;s SW59FX (metallisch)<\/h2>\n<h3>Luftentfeuchter f\u00fcr gro\u00dfe R\u00e4ume und Sanit\u00e4ranlagen<\/h3>\n<p>Der SW59FX von Wood ist die ultimative L\u00f6sung f\u00fcr die schnelle Beseitigung von Feuchtigkeit, Schimmel und schlechten Ger\u00fcchen in gro\u00dfen, kalten R\u00e4umen wie Kellern und Garagen. Mit einer beeindruckenden Kapazit\u00e4t von bis zu 41 Litern Feuchtigkeit pro Tag und einem Luftstrom von 300 m\u00b3\/h ist der SW59FX der leistungsst\u00e4rkste und energieeffizienteste Luftentfeuchter in der SW-Reihe, denn seine Kapazit\u00e4t bedeutet, dass er weniger arbeiten muss, um das gleiche Problem zu l\u00f6sen. Dank seiner hohen Kapazit\u00e4t ist er auch ideal f\u00fcr die L\u00f6sung von Problemen nach Wasserlecks und \u00dcberschwemmungen.  <\/p>\n<h3>Empfohlene Einsatzgebiete:<\/h3>\n<p><strong>Untergeschoss:<\/strong> Der SW59FX sorgt f\u00fcr eine trockene und sichere Umgebung, frei von Feuchtigkeit und Schimmel, und erm\u00f6glicht es, den Raum sowohl als Lager als auch als Wohnraum zu nutzen.<br \/>\n<strong>Garagen und andere kalte R\u00e4ume:<\/strong> Es sch\u00fctzt Fahrzeuge und Werkzeuge und h\u00e4lt sie das ganze Jahr \u00fcber, auch im Winter, frei von Feuchtigkeit und Korrosion.<br \/>\n<strong>Sanierung von Wassersch\u00e4den:<\/strong> Ideal f\u00fcr die schnelle Sanierung \u00fcberfluteter R\u00e4ume. Die hohe Kapazit\u00e4t macht es ideal f\u00fcr den professionellen Einsatz. <\/p>\n<h3>Wichtige Merkmale:<\/h3>\n\n<h3>Hohe Kapazit\u00e4t und Luftstrom f\u00fcr effiziente Zirkulation<\/h3>\n<p>Mit seiner sehr hohen Entfeuchtungskapazit\u00e4t von bis zu 41 Litern pro Tag und einem leistungsstarken Luftstrom von bis zu 300 m3 pro Stunde k\u00fcmmert sich der SW59FX effizient um die Feuchtigkeit in allen Teilen gro\u00dfer und unterteilter R\u00e4ume. Dies gew\u00e4hrleistet eine gleichm\u00e4\u00dfige Entfeuchtung und verhindert feuchtigkeitsbedingte Sch\u00e4den und schlechte Ger\u00fcche. <\/p>\n<h3>Einfache Bedienung und anpassbare Funktion<\/h3>\n<p>Bei der Entwicklung des SW59FX stand die Benutzerfreundlichkeit im Vordergrund. Der ger\u00e4umige 11,4-Liter-Wassertank reduziert die Notwendigkeit des h\u00e4ufigen Entleerens, und das Ger\u00e4t schaltet sich automatisch ab, wenn der Tank voll ist. F\u00fcr den Dauerbetrieb k\u00f6nnen Sie einfach einen Gartenschlauch (Schlauch nicht im Lieferumfang enthalten) direkt an den Abfluss anschlie\u00dfen, was den Wartungsaufwand minimiert. Sie k\u00f6nnen den Luftentfeuchter auch direkt \u00fcber einem Bodenablauf aufstellen. Damit Sie sich keine Sorgen machen m\u00fcssen, schaltet sich der SW59FX nach einem Stromausfall automatisch ein und das Ger\u00e4t kehrt zu seinen letzten Einstellungen zur\u00fcck, damit die Luftfeuchtigkeitskontrolle nicht zu lange unterbrochen wird. Der SW59FX stellt sich automatisch auf die gew\u00fcnschte Luftfeuchtigkeit ein und schaltet sich je nach Bedarf ein oder aus.     <\/p>\n<h3>Intelligenter Schimmel- und Partikelfilter<\/h3>\n<p>Der SW59FX ist mit dem SMF-Filter von Wood ausgestattet, der Staub- und Schimmelpilzpartikel effektiv in der Luft zur\u00fcckh\u00e4lt und Ihre R\u00e4ume das ganze Jahr \u00fcber frei von Feuchtigkeit, Schimmel und Ger\u00fcchen h\u00e4lt. Dar\u00fcber hinaus sch\u00fctzt der Filter den Luftentfeuchter und sorgt f\u00fcr eine l\u00e4ngere Lebensdauer. <\/p>\n<h3>Das ganze Jahr \u00fcber effizient, auch bei niedrigen Temperaturen<\/h3>\n<p>Dank des innovativen i-EcoDefrost-Systems ist der SW59FX auch bei niedrigen Temperaturen von bis zu +2\u00b0C und +35\u00b0C \u00e4u\u00dferst effizient. Das macht ihn ideal f\u00fcr R\u00e4ume, die das ganze Jahr \u00fcber Feuchtigkeitskontrolle ben\u00f6tigen, unabh\u00e4ngig von den Wetterbedingungen. <\/p>\n<h3>Gebaut f\u00fcr die Ewigkeit<\/h3>\n<p>Der in Schweden hergestellte SW59FX ist f\u00fcr den Einsatz unter harten Bedingungen konzipiert. Das robuste Metallgeh\u00e4use und die hochwertigen Komponenten sorgen f\u00fcr langlebige Leistung, auch unter anspruchsvollen Bedingungen. Der SW59FX ist f\u00fcr den Dauerbetrieb ausgelegt, d.h. er kann Tag und Nacht ohne Unterbrechung betrieben werden.  <\/p>\n<h3>Lange Garantie und einfache nachhaltige Nutzung<\/h3>\n<p>Registrieren Sie Ihren Luftentfeuchter unter <a href=\"https:\/\/warranty-woods.com\">warranty.woods.se<\/a> und wechseln Sie den Filter einmal im Jahr, um eine erweiterte Garantie von bis zu 6 Jahren zu erhalten. Sie werden auch daran erinnert, wenn es Zeit ist, den Filter zu wechseln. So stellen Sie sicher, dass Ihr SW59FX immer die beste Leistung erbringt und jahrelang h\u00e4lt.<\/p>\n<p>Mit dem SW59FX von Wood erhalten Sie eine zuverl\u00e4ssige und effiziente L\u00f6sung, um Ihre R\u00e4ume das ganze Jahr \u00fcber trocken, gesund und frei von Feuchtigkeit zu halten.<\/p>\n<p><iframe loading=\"lazy\" title=\"WOOD&#039;S SW59FX SILENT - REFRIGERANT DEHUMIDIFIER - HANDS-ON\" width=\"500\" height=\"281\" src=\"https:\/\/www.youtube.com\/embed\/U-HfR1aC6_s?feature=oembed\" frameborder=\"0\" allow=\"accelerometer; autoplay; clipboard-write; encrypted-media; gyroscope; picture-in-picture; web-share\" referrerpolicy=\"strict-origin-when-cross-origin\" allowfullscreen><\/iframe><\/p>\n","protected":false},"excerpt":{"rendered":"<p>Der SW59FX von Wood ist der leistungsst\u00e4rkste und energieeffizienteste Luftentfeuchter der SW-Reihe und entfernt bis zu 41 Liter Feuchtigkeit pro Tag. Er ist ideal f\u00fcr die Feuchtigkeitsbek\u00e4mpfung im gro\u00dfen Stil, einschlie\u00dflich der Beseitigung von \u00dcberschwemmungen und Wasserlecks. Er ist auch bei niedrigen Temperaturen effektiv, hat eine starke Leistung, die rund um die Uhr laufen kann, und ein benutzerfreundliches Design, das ihn perfekt f\u00fcr den Dauerbetrieb macht. Hergestellt in Schweden mit bis zu 6 Jahren Garantie.   <\/p>\n","protected":false},"featured_media":39827,"template":"","meta":{"_acf_changed":false},"product_brand":[],"product_cat":[4727,411],"product_tag":[386,397,402,387],"class_list":{"0":"post-48184","1":"product","2":"type-product","3":"status-publish","4":"has-post-thumbnail","6":"product_cat-keller","7":"product_cat-luftentfeuchter","8":"product_tag-dachboden","9":"product_tag-garage-de","10":"product_tag-hygiene","11":"product_tag-keller","12":"product_shipping_class-very-high","13":"splide__slide","15":"first","16":"instock","17":"taxable","18":"shipping-taxable","19":"purchasable","20":"product-type-simple"},"acf":[],"_links":{"self":[{"href":"https:\/\/woods.se\/de\/wp-json\/wp\/v2\/product\/48184","targetHints":{"allow":["GET"]}}],"collection":[{"href":"https:\/\/woods.se\/de\/wp-json\/wp\/v2\/product"}],"about":[{"href":"https:\/\/woods.se\/de\/wp-json\/wp\/v2\/types\/product"}],"wp:featuredmedia":[{"embeddable":true,"href":"https:\/\/woods.se\/de\/wp-json\/wp\/v2\/media\/39827"}],"wp:attachment":[{"href":"https:\/\/woods.se\/de\/wp-json\/wp\/v2\/media?parent=48184"}],"wp:term":[{"taxonomy":"product_brand","embeddable":true,"href":"https:\/\/woods.se\/de\/wp-json\/wp\/v2\/product_brand?post=48184"},{"taxonomy":"product_cat","embeddable":true,"href":"https:\/\/woods.se\/de\/wp-json\/wp\/v2\/product_cat?post=48184"},{"taxonomy":"product_tag","embeddable":true,"href":"https:\/\/woods.se\/de\/wp-json\/wp\/v2\/product_tag?post=48184"}],"curies":[{"name":"wp","href":"https:\/\/api.w.org\/{rel}","templated":true}]}}