{"id":48181,"date":"2025-04-16T08:57:27","date_gmt":"2025-04-16T06:57:27","guid":{"rendered":"https:\/\/stage.woods.se\/?post_type=product&#038;p=48181"},"modified":"2026-04-24T10:06:28","modified_gmt":"2026-04-24T08:06:28","slug":"woods-sw45fb","status":"publish","type":"product","link":"https:\/\/woods.se\/de\/produkte\/luftentfeuchter\/keller\/woods-sw45fb\/","title":{"rendered":"Wood&#8217;s SW45FB"},"content":{"rendered":"<h2>Wood&#8217;s SW45FB (schwarz)<\/h2>\n<h3>Effektiver Luftentfeuchter f\u00fcr Keller und Garagen<\/h3>\n<p>Der SW45FB von Wood ist ein leistungsstarker Luftentfeuchter, der perfekt geeignet ist, gro\u00dfe, feuchte R\u00e4ume trocken und komfortabel zu halten. Mit seiner beeindruckenden Kapazit\u00e4t, bis zu 25 Liter Feuchtigkeit pro Tag zu entfernen, und einem effektiven Luftstrom von 315 m\u00b3\/h ist der SW45FB eine zuverl\u00e4ssige L\u00f6sung f\u00fcr Keller und Garagen. Dank seiner robusten Konstruktion und innovativen Funktionen ist er ideal f\u00fcr die Bek\u00e4mpfung von Feuchtigkeit, Schimmel und unangenehmen Ger\u00fcchen, selbst bei niedrigen Temperaturen.  <\/p>\n<h3>Empfohlene Einsatzgebiete<\/h3>\n<p><strong>Kellergeschosse:<\/strong> H\u00e4lt den gesamten Keller trocken und frei von Schimmel, perfekt f\u00fcr die Lagerung oder als zus\u00e4tzlichen Wohnraum.<br \/>\n<strong>Garagen:<\/strong> Sch\u00fctzt Fahrzeuge und Werkzeuge, indem es das ganze Jahr \u00fcber effektiv Feuchtigkeit fernh\u00e4lt.<br \/>\n<strong>Andere kalte R\u00e4ume:<\/strong> Mit einer stabilen Feuchtigkeitskontrolle bis zu +2\u00b0C ist er ideal f\u00fcr gro\u00dfe Lagerr\u00e4ume oder Dachb\u00f6den, in denen empfindliche Gegenst\u00e4nde gelagert werden.<\/p>\n<h3>Wichtige Merkmale:<\/h3>\n\n<h3>Hohe Kapazit\u00e4t und Luftstrom f\u00fcr effiziente Zirkulation<\/h3>\n<p>Mit seiner hohen Entfeuchtungskapazit\u00e4t von 25 Litern pro Tag bew\u00e4ltigt der SW45FB gro\u00dfe und unterteilte R\u00e4ume mit Leichtigkeit. Der hohe Luftstrom von 315 m\u00b3\/h sorgt daf\u00fcr, dass jede Ecke erreicht und trocken gehalten wird, wodurch das Risiko von Feuchtigkeitssch\u00e4den und unangenehmen Ger\u00fcchen verringert wird. <\/p>\n<h3>Einfach zu verwenden und zu pflegen<\/h3>\n<p>Der SW45FB ist mit einem 11,4-Liter-Wassertank ausgestattet, der leicht zu entleeren ist. F\u00fcr noch mehr Komfort k\u00f6nnen Sie einen Schlauchanschluss f\u00fcr eine kontinuierliche Entleerung anschlie\u00dfen oder den Luftentfeuchter direkt \u00fcber einem Bodenablauf platzieren. Dar\u00fcber hinaus startet das Ger\u00e4t nach einem Stromausfall automatisch, so dass die Luftfeuchtigkeitskontrolle nie unterbrochen wird und zu den vorherigen Einstellungen zur\u00fcckkehrt. Der SW45FB \u00fcberwacht die Luftfeuchtigkeit im Raum und schaltet sich bei Bedarf automatisch ein und aus.   <\/p>\n<h3>Intelligenter Schimmel- und Partikelfilter<\/h3>\n<p>Der SW45FB ist mit einem Woods SMF-Filter ausgestattet, der effektiv Staub- und Schimmelpilzpartikel in der Luft auff\u00e4ngt, den Luftentfeuchter sch\u00fctzt und seine Lebensdauer verl\u00e4ngert. Das macht ihn zu einer sicheren und langfristigen L\u00f6sung und h\u00e4lt Ihre R\u00e4ume das ganze Jahr \u00fcber frei von Feuchtigkeit, Schimmel und Ger\u00fcchen. <\/p>\n<h3>Das ganze Jahr \u00fcber wirksam, auch bei niedrigen Temperaturen<\/h3>\n<p>Dank des i-EcoDefrost-Systems arbeitet der SW45FB effektiv bis zu +2\u00b0C und ist damit auch f\u00fcr den Einsatz in k\u00e4lteren Umgebungen geeignet. Er ist auch f\u00fcr den Dauerbetrieb ausgelegt, so dass er rund um die Uhr sicher arbeitet und Ihre R\u00e4ume zu jeder Jahreszeit frei von Feuchtigkeit und Schimmel h\u00e4lt. <\/p>\n<h3>Gebaut f\u00fcr die Ewigkeit<\/h3>\n<p>Der in Schweden aus hochwertigen Komponenten und einem robusten Metallgeh\u00e4use gefertigte SW45FB ist so konstruiert, dass er den Belastungen anspruchsvoller Umgebungen standh\u00e4lt und das ganze Jahr \u00fcber bei jedem Klima funktioniert. Er ist sowohl energieeffizient als auch robust, was ihn zu einer langfristigen und zuverl\u00e4ssigen Wahl bei der Bek\u00e4mpfung von Feuchtigkeitsproblemen in Ihrem Zuhause macht. <\/p>\n<h3>Lange Garantie von bis zu 6 Jahren<\/h3>\n<p>Wenn Sie Ihren SW45FB bei <a href=\"https:\/\/warranty-woods.com\">warranty.woods.se<\/a> registrieren und den Filter j\u00e4hrlich austauschen, erhalten Sie eine der l\u00e4ngsten Garantien auf dem Markt, n\u00e4mlich bis zu 6 Jahre. Indem Sie den \u00dcberblick \u00fcber den Filterwechsel behalten, verl\u00e4ngern Sie die Lebensdauer des Luftentfeuchters und erhalten seine optimale Leistung aufrecht. Vergessen Sie nicht, Ihre Quittung aufzubewahren, wenn Sie Filter kaufen.  <\/p>\n<p>Mit dem Wood SW45FB erhalten Sie eine leistungsstarke, energieeffiziente und zuverl\u00e4ssige L\u00f6sung f\u00fcr Ihre Feuchtigkeitsprobleme &#8211; das ganze Jahr \u00fcber!<\/p>\n<p>&nbsp;<\/p>\n","protected":false},"excerpt":{"rendered":"<p>Der SW45FB von Wood ist ein leistungsstarker Luftentfeuchter, der Feuchtigkeit, Schimmel und unangenehme Ger\u00fcche in kalten R\u00e4umen wie Kellern und Garagen effektiv bek\u00e4mpft. Er entfernt bis zu 25 Liter Feuchtigkeit pro Tag und verf\u00fcgt \u00fcber einen hohen Luftstrom, der sicherstellt, dass alle Teile des Raumes trocken bleiben. Der SW45FB ist eine zuverl\u00e4ssige und langfristige L\u00f6sung, um gro\u00dfe R\u00e4ume das ganze Jahr \u00fcber feuchtigkeitsfrei zu halten, und ist auch bei niedrigen Temperaturen wirksam. Hergestellt in Schweden und mit bis zu 6 Jahren Garantie.   <\/p>\n<p>&nbsp;<\/p>\n","protected":false},"featured_media":39429,"template":"","meta":{"_acf_changed":false},"product_brand":[],"product_cat":[4727,411],"product_tag":[386,397,387],"class_list":{"0":"post-48181","1":"product","2":"type-product","3":"status-publish","4":"has-post-thumbnail","6":"product_cat-keller","7":"product_cat-luftentfeuchter","8":"product_tag-dachboden","9":"product_tag-garage-de","10":"product_tag-keller","11":"splide__slide","13":"first","14":"instock","15":"taxable","16":"shipping-taxable","17":"product-type-simple"},"acf":[],"_links":{"self":[{"href":"https:\/\/woods.se\/de\/wp-json\/wp\/v2\/product\/48181","targetHints":{"allow":["GET"]}}],"collection":[{"href":"https:\/\/woods.se\/de\/wp-json\/wp\/v2\/product"}],"about":[{"href":"https:\/\/woods.se\/de\/wp-json\/wp\/v2\/types\/product"}],"wp:featuredmedia":[{"embeddable":true,"href":"https:\/\/woods.se\/de\/wp-json\/wp\/v2\/media\/39429"}],"wp:attachment":[{"href":"https:\/\/woods.se\/de\/wp-json\/wp\/v2\/media?parent=48181"}],"wp:term":[{"taxonomy":"product_brand","embeddable":true,"href":"https:\/\/woods.se\/de\/wp-json\/wp\/v2\/product_brand?post=48181"},{"taxonomy":"product_cat","embeddable":true,"href":"https:\/\/woods.se\/de\/wp-json\/wp\/v2\/product_cat?post=48181"},{"taxonomy":"product_tag","embeddable":true,"href":"https:\/\/woods.se\/de\/wp-json\/wp\/v2\/product_tag?post=48181"}],"curies":[{"name":"wp","href":"https:\/\/api.w.org\/{rel}","templated":true}]}}