{"id":48163,"date":"2024-12-10T14:00:30","date_gmt":"2024-12-10T13:00:30","guid":{"rendered":"https:\/\/stage.woods.se\/?post_type=product&#038;p=48163"},"modified":"2026-03-05T14:18:16","modified_gmt":"2026-03-05T13:18:16","slug":"woods-wld1","status":"publish","type":"product","link":"https:\/\/woods.se\/de\/produkte\/luftentfeuchter\/woods-wld1\/","title":{"rendered":"Wood&#8217;s WLD1"},"content":{"rendered":"<h2>Wood&#8217;s WLD1<\/h2>\n<h3>Der energieeffiziente W\u00e4schetrockner der Zukunft ist da.<\/h3>\n<p>Das Trocknen von W\u00e4sche in kurzer Zeit ist kostspielig, da es oft die Zufuhr von W\u00e4rme erfordert, die viel Energie verbraucht. Dies macht sich besonders in Mehrfamilienh\u00e4usern bemerkbar, wo die Waschk\u00fcche einen Gro\u00dfteil des Tages genutzt wird. <\/p>\n<p>Der WLD1 Trockenraum-Entfeuchter von Wood wurde speziell f\u00fcr Hausbesitzer entwickelt, die ihre Energiekosten senken wollen, ohne Kompromisse bei der Trockenzeit einzugehen. Er wird so installiert, dass das leistungsstarke Gebl\u00e4se die W\u00e4sche sanft von unten trocken bl\u00e4st, wo sie am feuchtesten ist. Das energieeffiziente und umweltfreundliche K\u00e4ltemittel (R290) macht die Entfeuchtungskapazit\u00e4t au\u00dferdem so hoch, dass weniger W\u00e4rme ben\u00f6tigt wird als bei vielen anderen L\u00f6sungen. Der WLD1 ist bis zu 8,5 Mal energieeffizienter als Trockenraum-Entfeuchter mit zus\u00e4tzlicher Heizung. Das macht den WLD1 von Wood zur offensichtlichen Wahl f\u00fcr alle Immobilienbesitzer, die ihre Kosten senken und ihre Nachhaltigkeitsziele leichter erreichen wollen, indem sie den Energiebedarf kontinuierlich reduzieren.    <\/p>\n<h3>Berechnungsbeispiel &#8211; Wie viel Sie sparen k\u00f6nnen<\/h3>\n<p>Stromverbrauch beim aktuellen Trocknungssystem 6 kW minus WLD1 0,7 kW: 5,3 kWh<br \/>\nGesch\u00e4tzte angenommene Betriebszeit pro Tag 10 Stunden: 53 kWh<br \/>\n53 kWh x 30 Tage: 1 590 kWh\/Monat<br \/>\n1 590 kWh x 12 Monate: 19 080 kWh<\/p>\n<p><strong>Gesch\u00e4tzte Energieeinsparungen:<\/strong><br \/>\n1 590 kWh\/Monat: 19 080 kWh\/Jahr<\/p>\n<p><strong>Gesch\u00e4tzte Einsparungen in Geld:<\/strong><br \/>\nStrompreis \u20ac0,1\/kWh, Ersparnis: \u20ac 1 908\/Jahr<br \/>\nStrompreis \u20ac0,15\/kWh, Ersparnis: \u20ac 2 862\/Jahr<br \/>\nStrompreis \u20ac0,25\/KWh, Ersparnis: \u20ac 4 770\/Jahr<br \/>\nStrompreis \u20ac0,35\/KWh, Ersparnis: \u20ac 6 678\/Jahr<\/p>\n<h3>Empfohlene Einsatzgebiete:<\/h3>\n<p><strong>Trocknungsr\u00e4ume in Geb\u00e4uden:<\/strong> Der WLD1 ist eine zuverl\u00e4ssige und leistungsstarke Wahl f\u00fcr gr\u00f6\u00dfere Geb\u00e4ude, insbesondere in Mehrfamilienh\u00e4usern, in denen Trockenr\u00e4ume h\u00e4ufig genutzt werden. Durch die Installation des WLD1 sorgen Sie f\u00fcr einen schnellen und gleichm\u00e4\u00dfigen Trocknungsprozess, der das Risiko von Kondensation, Feuchtigkeitssch\u00e4den und unangenehmen Ger\u00fcchen verringert &#8211; was wiederum die Lebensdauer des Geb\u00e4udes verl\u00e4ngert.<br \/>\n<strong>Turnhallen und \u00e4hnliche R\u00e4umlichkeiten:<\/strong> In Umgebungen, in denen die Luftfeuchtigkeit h\u00e4ufig hoch ist, wie z.B. in Fitnessstudios, Trainingseinrichtungen oder anderen gro\u00dfen R\u00e4umlichkeiten, ist der WLD1 eine \u00e4u\u00dferst effektive L\u00f6sung. Er h\u00e4lt die Luft frisch und trocken und schafft so eine angenehmere und hygienischere Umgebung f\u00fcr Besucher und Ger\u00e4te. <\/p>\n<h3>Hohe Kapazit\u00e4t und Luftstrom f\u00fcr effiziente Zirkulation<\/h3>\n<p>Mit einer Entfeuchtungskapazit\u00e4t von bis zu 48 Litern pro Tag und einem Luftstrom von bis zu 800 m\u00b3\/h bew\u00e4ltigt der WLD1 effizient gro\u00dfe Mengen an W\u00e4sche und Feuchtigkeit. Das Trockenblasen der W\u00e4sche mit einem Luftentfeuchter ist nicht nur sehr energieeffizient, sondern auch schonend f\u00fcr die Kleidung. Das leistungsstarke Gebl\u00e4se hat vier einstellbare Geschwindigkeiten und trocknet die W\u00e4sche von unten, wo sie am nassesten ist. Wenn die W\u00e4sche richtig aufgeh\u00e4ngt wird, trocknet sie auch schneller. Nasse, schwere W\u00e4sche, wie z.B. Jeans, wird am dichtesten am Luftentfeuchter aufgeh\u00e4ngt, w\u00e4hrend kleinere, d\u00fcnnere W\u00e4sche am weitesten entfernt aufgeh\u00e4ngt wird. Wenn die W\u00e4sche auf zwei W\u00e4scheleinen aufgeh\u00e4ngt wird, trocknet sie noch schneller.     <\/p>\n<h3>Das ganze Jahr \u00fcber wirksam, auch bei niedrigen Temperaturen<\/h3>\n<p>Der WLD1 von Wood ist so konstruiert, dass er auch bei niedrigen Temperaturen effektiv arbeitet, mit einem Arbeitsbereich von +2 \u00b0C bis +35 \u00b0C. Das umweltfreundliche K\u00e4ltemittel R290 tr\u00e4gt zur Entfeuchtungsleistung bei, ohne dass W\u00e4rme zugef\u00fchrt werden muss, was den Energieverbrauch im Vergleich zu herk\u00f6mmlichen L\u00f6sungen senkt. Da warme Luft die Trocknungszeit beschleunigt und mehr Feuchtigkeit mit sich f\u00fchrt, empfiehlt es sich, das Heizungssystem des Geb\u00e4udes an den Raum anzuschlie\u00dfen.  <\/p>\n<h3>Intelligente Installation f\u00fcr bessere Ergebnisse<\/h3>\n<p>Der WLD1 wird so installiert, dass der Luftauslass an den W\u00e4scheleinen und der W\u00e4sche entlang gerichtet ist. F\u00fcr optimale Trocknungsergebnisse sollte die mitgelieferte Wandhalterung in der N\u00e4he der W\u00e4scheleinen angebracht werden. Er wird au\u00dferdem mit einer abnehmbaren Display-Abdeckung geliefert, mit der Sie w\u00e4hlen k\u00f6nnen, ob die Bewohner die Einstellungen \u00e4ndern k\u00f6nnen oder ob das Trocknen mit den vom Eigent\u00fcmer vorgegebenen Einstellungen erfolgen soll. Der WLD1 wird ohne Stecker geliefert und muss von einem qualifizierten Elektriker installiert werden. F\u00fcr eine m\u00f6glichst einfache Nutzung wird er am besten an eine Zeitschaltuhr angeschlossen, die die L\u00e4nge der Trocknungszeit steuert.    <\/p>\n<h3>Gebaut f\u00fcr die Ewigkeit<\/h3>\n<p>Der in Schweden hergestellte WLD1 mit seinem robusten Metallgeh\u00e4use und strapazierf\u00e4higen Komponenten ist f\u00fcr eine lange Lebensdauer und minimalen Wartungsaufwand ausgelegt. Der reinigbare Nylonfilter sch\u00fctzt den Luftentfeuchter, indem er Staub und Partikel aus der W\u00e4sche auff\u00e4ngt. Der mitgelieferte hochwertige SMF-Filter sch\u00fctzt das Ger\u00e4t vor kleineren Partikeln und Schimmel und sorgt so f\u00fcr eine optimale Leistung \u00fcber lange Zeit. <\/p>\n<h3>Lange Garantie und einfache nachhaltige Nutzung<\/h3>\n<p>F\u00fcr den WLD1 von Wood gilt eine Garantie von bis zu 6 Jahren, vorausgesetzt, der Filter wird einmal im Jahr ausgetauscht und das Ger\u00e4t wird auf warranty-woods.com registriert. Durch die Registrierung erhalten Sie auch Erinnerungen, wenn es Zeit ist, den Filter zu ersetzen. Das erleichtert die Wartung und sorgt daf\u00fcr, dass das Ger\u00e4t optimal funktioniert. <\/p>\n<h3>Eine langfristige und effektive L\u00f6sung f\u00fcr die Trocknung von R\u00e4umen und Immobilien<\/h3>\n<p>Mit dem WLD1 erhalten Sie einen Luftentfeuchter, der nicht nur die Energiekosten senkt, sondern auch die W\u00e4sche und die Geb\u00e4udestruktur beim Trocknungsprozess schont. Der WLD1 ist einfach zu installieren und zu bedienen und damit eine gute Wahl f\u00fcr Immobilienbesitzer, die nach Energieeffizienz und einer nachhaltigen Zukunft streben. <\/p>\n","protected":false},"excerpt":{"rendered":"<p>Der intelligente Trockenraum-Entfeuchter WLD1 von Wood wurde speziell f\u00fcr Immobilienbesitzer entwickelt, die ihre Energiekosten deutlich senken m\u00f6chten, ohne Kompromisse bei der Trockenzeit einzugehen. Mit einem leistungsstarken Gebl\u00e4se und einer hohen Entfeuchtungskapazit\u00e4t trocknet der WLD1 die W\u00e4sche ohne zus\u00e4tzliche Heizung, was die Energiekosten senkt und dazu beitr\u00e4gt, Nachhaltigkeitsziele zu erreichen. Dank seiner einfachen Installation und langlebigen Materialien ist der WLD1 eine langfristige und zuverl\u00e4ssige L\u00f6sung f\u00fcr alle Trockenr\u00e4ume. Hergestellt in Schweden mit einer Garantie von bis zu 6 Jahren.   <\/p>\n","protected":false},"featured_media":44461,"template":"","meta":{"_acf_changed":false},"product_brand":[],"product_cat":[4733,411,414],"product_tag":[2443,2441,2442],"class_list":{"0":"post-48163","1":"product","2":"type-product","3":"status-publish","4":"has-post-thumbnail","6":"product_cat-profis","7":"product_cat-luftentfeuchter","8":"product_cat-professional-de","9":"product_tag-grose-trockenraume","10":"product_tag-immobilien-industrie","11":"product_tag-trocknungsraume","12":"splide__slide","14":"first","15":"instock","16":"taxable","17":"shipping-taxable","18":"purchasable","19":"product-type-simple"},"acf":[],"_links":{"self":[{"href":"https:\/\/woods.se\/de\/wp-json\/wp\/v2\/product\/48163","targetHints":{"allow":["GET"]}}],"collection":[{"href":"https:\/\/woods.se\/de\/wp-json\/wp\/v2\/product"}],"about":[{"href":"https:\/\/woods.se\/de\/wp-json\/wp\/v2\/types\/product"}],"wp:featuredmedia":[{"embeddable":true,"href":"https:\/\/woods.se\/de\/wp-json\/wp\/v2\/media\/44461"}],"wp:attachment":[{"href":"https:\/\/woods.se\/de\/wp-json\/wp\/v2\/media?parent=48163"}],"wp:term":[{"taxonomy":"product_brand","embeddable":true,"href":"https:\/\/woods.se\/de\/wp-json\/wp\/v2\/product_brand?post=48163"},{"taxonomy":"product_cat","embeddable":true,"href":"https:\/\/woods.se\/de\/wp-json\/wp\/v2\/product_cat?post=48163"},{"taxonomy":"product_tag","embeddable":true,"href":"https:\/\/woods.se\/de\/wp-json\/wp\/v2\/product_tag?post=48163"}],"curies":[{"name":"wp","href":"https:\/\/api.w.org\/{rel}","templated":true}]}}