{"id":48161,"date":"2024-12-10T14:00:06","date_gmt":"2024-12-10T13:00:06","guid":{"rendered":"https:\/\/stage.woods.se\/?post_type=product&#038;p=48161"},"modified":"2026-03-05T14:27:03","modified_gmt":"2026-03-05T13:27:03","slug":"woods-wdd90","status":"publish","type":"product","link":"https:\/\/woods.se\/de\/produkte\/luftentfeuchter\/kalte-raume\/woods-wdd90\/","title":{"rendered":"Wood&#8217;s WDD90"},"content":{"rendered":"<h2>Wood&#8217;s WDD90<\/h2>\n<h3>Eine neue Generation von Luftentfeuchtern f\u00fcr kalte R\u00e4ume<\/h3>\n<p>Der WDD90 von Wood ist die neueste Innovation in der Desorptionsentfeuchtung &#8211; kompakt, leistungsstark und mit WiFi ausgestattet. Mit seinem modernen Design und seiner fortschrittlichen Technologie ist er f\u00fcr feuchte und kalte Umgebungen konzipiert, in denen herk\u00f6mmliche Luftentfeuchter oft ihre Wirksamkeit verlieren. Dank seiner Sorptionstechnologie funktioniert er bei 0\u00b0C genauso gut wie bei w\u00e4rmeren Temperaturen und ist damit perfekt f\u00fcr Ferienh\u00e4user, Boote und Wohnwagen geeignet.  <\/p>\n<h3>Hauptmerkmal:<\/h3>\n\n<h3>Wie ein Trockenmittel-Luftentfeuchter funktioniert<\/h3>\n<p>Das Herzst\u00fcck des WDD90 ist ein rotierender Rotor, der mit absorbierendem Material gef\u00fcllt ist, das die Feuchtigkeit aus der Luft aufnimmt. Diese wird dann durch W\u00e4rme freigesetzt und zu einem Kondensator transportiert, wo sie in Wasser umgewandelt wird. Das Wasser wird im Beh\u00e4lter aufgefangen oder \u00fcber einen Schlauch abgeleitet. Der Prozess hat einen nat\u00fcrlichen Nebeneffekt &#8211; bei der Nutzung der W\u00e4rme wird Energie freigesetzt, die die Temperatur im Raum leicht anhebt. Dadurch eignet sich der WDD90 besonders f\u00fcr kalte Umgebungen, in denen zus\u00e4tzliche W\u00e4rme ben\u00f6tigt wird.   <\/p>\n<h3>Effizient und benutzerfreundlich<\/h3>\n<p>Der neue WDD90 ist so konzipiert, dass er einfach zu bedienen ist und sich an Ihre Bed\u00fcrfnisse anpasst. Mit drei Gebl\u00e4sestufen und einem starken Luftstrom erhalten Sie immer das richtige Ma\u00df an Luftentfeuchtung. Der niedrige Ger\u00e4uschpegel macht ihn auch in kleinen R\u00e4umen ideal. Dank der integrierten WiFi-Funktion k\u00f6nnen Sie den Luftentfeuchter steuern und \u00fcberwachen, wo immer Sie sind. Bitte beachten Sie, dass Sie den Luftentfeuchter aus Sicherheitsgr\u00fcnden nicht aus der Ferne starten k\u00f6nnen.    <\/p>\n<h3>Gesunde Innenraumumgebung<\/h3>\n<p>Der WDD90 ist mit einem auswaschbaren Staubfilter f\u00fcr einfache Wartung ausgestattet. Die eingebaute Ionisierung reinigt die Luft und entfernt gleichzeitig Feuchtigkeit, so dass Sie ein frischeres, saubereres und ges\u00fcnderes Raumklima vorfinden. <\/p>\n<h3>Entwickelt f\u00fcr Flexibilit\u00e4t<\/h3>\n<p>Mit seiner praktischen Gr\u00f6\u00dfe, seinem modernen Design und seinen intelligenten Funktionen ist der WDD90 einfach zu platzieren und das ganze Jahr \u00fcber zu verwenden. Ganz gleich, ob Sie Ihr Boot im Winter vor Feuchtigkeitssch\u00e4den sch\u00fctzen, Ihr Ferienhaus trocken halten oder ein angenehmeres Klima in Ihrem Wohnwagen schaffen m\u00f6chten, der WDD90 ist eine neue zuverl\u00e4ssige L\u00f6sung. <\/p>\n<h3>Verl\u00e4ngern Sie Ihre Garantie<\/h3>\n<p>Wenn Sie Ihren WDD90 auf <a href=\"https:\/\/warranty-woods.com\/\">warranty-woods.com<\/a> registrieren, k\u00f6nnen Sie die Garantie von 2 auf 3 Jahre verl\u00e4ngern.<\/p>\n<p>&nbsp;<\/p>\n","protected":false},"excerpt":{"rendered":"<p>Der neue Wood&#8217;s WDD90 ist ein moderner Sorptionsluftentfeuchter mit WiFi, der intelligente Steuerung mit leistungsstarker Luftentfeuchtung kombiniert. Er arbeitet bis zu 0\u00b0C und ist ideal f\u00fcr Ferienh\u00e4user, Boote und Wohnwagen. Mit drei Gebl\u00e4sestufen, leisem Betrieb und kontinuierlicher Entleerung ist er sowohl praktisch als auch effizient. Die integrierte Ionisierung verbessert au\u00dferdem die Luftqualit\u00e4t und sorgt f\u00fcr ein ges\u00fcnderes Raumklima.   <\/p>\n","protected":false},"featured_media":43442,"template":"","meta":{"_acf_changed":false},"product_brand":[],"product_cat":[4729,411],"product_tag":[389,391,405,403,3783],"class_list":{"0":"post-48161","1":"product","2":"type-product","3":"status-publish","4":"has-post-thumbnail","6":"product_cat-kalte-raume","7":"product_cat-luftentfeuchter","8":"product_tag-boot","9":"product_tag-kalte-raeume","10":"product_tag-sommerhaus","11":"product_tag-wlan","12":"product_tag-wohnwagen","13":"product_shipping_class-wdd90","14":"splide__slide","16":"first","17":"instock","18":"taxable","19":"shipping-taxable","20":"purchasable","21":"product-type-simple"},"acf":[],"_links":{"self":[{"href":"https:\/\/woods.se\/de\/wp-json\/wp\/v2\/product\/48161","targetHints":{"allow":["GET"]}}],"collection":[{"href":"https:\/\/woods.se\/de\/wp-json\/wp\/v2\/product"}],"about":[{"href":"https:\/\/woods.se\/de\/wp-json\/wp\/v2\/types\/product"}],"wp:featuredmedia":[{"embeddable":true,"href":"https:\/\/woods.se\/de\/wp-json\/wp\/v2\/media\/43442"}],"wp:attachment":[{"href":"https:\/\/woods.se\/de\/wp-json\/wp\/v2\/media?parent=48161"}],"wp:term":[{"taxonomy":"product_brand","embeddable":true,"href":"https:\/\/woods.se\/de\/wp-json\/wp\/v2\/product_brand?post=48161"},{"taxonomy":"product_cat","embeddable":true,"href":"https:\/\/woods.se\/de\/wp-json\/wp\/v2\/product_cat?post=48161"},{"taxonomy":"product_tag","embeddable":true,"href":"https:\/\/woods.se\/de\/wp-json\/wp\/v2\/product_tag?post=48161"}],"curies":[{"name":"wp","href":"https:\/\/api.w.org\/{rel}","templated":true}]}}