{"id":48157,"date":"2024-12-10T13:59:42","date_gmt":"2024-12-10T12:59:42","guid":{"rendered":"https:\/\/stage.woods.se\/?post_type=product&#038;p=48157"},"modified":"2026-03-05T14:29:50","modified_gmt":"2026-03-05T13:29:50","slug":"woods-wdd80","status":"publish","type":"product","link":"https:\/\/woods.se\/de\/produkte\/luftentfeuchter\/kalte-raume\/woods-wdd80\/","title":{"rendered":"Wood&#8217;s WDD80"},"content":{"rendered":"<h2>Wood&#8217;s WDD80<\/h2>\n<h3>Die optimale L\u00f6sung f\u00fcr kalte R\u00e4ume<\/h3>\n<p>Der WDD80 von Wood ist ein kompakter und praktischer Sorptionsluftentfeuchter, ideal f\u00fcr kalte und feuchte R\u00e4ume wie Ferienh\u00e4user, Boote und Wohnwagen. Da die Sorptionstechnologie nicht von der Raumtemperatur abh\u00e4ngt, arbeitet der WDD80 bis zu 0\u00b0C genauso effektiv und ist damit ideal f\u00fcr R\u00e4ume geeignet, in denen andere Luftentfeuchter ihre Wirkung verlieren k\u00f6nnten. <\/p>\n<h3>Wichtige Merkmale:<\/h3>\n\n<h3>Wie ein Trockenmittel-Luftentfeuchter funktioniert<\/h3>\n<p>Ein Luftentfeuchter f\u00e4ngt die Feuchtigkeit aus der Luft mit Hilfe eines rotierenden, mit absorbierendem Material gef\u00fcllten Rotors auf, wo die Feuchtigkeit eingeschlossen wird. Diese Feuchtigkeit wird dann in einen separaten Teil des Luftentfeuchters transportiert, wo ein eingebautes Heizelement das absorbierende Material erhitzt. Durch die Hitze wird die Feuchtigkeit aus dem Rotor freigesetzt und in einen Kondensator geblasen. Im Kondensator wird die feuchte Luft in fl\u00fcssiges Wasser umgewandelt, das entweder in einem eingebauten Wassertank gesammelt oder \u00fcber einen Schlauch abgeleitet wird.   <\/p>\n<p>Dieser Prozess hat einen positiven Nebeneffekt: Da die Feuchtigkeit durch W\u00e4rme freigesetzt wird, tr\u00e4gt der Desorptionsentfeuchter dazu bei, die Temperatur im Raum leicht zu erh\u00f6hen. Das macht ihn besonders geeignet f\u00fcr kalte R\u00e4ume wie Ferienh\u00e4user, Boote und Wohnwagen, in denen sowohl eine Entfeuchtung als auch eine leichte Temperaturerh\u00f6hung w\u00fcnschenswert ist. <\/p>\n<h3>Effizient und benutzerfreundlich<\/h3>\n<p>Mit dem WDD80 erhalten Sie einen starken Luftstrom und drei verschiedene L\u00fcftergeschwindigkeiten, die eine flexible Entfeuchtung je nach Bedarf erm\u00f6glichen. Das Ger\u00e4t ist au\u00dferdem sehr leise, was es ideal f\u00fcr kleinere R\u00e4ume macht, in denen Sie st\u00f6rende Ger\u00e4usche vermeiden m\u00f6chten. <\/p>\n<h3>Umweltfreundlich und sicher<\/h3>\n<p>Der WDD80 ist mit einem auswaschbaren Staubfilter ausgestattet, der die Wartung erleichtert. Er ist au\u00dferdem mit einem Schlauchanschluss f\u00fcr die kontinuierliche Entleerung ausgestattet, so dass der Wassertank nicht mehr manuell geleert werden muss. Aktivieren Sie die eingebaute Ionisierung, um gleichzeitig die Luft zu reinigen &#8211; eine zus\u00e4tzliche Funktion, die f\u00fcr ein frischeres und ges\u00fcnderes Raumklima sorgt.  <\/p>\n<h3>Glatt und flexibel<\/h3>\n<p>Der Wood&#8217;s WDD80 hat ein kompaktes Design und einen niedrigen Ger\u00e4uschpegel, so dass er auch in kleinen R\u00e4umen leicht aufgestellt werden kann, selbst wenn es kalt ist. Ganz gleich, ob Sie Ihr Boot im Winter vor Feuchtigkeitssch\u00e4den sch\u00fctzen oder Ihr Ferienhaus in der kalten Jahreszeit trocken halten m\u00f6chten, der WDD80 sorgt das ganze Jahr \u00fcber f\u00fcr eine zuverl\u00e4ssige Luftentfeuchtung. <\/p>\n<h3>Verl\u00e4ngern Sie Ihre Garantie<\/h3>\n<p>Wenn Sie Ihren WDD80 auf <a href=\"https:\/\/warranty-woods.com\/\">warranty-woods.com<\/a> registrieren, k\u00f6nnen Sie die Garantie von 2 auf 3 Jahre verl\u00e4ngern.<\/p>\n<p><iframe loading=\"lazy\" title=\"Instruction video - Wood&#039;s WDD80 (English)\" width=\"500\" height=\"281\" src=\"https:\/\/www.youtube.com\/embed\/UUMm0sq5di4?feature=oembed\" frameborder=\"0\" allow=\"accelerometer; autoplay; clipboard-write; encrypted-media; gyroscope; picture-in-picture; web-share\" referrerpolicy=\"strict-origin-when-cross-origin\" allowfullscreen><\/iframe><\/p>\n","protected":false},"excerpt":{"rendered":"<p>Der WDD80 von Wood ist ein kompakter Luftentfeuchter, der bis zu einer Temperatur von 0\u00b0C arbeitet und perfekt f\u00fcr kalte R\u00e4ume wie Ferienh\u00e4user, Boote und Wohnwagen geeignet ist. Mit drei Gebl\u00e4sestufen, leisem Betrieb und kontinuierlicher Entleerung ist er sowohl bequem als auch effizient. Die eingebaute Ionisierung reinigt die Luft und entfernt gleichzeitig die Feuchtigkeit, was f\u00fcr ein frischeres und ges\u00fcnderes Raumklima sorgt.  <\/p>\n","protected":false},"featured_media":43566,"template":"","meta":{"_acf_changed":false},"product_brand":[],"product_cat":[4729,411],"product_tag":[389,391,405,403,3783],"class_list":{"0":"post-48157","1":"product","2":"type-product","3":"status-publish","4":"has-post-thumbnail","6":"product_cat-kalte-raume","7":"product_cat-luftentfeuchter","8":"product_tag-boot","9":"product_tag-kalte-raeume","10":"product_tag-sommerhaus","11":"product_tag-wlan","12":"product_tag-wohnwagen","13":"product_shipping_class-high","14":"splide__slide","16":"first","17":"instock","18":"taxable","19":"shipping-taxable","20":"purchasable","21":"product-type-simple"},"acf":[],"_links":{"self":[{"href":"https:\/\/woods.se\/de\/wp-json\/wp\/v2\/product\/48157","targetHints":{"allow":["GET"]}}],"collection":[{"href":"https:\/\/woods.se\/de\/wp-json\/wp\/v2\/product"}],"about":[{"href":"https:\/\/woods.se\/de\/wp-json\/wp\/v2\/types\/product"}],"wp:featuredmedia":[{"embeddable":true,"href":"https:\/\/woods.se\/de\/wp-json\/wp\/v2\/media\/43566"}],"wp:attachment":[{"href":"https:\/\/woods.se\/de\/wp-json\/wp\/v2\/media?parent=48157"}],"wp:term":[{"taxonomy":"product_brand","embeddable":true,"href":"https:\/\/woods.se\/de\/wp-json\/wp\/v2\/product_brand?post=48157"},{"taxonomy":"product_cat","embeddable":true,"href":"https:\/\/woods.se\/de\/wp-json\/wp\/v2\/product_cat?post=48157"},{"taxonomy":"product_tag","embeddable":true,"href":"https:\/\/woods.se\/de\/wp-json\/wp\/v2\/product_tag?post=48157"}],"curies":[{"name":"wp","href":"https:\/\/api.w.org\/{rel}","templated":true}]}}