{"id":48156,"date":"2024-12-10T13:59:08","date_gmt":"2024-12-10T12:59:08","guid":{"rendered":"https:\/\/stage.woods.se\/?post_type=product&#038;p=48156"},"modified":"2026-03-05T14:39:11","modified_gmt":"2026-03-05T13:39:11","slug":"woods-wcd8hgh-pro","status":"publish","type":"product","link":"https:\/\/woods.se\/de\/produkte\/luftentfeuchter\/woods-wcd8hgh-pro\/","title":{"rendered":"Wood&#8217;s WCD8HGH Pro"},"content":{"rendered":"<h2>Wood&#8217;s WCD8HGH PRO<\/h2>\n<h3>Leistungsstarker Luftentfeuchter mit Heizung f\u00fcr Lagerhallen, Industrieanlagen und andere gro\u00dfe R\u00e4ume<\/h3>\n<p>Der WCD8HGH Pro von Wood ist ein professioneller Luftentfeuchter f\u00fcr den industriellen Einsatz, der f\u00fcr die zuverl\u00e4ssige Kontrolle der Luftfeuchtigkeit in sehr gro\u00dfen R\u00e4umen wie Lagerhallen, Industrieanlagen und anderen gro\u00dfen Geb\u00e4uden entwickelt wurde. Mit einer Kapazit\u00e4t von bis zu 49 Litern pro Tag und einem Luftstrom von 300 m\u00b3\/h sorgt er selbst in anspruchsvollen Umgebungen f\u00fcr eine effektive Zirkulation und Entfeuchtung.<br \/>\nEin einzigartiger Vorteil ist die eingebaute Heizung, die die Entfeuchtungseffizienz weiter erh\u00f6ht, da warme Luft mehr Feuchtigkeit aufnehmen kann. Dadurch kann der WCD8HGH Pro auch in kalten und feuchten R\u00e4umen schneller und effizienter arbeiten.  <\/p>\n<h3>Empfohlene Einsatzgebiete:<\/h3>\n<p><strong>Lagerh\u00e4user und Industrieanlagen:<\/strong> Kontinuierliche Luftfeuchtigkeitskontrolle in gro\u00dfen R\u00e4umen, wo ein stabiler und zuverl\u00e4ssiger Betrieb entscheidend ist.<br \/>\n<strong>Kirchen und Produktionsst\u00e4tten:<\/strong> Sch\u00fctzt Geb\u00e4ude, Maschinen und Ger\u00e4te vor Feuchtigkeitssch\u00e4den.<br \/>\n<strong>Gro\u00dfe, kalte R\u00e4ume:<\/strong> Dank der Heizung und i-EcoDefrost funktioniert er das ganze Jahr \u00fcber, sogar bei Temperaturen von bis zu +2 \u00b0C.<\/p>\n<h3>Effektiv das ganze Jahr \u00fcber mit intelligenter Abtauung<\/h3>\n<p>Mit dem von Wood entwickelten i-EcoDefrost-System passt sich der WCD8HGH Pro automatisch an Temperatur und Luftfeuchtigkeit an und bietet einen energieeffizienten und stabilen Betrieb von +2 \u00b0C bis +35 \u00b0C (und bis zu +40 \u00b0C im intermittierenden Betrieb).<\/p>\n<h3>Robuste Konstruktion f\u00fcr Dauerbetrieb<\/h3>\n<p>Der WCD8HGH Pro ist mit seinem verst\u00e4rkten Chassis, den strapazierf\u00e4higen R\u00e4dern und dem klappbaren Griff f\u00fcr den Einsatz unter rauen Bedingungen ausgelegt. Er kann rund um die Uhr betrieben werden, ohne Kompromisse bei der Leistung einzugehen, und ist daher ideal f\u00fcr den langfristigen Einsatz in aggressiven Umgebungen. <\/p>\n<h3>Schwedisch hergestellt mit Fokus auf Nachhaltigkeit<\/h3>\n<p>Hergestellt in Schweden mit hochwertigen Komponenten und unschlagbarer Zuverl\u00e4ssigkeit. Der WCD8HGH Pro verwendet ein umweltfreundliches K\u00e4ltemittel (R-290) und verf\u00fcgt \u00fcber einen auswaschbaren Filter, wodurch er sowohl energieeffizient als auch langlebig ist. <\/p>\n","protected":false},"excerpt":{"rendered":"<p>Der WCD8HGH Pro von Wood ist einer der leistungsst\u00e4rksten und effizientesten Luftentfeuchter auf dem Markt f\u00fcr gro\u00dfe R\u00e4ume wie Lagerh\u00e4user, Industrieanlagen und Kirchen. Mit einer Kapazit\u00e4t von 49 Litern\/Tag, einer eingebauten Heizung und einem energieeffizienten Abtausystem bietet er eine stabile Luftfeuchtigkeitskontrolle auch bei niedrigen Temperaturen. Die robuste Konstruktion, das stapelbare Design und der einfache Transport machen ihn zu einer zuverl\u00e4ssigen Wahl f\u00fcr anspruchsvolle Umgebungen, in denen eine kontinuierliche Entfeuchtung entscheidend ist.  <\/p>\n","protected":false},"featured_media":44209,"template":"","meta":{"_acf_changed":false},"product_brand":[],"product_cat":[4733,411,414],"product_tag":[3774,2480,404],"class_list":{"0":"post-48156","1":"product","2":"type-product","3":"status-publish","4":"has-post-thumbnail","6":"product_cat-profis","7":"product_cat-luftentfeuchter","8":"product_cat-professional-de","9":"product_tag-grose-raumlichkeiten","10":"product_tag-industrielle-einrichtungen","11":"product_tag-lagerhaus","12":"product_shipping_class-very-high","13":"splide__slide","15":"first","16":"instock","17":"taxable","18":"shipping-taxable","19":"purchasable","20":"product-type-simple"},"acf":[],"_links":{"self":[{"href":"https:\/\/woods.se\/de\/wp-json\/wp\/v2\/product\/48156","targetHints":{"allow":["GET"]}}],"collection":[{"href":"https:\/\/woods.se\/de\/wp-json\/wp\/v2\/product"}],"about":[{"href":"https:\/\/woods.se\/de\/wp-json\/wp\/v2\/types\/product"}],"wp:featuredmedia":[{"embeddable":true,"href":"https:\/\/woods.se\/de\/wp-json\/wp\/v2\/media\/44209"}],"wp:attachment":[{"href":"https:\/\/woods.se\/de\/wp-json\/wp\/v2\/media?parent=48156"}],"wp:term":[{"taxonomy":"product_brand","embeddable":true,"href":"https:\/\/woods.se\/de\/wp-json\/wp\/v2\/product_brand?post=48156"},{"taxonomy":"product_cat","embeddable":true,"href":"https:\/\/woods.se\/de\/wp-json\/wp\/v2\/product_cat?post=48156"},{"taxonomy":"product_tag","embeddable":true,"href":"https:\/\/woods.se\/de\/wp-json\/wp\/v2\/product_tag?post=48156"}],"curies":[{"name":"wp","href":"https:\/\/api.w.org\/{rel}","templated":true}]}}