{"id":48150,"date":"2024-12-10T13:56:01","date_gmt":"2024-12-10T12:56:01","guid":{"rendered":"https:\/\/stage.woods.se\/?post_type=product&#038;p=48150"},"modified":"2026-03-05T14:53:09","modified_gmt":"2026-03-05T13:53:09","slug":"woods-wcd3pro","status":"publish","type":"product","link":"https:\/\/woods.se\/de\/produkte\/luftentfeuchter\/woods-wcd3pro\/","title":{"rendered":"Wood&#8217;s WCD3PRO"},"content":{"rendered":"<h2>Wood&#8217;s WCD3PRO<\/h2>\n<h3>Leistungsstarker Luftentfeuchter f\u00fcr Bau, Restaurierung und Vermietung<\/h3>\n<p>Der WCD3Pro von Wood ist ein zuverl\u00e4ssiger und leistungsstarker Luftentfeuchter, der f\u00fcr die h\u00e4rtesten Herausforderungen im Bau-, Renovierungs- und Mietsektor entwickelt wurde. Er ist so konzipiert, dass er auch in kalten und feuchten Umgebungen eine hohe Leistung erbringt, mit einer Betriebskapazit\u00e4t von +2 \u00b0C bis +35 \u00b0C. Erm\u00f6glicht wird dies durch das von Wood entwickelte intelligente Abtausystem i-EcoDefrost, das die Entfeuchtung noch energieeffizienter macht.  <\/p>\n<p>Mit seinem verst\u00e4rkten Fahrgestell, dem stapelbaren Design, den stabilen R\u00e4dern und den klappbaren Griffen ist der WCD3Pro leicht zu transportieren und an verschiedenen Einsatzorten zu handhaben. Er ist mit einem Betriebsstundenz\u00e4hler ausgestattet und damit ideal f\u00fcr Vermietungsunternehmen und Restaurationsbetriebe, die die Nutzung und Effizienz \u00fcberwachen m\u00fcssen. <\/p>\n<h3>Empfohlene Einsatzgebiete:<\/h3>\n<p><strong>Bau- und Immobilienbranche: <\/strong>Beschleunigt die Trocknungszeit von Materialien und ist ideal f\u00fcr die sichere Entfeuchtung von gro\u00dfen R\u00e4umen, die eine zuverl\u00e4ssige und effiziente Feuchtigkeitsentfernung erfordern.<br \/>\n<strong>Wasserschaden-Sanierung:<\/strong> Der WCD3Pro ist die ideale L\u00f6sung f\u00fcr sichere, schnelle und effiziente Sanierungsarbeiten.<br \/>\n<strong>Vermietungsunternehmen:<\/strong> Mit seinem Betriebsstundenz\u00e4hler und seinem robusten Design ist er perfekt f\u00fcr Vermietungszwecke geeignet, bei denen es auf Langlebigkeit und Leistung ankommt.<\/p>\n<p>Der WCD3Pro von Wood verwendet ein energieeffizientes und umweltfreundliches K\u00e4ltemittel (R-290) und ist mit einem auswaschbaren Filter f\u00fcr lange Lebensdauer und sehr sicheren Betrieb ausgestattet. Die Maschine wird in Schweden entwickelt und hergestellt, was hohe Qualit\u00e4t und Betriebssicherheit garantiert. <\/p>\n<p>Ganz gleich, ob Sie eine Baustelle schnell trockenlegen, einen Wasserschaden beheben oder eine professionelle Ausr\u00fcstung zur Miete anbieten m\u00fcssen, der WCD3Pro ist die offensichtliche Wahl.<\/p>\n","protected":false},"excerpt":{"rendered":"<p>Der WCD3Pro von Wood ist ein leistungsstarker professioneller Luftentfeuchter f\u00fcr Baustellen, Wasserschadensanierung und Vermietung. Er entfeuchtet effektiv auch bei niedrigen Temperaturen (bis zu +2\u00b0C) und kombiniert hohe Entfeuchtungskapazit\u00e4t, robuste Konstruktion und energieeffizienten Betrieb. Mit seinem klappbaren Griff, den robusten R\u00e4dern, dem stapelbaren Design und dem Betriebsstundenz\u00e4hler ist er ideal f\u00fcr gro\u00dfe R\u00e4ume und anspruchsvolle Umgebungen, in denen eine zuverl\u00e4ssige Feuchtigkeitsentfernung entscheidend ist.  <\/p>\n","protected":false},"featured_media":44139,"template":"","meta":{"_acf_changed":false},"product_brand":[],"product_cat":[4733,411,414],"product_tag":[2463,2461,2441,2462],"class_list":{"0":"post-48150","1":"product","2":"type-product","3":"status-publish","4":"has-post-thumbnail","6":"product_cat-profis","7":"product_cat-luftentfeuchter","8":"product_cat-professional-de","9":"product_tag-abhilfe","10":"product_tag-bauwesen","11":"product_tag-immobilien-industrie","12":"product_tag-vermietung","13":"product_shipping_class-sweden-very-high","14":"splide__slide","16":"first","17":"instock","18":"taxable","19":"shipping-taxable","20":"purchasable","21":"product-type-simple"},"acf":[],"_links":{"self":[{"href":"https:\/\/woods.se\/de\/wp-json\/wp\/v2\/product\/48150","targetHints":{"allow":["GET"]}}],"collection":[{"href":"https:\/\/woods.se\/de\/wp-json\/wp\/v2\/product"}],"about":[{"href":"https:\/\/woods.se\/de\/wp-json\/wp\/v2\/types\/product"}],"wp:featuredmedia":[{"embeddable":true,"href":"https:\/\/woods.se\/de\/wp-json\/wp\/v2\/media\/44139"}],"wp:attachment":[{"href":"https:\/\/woods.se\/de\/wp-json\/wp\/v2\/media?parent=48150"}],"wp:term":[{"taxonomy":"product_brand","embeddable":true,"href":"https:\/\/woods.se\/de\/wp-json\/wp\/v2\/product_brand?post=48150"},{"taxonomy":"product_cat","embeddable":true,"href":"https:\/\/woods.se\/de\/wp-json\/wp\/v2\/product_cat?post=48150"},{"taxonomy":"product_tag","embeddable":true,"href":"https:\/\/woods.se\/de\/wp-json\/wp\/v2\/product_tag?post=48150"}],"curies":[{"name":"wp","href":"https:\/\/api.w.org\/{rel}","templated":true}]}}