{"id":48148,"date":"2024-12-10T13:53:10","date_gmt":"2024-12-10T12:53:10","guid":{"rendered":"https:\/\/stage.woods.se\/?post_type=product&#038;p=48148"},"modified":"2026-03-05T15:05:16","modified_gmt":"2026-03-05T14:05:16","slug":"woods-mrd22g","status":"publish","type":"product","link":"https:\/\/woods.se\/de\/produkte\/luftentfeuchter\/wasche-trockene\/woods-mrd22g\/","title":{"rendered":"Wood&#8217;s MRD22G"},"content":{"rendered":"<h2>Wood&#8217;s MRD22G<\/h2>\n<h3>Die optimale L\u00f6sung zur W\u00e4schetrocknung<\/h3>\n<p>Der MRD22G von Wood ist der perfekte Luftentfeuchter f\u00fcr Waschk\u00fcchen und andere beheizte Feuchtr\u00e4ume. Mit seinem oberen Auslass und dem speziellen Trocknungsmodus kann der MRD22G die Trocknungszeit erheblich verk\u00fcrzen und Ihre W\u00e4sche schonend trocknen, so dass die Qualit\u00e4t Ihrer Kleidung l\u00e4nger erhalten bleibt. Der MRD22G bew\u00e4ltigt bis zu 20 Liter Feuchtigkeit pro Tag und schafft so effektiv ein frisches und angenehmes Raumklima ohne Feuchtigkeit und Schimmelgefahr.  <\/p>\n<h3>Wichtige Merkmale:<\/h3>\n\n<h3>Benutzerfreundlich und flexibel<\/h3>\n<p>Der MRD22G ist so konzipiert, dass er einfach und leicht zu bedienen ist. \u00dcber das \u00fcbersichtliche Touch-Bedienfeld k\u00f6nnen Sie ganz einfach die gew\u00fcnschte Luftfeuchtigkeit einstellen und das Ger\u00e4t diese Werte beibehalten lassen. Das Ger\u00e4t verf\u00fcgt au\u00dferdem \u00fcber einen programmierbaren 24-Stunden-Timer, mit dem Sie die Entfeuchtung je nach Bedarf automatisch starten und stoppen k\u00f6nnen, was die Anpassung an Ihren Alltag erleichtert.  <\/p>\n<h3>Energieeffizient und umweltfreundlich<\/h3>\n<p>Ausgestattet mit dem K\u00e4ltemittel R290 ist der MRD22 eine umweltfreundliche L\u00f6sung mit dem Schwerpunkt auf niedrigem Energieverbrauch und optimaler Leistung. Er entfeuchtet in beheizten R\u00e4umen und verf\u00fcgt \u00fcber eine automatische Abtaufunktion sowie eine Anzeige, die anzeigt, wann der 3,5-Liter-Wassertank voll ist. So wird sichergestellt, dass er effizient arbeitet und unn\u00f6tigen Energieverbrauch verhindert. <\/p>\n<h3>Sicher und zuverl\u00e4ssig f\u00fcr die Waschk\u00fcche<\/h3>\n<p>Der MRD22G von Wood ist ein zuverl\u00e4ssiger und sicherer Luftentfeuchter. Die automatische Abschaltfunktion wird aktiviert, wenn der Wassertank voll ist, und ein Hydrometer sorgt daf\u00fcr, dass die Luftfeuchtigkeit auf dem gew\u00fcnschten Niveau gehalten wird. Der MRD22G ist eine sichere Wahl f\u00fcr den Haushalt und besonders n\u00fctzlich in Waschk\u00fcchen, wo sein Waschmodus und seine effektive Entfeuchtung ihn zu einem unsch\u00e4tzbaren Alltagshelfer machen.  <\/p>\n<h3>Verl\u00e4ngern Sie Ihre Garantie<\/h3>\n<p>Indem Sie Ihr MRD22 bei <a href=\"https:\/\/warranty-woods.com\/\">warranty-woods.com<\/a> registrieren, verl\u00e4ngern Sie die Garantie von 2 auf 3 Jahre.<\/p>\n<p>W\u00e4hlen Sie den MRD22 von Wood f\u00fcr eine nachhaltige, effiziente und bequeme Art, Ihre W\u00e4sche zu trocknen und die Luftfeuchtigkeit zu kontrollieren.<\/p>\n","protected":false},"excerpt":{"rendered":"<p>Der MRD22G von Wood ist ein effektiver Luftentfeuchter, perfekt f\u00fcr Waschk\u00fcchen und andere beheizte, feuchte R\u00e4ume. Mit einer Kapazit\u00e4t von 20 Litern pro Tag und einem oberen Auslass trocknet er die W\u00e4sche schnell und h\u00e4lt sowohl die Luft als auch die Kleidung frisch. Er ist einfach zu bedienen und verf\u00fcgt \u00fcber viele n\u00fctzliche und intelligente Funktionen, die den Trocknungsprozess beschleunigen. Der MRD22G ist mit einer automatischen Abtauung und Sicherheitsfunktionen ausgestattet, die ihn zu einer zuverl\u00e4ssigen L\u00f6sung f\u00fcr eine effektive Feuchtigkeitskontrolle machen.   <\/p>\n","protected":false},"featured_media":43906,"template":"","meta":{"_acf_changed":false},"product_brand":[],"product_cat":[411,4731],"product_tag":[393,395],"class_list":{"0":"post-48148","1":"product","2":"type-product","3":"status-publish","4":"has-post-thumbnail","6":"product_cat-luftentfeuchter","7":"product_cat-wasche-trockene","8":"product_tag-trockene-wasche","9":"product_tag-waeschetrocknung-im-waschraum","10":"splide__slide","12":"first","13":"instock","14":"taxable","15":"shipping-taxable","16":"purchasable","17":"product-type-simple"},"acf":[],"_links":{"self":[{"href":"https:\/\/woods.se\/de\/wp-json\/wp\/v2\/product\/48148","targetHints":{"allow":["GET"]}}],"collection":[{"href":"https:\/\/woods.se\/de\/wp-json\/wp\/v2\/product"}],"about":[{"href":"https:\/\/woods.se\/de\/wp-json\/wp\/v2\/types\/product"}],"wp:featuredmedia":[{"embeddable":true,"href":"https:\/\/woods.se\/de\/wp-json\/wp\/v2\/media\/43906"}],"wp:attachment":[{"href":"https:\/\/woods.se\/de\/wp-json\/wp\/v2\/media?parent=48148"}],"wp:term":[{"taxonomy":"product_brand","embeddable":true,"href":"https:\/\/woods.se\/de\/wp-json\/wp\/v2\/product_brand?post=48148"},{"taxonomy":"product_cat","embeddable":true,"href":"https:\/\/woods.se\/de\/wp-json\/wp\/v2\/product_cat?post=48148"},{"taxonomy":"product_tag","embeddable":true,"href":"https:\/\/woods.se\/de\/wp-json\/wp\/v2\/product_tag?post=48148"}],"curies":[{"name":"wp","href":"https:\/\/api.w.org\/{rel}","templated":true}]}}