{"id":48146,"date":"2024-12-10T13:54:34","date_gmt":"2024-12-10T12:54:34","guid":{"rendered":"https:\/\/stage.woods.se\/?post_type=product&#038;p=48146"},"modified":"2026-03-05T14:59:51","modified_gmt":"2026-03-05T13:59:51","slug":"woods-mrd25gw","status":"publish","type":"product","link":"https:\/\/woods.se\/de\/produkte\/luftentfeuchter\/wasche-trockene\/woods-mrd25gw\/","title":{"rendered":"Wood&#8217;s MRD25GW"},"content":{"rendered":"<h2>Wood&#8217;s MRD25GW<\/h2>\n<h3>Die optimale L\u00f6sung zur W\u00e4schetrocknung<\/h3>\n<p>Der MRD25GW von Wood ist der perfekte Luftentfeuchter f\u00fcr Waschk\u00fcchen und andere beheizte, feuchte R\u00e4ume. Mit seinem leistungsstarken oberen Auslass, dem speziellen Trocknungsmodus und dem integrierten WiFi kann der MRD25GW die Trocknungszeit erheblich verk\u00fcrzen und l\u00e4sst sich zudem \u00fcber Ihr Mobiltelefon fernsteuern und \u00fcberwachen. So haben Sie die volle Kontrolle, egal wo Sie sind. Er trocknet Ihre W\u00e4sche schonend, so dass die Qualit\u00e4t Ihrer Kleidung l\u00e4nger erhalten bleibt. Der MRD25GW bew\u00e4ltigt bis zu 25 Liter Feuchtigkeit pro Tag und schafft so ein frisches und angenehmes Raumklima ohne Feuchtigkeit und Schimmelgefahr.    <\/p>\n<h3>Wichtige Merkmale:<\/h3>\n\n<h3>Benutzerfreundlich und flexibel<\/h3>\n<p>Der MRD25GW wurde so konzipiert, dass er einfach und leicht zu bedienen ist. Mit dem \u00fcbersichtlichen Touch-Bedienfeld und der WiFi-Konnektivit\u00e4t k\u00f6nnen Sie die gew\u00fcnschte Luftfeuchtigkeit sowohl vor Ort als auch aus der Ferne ganz einfach einstellen und das Ger\u00e4t diese Werte beibehalten lassen. Au\u00dferdem verf\u00fcgt es \u00fcber einen programmierbaren Timer, der die Entfeuchtung je nach Bedarf automatisch startet und stoppt.  <\/p>\n<h3>Energieeffizient und umweltfreundlich<\/h3>\n<p>Mit dem K\u00e4ltemittel R290 ist der MRD25 eine umweltfreundliche L\u00f6sung mit niedrigem Energieverbrauch und optimaler Leistung. Er entfeuchtet sehr effizient in beheizten R\u00e4umen und verf\u00fcgt \u00fcber eine automatische Abtaufunktion mit einer Anzeige, die anzeigt, wenn der 3,8-Liter-Wassertank voll ist. So wird sichergestellt, dass er effizient arbeitet und unn\u00f6tigen Energieverbrauch vermeidet.  <\/p>\n<h3>Sicher und zuverl\u00e4ssig f\u00fcr die Waschk\u00fcche<\/h3>\n<p>Der MRD25GW von Wood ist ein zuverl\u00e4ssiger und sicherer Luftentfeuchter. Die automatische Abschaltfunktion wird aktiviert, wenn der Wassertank voll ist, und ein Hydrometer sorgt daf\u00fcr, dass die Luftfeuchtigkeit auf dem gew\u00fcnschten Niveau gehalten wird. <\/p>\n<h3>Verl\u00e4ngern Sie Ihre Garantie<\/h3>\n<p>Indem Sie das MRD25GW bei<a href=\"https:\/\/warranty-woods.com\/\"> warranty-woods.com registrieren,<\/a> verl\u00e4ngern Sie die Garantie von 2 auf 3 Jahre.<\/p>\n<p>Der MRD25GW ist eine sichere Wahl f\u00fcr den Haushalt und besonders n\u00fctzlich in Waschk\u00fcchen, wo sein W\u00e4schemodus, seine WiFi-Funktion und seine effektive Entfeuchtung ihn zu einem unsch\u00e4tzbaren Helfer im Alltag machen.<\/p>\n","protected":false},"excerpt":{"rendered":"<p>Der MRD25GW von Wood ist ein effektiver Luftentfeuchter, perfekt f\u00fcr Waschk\u00fcchen und andere beheizte, feuchte R\u00e4ume. Mit einer Kapazit\u00e4t von 25 Litern pro Tag, Abluft nach oben und W\u00e4schemodus trocknet er die W\u00e4sche schnell und h\u00e4lt die Luft frisch. Er verf\u00fcgt \u00fcber WiFi f\u00fcr eine einfache Fernsteuerung, ist leicht zu bedienen und mit Funktionen wie automatischer Abtauung und einem Sicherheitssystem ausgestattet &#8211; eine zuverl\u00e4ssige L\u00f6sung f\u00fcr das Feuchtigkeitsmanagement.  <\/p>\n","protected":false},"featured_media":43649,"template":"","meta":{"_acf_changed":false},"product_brand":[],"product_cat":[4731,411],"product_tag":[393,395,403],"class_list":{"0":"post-48146","1":"product","2":"type-product","3":"status-publish","4":"has-post-thumbnail","6":"product_cat-wasche-trockene","7":"product_cat-luftentfeuchter","8":"product_tag-trockene-wasche","9":"product_tag-waeschetrocknung-im-waschraum","10":"product_tag-wlan","11":"product_shipping_class-high","12":"splide__slide","14":"first","15":"outofstock","16":"taxable","17":"shipping-taxable","18":"purchasable","19":"product-type-simple"},"acf":[],"_links":{"self":[{"href":"https:\/\/woods.se\/de\/wp-json\/wp\/v2\/product\/48146","targetHints":{"allow":["GET"]}}],"collection":[{"href":"https:\/\/woods.se\/de\/wp-json\/wp\/v2\/product"}],"about":[{"href":"https:\/\/woods.se\/de\/wp-json\/wp\/v2\/types\/product"}],"wp:featuredmedia":[{"embeddable":true,"href":"https:\/\/woods.se\/de\/wp-json\/wp\/v2\/media\/43649"}],"wp:attachment":[{"href":"https:\/\/woods.se\/de\/wp-json\/wp\/v2\/media?parent=48146"}],"wp:term":[{"taxonomy":"product_brand","embeddable":true,"href":"https:\/\/woods.se\/de\/wp-json\/wp\/v2\/product_brand?post=48146"},{"taxonomy":"product_cat","embeddable":true,"href":"https:\/\/woods.se\/de\/wp-json\/wp\/v2\/product_cat?post=48146"},{"taxonomy":"product_tag","embeddable":true,"href":"https:\/\/woods.se\/de\/wp-json\/wp\/v2\/product_tag?post=48146"}],"curies":[{"name":"wp","href":"https:\/\/api.w.org\/{rel}","templated":true}]}}