{"id":48141,"date":"2024-12-10T13:50:22","date_gmt":"2024-12-10T12:50:22","guid":{"rendered":"https:\/\/stage.woods.se\/?post_type=product&#038;p=48141"},"modified":"2026-04-24T09:25:01","modified_gmt":"2026-04-24T07:25:01","slug":"woods-mrd12","status":"publish","type":"product","link":"https:\/\/woods.se\/de\/produkte\/luftentfeuchter\/badezimmer\/woods-mrd12\/","title":{"rendered":"Wood&#8217;s MRD12"},"content":{"rendered":"<h2>Wood&#8217;s MRD12<\/h2>\n<h3>Die optimale L\u00f6sung f\u00fcr B\u00e4der und andere kleine R\u00e4ume<\/h3>\n<p>Der MRD12 von Wood ist ein kompakter und praktischer Luftentfeuchter, der sich perfekt f\u00fcr B\u00e4der und kleinere beheizte R\u00e4ume eignet. Mit einer Kapazit\u00e4t von bis zu 10 Litern Wasser pro Tag schafft der MRD12 ein frisches und gesundes Raumklima und reduziert das Risiko von Schimmel und unangenehmen Ger\u00fcchen. Dieser Luftentfeuchter ist ideal f\u00fcr Badezimmer, in denen Feuchtigkeit schnell zu einem Problem werden kann, und dank der oberen Abluft\u00f6ffnung kann er auch zum Trocknen von Handt\u00fcchern und kleinen W\u00e4schemengen verwendet werden.  <\/p>\n<h3>Wichtige Merkmale:<\/h3>\n\n<h3>Benutzerfreundlich und flexibel<\/h3>\n<p>Der MRD12 ist benutzerfreundlich gestaltet und verf\u00fcgt \u00fcber ein digitales Touchpanel, das die aktuelle Luftfeuchtigkeit anzeigt und Ihnen die volle Kontrolle \u00fcber das Klima im Raum gibt. Mit einem auswaschbaren Luftfilter und einem leicht zug\u00e4nglichen Wassertank mit Schlauchanschluss f\u00fcr eine kontinuierliche Entleerung ist die Wartung einfach und bequem. Die versenkten Tragegriffe machen es au\u00dferdem einfach, den MRD12 dorthin zu bringen, wo er am meisten gebraucht wird.  <\/p>\n<h3>Energieeffizient und umweltfreundlich<\/h3>\n<p>Der MRD12 von Wood verwendet das umweltfreundliche K\u00e4ltemittel R290, das im Vergleich zu \u00e4lteren K\u00e4ltemitteln eine h\u00f6here Energieeffizienz und geringere Klimaauswirkungen bietet. Das macht den MRD12 zu einer nachhaltigen Wahl, die Ihnen hilft, den Energieverbrauch zu senken, ohne Kompromisse bei der Leistung einzugehen. <\/p>\n<h3>Sicher und zuverl\u00e4ssig f\u00fcr kleine R\u00e4ume<\/h3>\n<p>Der MRD12 ist mit einer automatischen Abtauung und einer automatischen Abschaltung bei der eingestellten Luftfeuchtigkeit ausgestattet, so dass ein sicherer Betrieb auch in k\u00fchleren Umgebungen gew\u00e4hrleistet ist. Der MRD12 hat einen niedrigen Ger\u00e4uschpegel, so dass Sie nicht gest\u00f6rt werden, wenn Sie sich im Raum aufhalten. Der Luftentfeuchter ist au\u00dferdem kompakt und einfach zu handhaben, so dass er das ganze Jahr \u00fcber eine sichere und zuverl\u00e4ssige L\u00f6sung f\u00fcr weniger feuchte R\u00e4ume darstellt.  <\/p>\n<h3>Verl\u00e4ngern Sie Ihre Garantie<\/h3>\n<p>Indem Sie das MRD12 bei <a href=\"https:\/\/warranty-woods.com\/\">warranty-woods.com<\/a> registrieren, verl\u00e4ngern Sie die Garantie von 2 auf 3 Jahre.<\/p>\n<p><iframe loading=\"lazy\" title=\"Instruction video - Wood&#039;s MRD12 (English)\" width=\"500\" height=\"281\" src=\"https:\/\/www.youtube.com\/embed\/R0yUWce75O8?feature=oembed\" frameborder=\"0\" allow=\"accelerometer; autoplay; clipboard-write; encrypted-media; gyroscope; picture-in-picture; web-share\" referrerpolicy=\"strict-origin-when-cross-origin\" allowfullscreen><\/iframe><\/p>\n","protected":false},"excerpt":{"rendered":"<p>Der MRD12 von Wood ist der perfekte Luftentfeuchter f\u00fcr B\u00e4der und andere kleine beheizte R\u00e4ume. Er entzieht bis zu 10 Liter Feuchtigkeit pro Tag und tr\u00e4gt durch die Aufrechterhaltung einer optimalen Luftfeuchtigkeit zu einer frischen und gesunden Umgebung bei. Mit seinem intuitiv bedienbaren Touchpanel, der Abluft\u00f6ffnung an der Oberseite und der Option zur kontinuierlichen Entleerung ist er sowohl einfach zu bedienen als auch effektiv. Dank des kompakten Designs und des praktischen Tragegriffs l\u00e4sst er sich leicht zwischen verschiedenen R\u00e4umen hin- und herbewegen &#8211; eine intelligente und flexible L\u00f6sung zur Vermeidung von schlechten Ger\u00fcchen und Feuchtigkeit.   <\/p>\n","protected":false},"featured_media":43836,"template":"","meta":{"_acf_changed":false},"product_brand":[],"product_cat":[411,4728],"product_tag":[1421,1422],"class_list":{"0":"post-48141","1":"product","2":"type-product","3":"status-publish","4":"has-post-thumbnail","6":"product_cat-luftentfeuchter","7":"product_cat-badezimmer","8":"product_tag-badezimmer","9":"product_tag-kleine-raume","10":"splide__slide","12":"first","13":"instock","14":"taxable","15":"shipping-taxable","16":"purchasable","17":"product-type-simple"},"acf":[],"_links":{"self":[{"href":"https:\/\/woods.se\/de\/wp-json\/wp\/v2\/product\/48141","targetHints":{"allow":["GET"]}}],"collection":[{"href":"https:\/\/woods.se\/de\/wp-json\/wp\/v2\/product"}],"about":[{"href":"https:\/\/woods.se\/de\/wp-json\/wp\/v2\/types\/product"}],"wp:featuredmedia":[{"embeddable":true,"href":"https:\/\/woods.se\/de\/wp-json\/wp\/v2\/media\/43836"}],"wp:attachment":[{"href":"https:\/\/woods.se\/de\/wp-json\/wp\/v2\/media?parent=48141"}],"wp:term":[{"taxonomy":"product_brand","embeddable":true,"href":"https:\/\/woods.se\/de\/wp-json\/wp\/v2\/product_brand?post=48141"},{"taxonomy":"product_cat","embeddable":true,"href":"https:\/\/woods.se\/de\/wp-json\/wp\/v2\/product_cat?post=48141"},{"taxonomy":"product_tag","embeddable":true,"href":"https:\/\/woods.se\/de\/wp-json\/wp\/v2\/product_tag?post=48141"}],"curies":[{"name":"wp","href":"https:\/\/api.w.org\/{rel}","templated":true}]}}