{"id":48137,"date":"2024-12-10T13:51:10","date_gmt":"2024-12-10T12:51:10","guid":{"rendered":"https:\/\/stage.woods.se\/?post_type=product&#038;p=48137"},"modified":"2026-03-05T15:37:12","modified_gmt":"2026-03-05T14:37:12","slug":"woods-mrd14","status":"publish","type":"product","link":"https:\/\/woods.se\/de\/produkte\/luftentfeuchter\/badezimmer\/woods-mrd14\/","title":{"rendered":"Wood&#8217;s MRD14"},"content":{"rendered":"<h2>Wood&#8217;s MRD14<\/h2>\n<h3>Optimale L\u00f6sung f\u00fcr Badezimmer und andere kleine R\u00e4ume<\/h3>\n<p>Der MRD14 von Wood ist ein kompakter, leistungsstarker Luftentfeuchter, der speziell f\u00fcr B\u00e4der und kleine R\u00e4ume wie Boote und Wohnwagen entwickelt wurde. Mit einer IPX4-Einstufung verf\u00fcgt er \u00fcber ein hohes Ma\u00df an Schutz gegen Wasser und kann somit sicher in feuchten Umgebungen eingesetzt werden. Der MRD14 kann die Luftfeuchtigkeit schnell reduzieren und bl\u00e4st trockene Luft von oben ein, wodurch er sich ideal zum schnellen und schonenden Trocknen von Handt\u00fcchern und kleinen W\u00e4schemengen eignet.  <\/p>\n<h3>Wichtige Merkmale:<\/h3>\n\n<h3>Benutzerfreundlich und flexibel<\/h3>\n<p>Der MRD14 ist mit seinem \u00fcbersichtlichen Bedienfeld und den vier voreingestellten Werten zur einfachen Anpassung der Luftfeuchtigkeit einfach zu bedienen. Durch sein kompaktes Design passt er auch dort, wo nur wenig Platz zur Verf\u00fcgung steht, und der praktische Tragegriff macht es einfach, ihn bei Bedarf in andere Bereiche zu transportieren. <\/p>\n<h3>Energieeffizient und umweltfreundlich<\/h3>\n<p>Ausgestattet mit dem umweltfreundlichen und energieeffizienten K\u00e4ltemittel R290, liefert der MRD14 eine hervorragende Leistung, ohne die Umwelt zu belasten. Mit einer Kapazit\u00e4t von 12 Litern pro Tag und einer maximalen Leistungsaufnahme von 230 W ist er eine energieeffiziente Wahl, die die Luftqualit\u00e4t optimal h\u00e4lt. <\/p>\n<h3>Sicher und zuverl\u00e4ssig f\u00fcr kleine R\u00e4ume<\/h3>\n<p>Der MRD14 ist f\u00fcr den sicheren Betrieb in feuchten Umgebungen konstruiert und verf\u00fcgt \u00fcber eine IPX4-Einstufung, die ihn vor Spritzwasser sch\u00fctzt. Damit ist er ideal f\u00fcr B\u00e4der und andere kleine R\u00e4ume, die Feuchtigkeit ausgesetzt sind. Der MRD14 bietet die beste Wirkung in beheizten R\u00e4umen und schaltet sich automatisch ab, wenn der Tank voll ist. Mit einem Ger\u00e4uschpegel von weniger als 44 dB kann der MRD14 auch in den leisesten Bereichen Ihres Hauses verwendet werden, ohne dass er Sie st\u00f6rt.  <\/p>\n<h3>Verl\u00e4ngern Sie Ihre Garantie<\/h3>\n<p>Wenn Sie Ihr MRD14 auf <a href=\"https:\/\/warranty-woods.com\/\">warranty-woods.com<\/a> registrieren, k\u00f6nnen Sie die Garantie von 2 auf 3 Jahre verl\u00e4ngern.<\/p>\n<p>Entscheiden Sie sich f\u00fcr den MRD14 von Wood, um die Luftfeuchtigkeit in kleinen und feuchten R\u00e4umen auf nachhaltige, effiziente und bequeme Weise zu kontrollieren!<\/p>\n","protected":false},"excerpt":{"rendered":"<p>Der MRD14 von Wood ist ein kompakter und effizienter Luftentfeuchter, perfekt f\u00fcr Badezimmer und kleine R\u00e4ume wie Wohnwagen, Boote und Ferienh\u00e4user. Er reduziert schnell den Feuchtigkeitsgehalt, wirkt unangenehmen Ger\u00fcchen entgegen und verf\u00fcgt \u00fcber einen oberen Auslass zum schonenden Trocknen von Handt\u00fcchern und kleinen W\u00e4schemengen. Mit einer IPX4-Einstufung ist der MRD14 auch in feuchten Umgebungen sicher und dank seines praktischen Tragegriffs leicht zu transportieren. Dieser energieeffiziente und umweltfreundliche Luftentfeuchter ist eine zuverl\u00e4ssige Wahl f\u00fcr die Verbesserung der Luftqualit\u00e4t in kleinen R\u00e4umen.   <\/p>\n","protected":false},"featured_media":42896,"template":"","meta":{"_acf_changed":false},"product_brand":[],"product_cat":[4728,411],"product_tag":[1421,1422],"class_list":{"0":"post-48137","1":"product","2":"type-product","3":"status-publish","4":"has-post-thumbnail","6":"product_cat-badezimmer","7":"product_cat-luftentfeuchter","8":"product_tag-badezimmer","9":"product_tag-kleine-raume","10":"product_shipping_class-high","11":"splide__slide","13":"first","14":"instock","15":"taxable","16":"shipping-taxable","17":"purchasable","18":"product-type-simple"},"acf":[],"_links":{"self":[{"href":"https:\/\/woods.se\/de\/wp-json\/wp\/v2\/product\/48137","targetHints":{"allow":["GET"]}}],"collection":[{"href":"https:\/\/woods.se\/de\/wp-json\/wp\/v2\/product"}],"about":[{"href":"https:\/\/woods.se\/de\/wp-json\/wp\/v2\/types\/product"}],"wp:featuredmedia":[{"embeddable":true,"href":"https:\/\/woods.se\/de\/wp-json\/wp\/v2\/media\/42896"}],"wp:attachment":[{"href":"https:\/\/woods.se\/de\/wp-json\/wp\/v2\/media?parent=48137"}],"wp:term":[{"taxonomy":"product_brand","embeddable":true,"href":"https:\/\/woods.se\/de\/wp-json\/wp\/v2\/product_brand?post=48137"},{"taxonomy":"product_cat","embeddable":true,"href":"https:\/\/woods.se\/de\/wp-json\/wp\/v2\/product_cat?post=48137"},{"taxonomy":"product_tag","embeddable":true,"href":"https:\/\/woods.se\/de\/wp-json\/wp\/v2\/product_tag?post=48137"}],"curies":[{"name":"wp","href":"https:\/\/api.w.org\/{rel}","templated":true}]}}