{"id":48135,"date":"2024-12-10T13:49:56","date_gmt":"2024-12-10T12:49:56","guid":{"rendered":"https:\/\/stage.woods.se\/?post_type=product&#038;p=48135"},"modified":"2026-03-06T15:11:47","modified_gmt":"2026-03-06T14:11:47","slug":"woods-mrd10","status":"publish","type":"product","link":"https:\/\/woods.se\/de\/produkte\/luftentfeuchter\/badezimmer\/woods-mrd10\/","title":{"rendered":"Woods MRD10"},"content":{"rendered":"<h2>Woods MRD10<\/h2>\n<h3>Optimale L\u00f6sung f\u00fcr Badezimmer und andere kleine R\u00e4ume<\/h3>\n<p>Der MRD10 von Wood ist der ideale Luftentfeuchter f\u00fcr kleinere R\u00e4ume wie B\u00e4der, Ferienh\u00e4user, Boote und Wohnwagen. Mit einer Entfeuchtungsleistung von bis zu 10 Litern pro Tag beseitigt der MRD10 effektiv \u00fcbersch\u00fcssige Feuchtigkeit und tr\u00e4gt zu einem ges\u00fcnderen Raumklima bei. Sein kompaktes Design macht es einfach, ihn auch bei begrenztem Platzangebot aufzustellen, und sein oberer Auslass sorgt f\u00fcr einen praktischen &#8222;F\u00f6hn-Effekt&#8220;, mit dem kleine Mengen W\u00e4sche und Handt\u00fccher schnell trocknen.  <\/p>\n<h3>Wichtige Merkmale:<\/h3>\n\n<h3>Benutzerfreundlich und flexibel<\/h3>\n<p>Der MRD10 ist dank seines intuitiven Griffs einfach zu bedienen und l\u00e4sst sich leicht zwischen verschiedenen R\u00e4umen bewegen. Dank des praktischen 2-Liter-Tanks und der Schlauchanschlussoption l\u00e4sst er sich leicht entleeren und kann sogar \u00fcber l\u00e4ngere Zeitr\u00e4ume hinweg kontinuierlich betrieben werden. Sein auswaschbarer Luftfilter reinigt die Luft w\u00e4hrend der Entfeuchtung effektiv und tr\u00e4gt zu einer besseren Luftqualit\u00e4t bei.  <\/p>\n<h3>Energieeffizient und umweltfreundlich<\/h3>\n<p>Mit seinem energieeffizienten R290-K\u00e4ltemittel ist der MRD10 eine umweltfreundliche Wahl f\u00fcr kleinere R\u00e4ume. Sein niedriger Energieverbrauch bedeutet, dass er eine effektive Entfeuchtung bietet, ohne unn\u00f6tig Strom zu verbrauchen. <\/p>\n<h3>Sicher und zuverl\u00e4ssig f\u00fcr kleine R\u00e4ume<\/h3>\n<p>Der MRD10 ist f\u00fcr den sicheren Betrieb in feuchten Umgebungen ausgelegt und verf\u00fcgt \u00fcber die Schutzklasse IPX4, die vor Spritzwasser sch\u00fctzt. Damit ist er ideal f\u00fcr Badezimmer und andere kleine R\u00e4ume, die Feuchtigkeit ausgesetzt sind. Der MRD10 bietet die beste Wirkung in beheizten R\u00e4umen und schaltet sich automatisch ab, wenn der Tank voll ist. Mit einem Ger\u00e4uschpegel von weniger als 43 dB kann der MRD10 auch in den ruhigsten Bereichen Ihres Zuhauses verwendet werden, ohne dass er Sie st\u00f6rt.  <\/p>\n<h3>Verl\u00e4ngern Sie Ihre Garantie<\/h3>\n<p>Indem Sie Ihr MRD10 bei <a href=\"https:\/\/warranty-woods.com\/\">warranty-woods.com<\/a> registrieren, verl\u00e4ngern Sie die Garantie von 2 auf 3 Jahre.<\/p>\n<p>W\u00e4hlen Sie den MRD10 von Wood f\u00fcr eine praktische und sichere L\u00f6sung, die kleine R\u00e4ume das ganze Jahr \u00fcber trocken und frisch h\u00e4lt.<\/p>\n","protected":false},"excerpt":{"rendered":"<p>Der MRD10 von Wood ist ein kompakter und effizienter Luftentfeuchter, perfekt f\u00fcr Badezimmer, Boote und Wohnwagen. Er entzieht bis zu 10 Liter Feuchtigkeit pro Tag und tr\u00e4gt zu einem ges\u00fcnderen Raumklima bei, indem er das Risiko von Schimmel und unangenehmen Ger\u00fcchen wirksam reduziert. Dank seines praktischen oberen Auslasses trocknet er auch kleinere W\u00e4schemengen und h\u00e4lt Handt\u00fccher l\u00e4nger frisch. Mit seinem niedrigen Energieverbrauch und dem waschbaren Filter ist der MRD10 sowohl umweltfreundlich als auch pflegeleicht und eine zuverl\u00e4ssige L\u00f6sung f\u00fcr kleinere R\u00e4ume, die h\u00e4ufig Feuchtigkeit ausgesetzt sind.   <\/p>\n","protected":false},"featured_media":42896,"template":"","meta":{"_acf_changed":false},"product_brand":[],"product_cat":[4728,411],"product_tag":[1421,1422],"class_list":{"0":"post-48135","1":"product","2":"type-product","3":"status-publish","4":"has-post-thumbnail","6":"product_cat-badezimmer","7":"product_cat-luftentfeuchter","8":"product_tag-badezimmer","9":"product_tag-kleine-raume","10":"product_shipping_class-high","11":"splide__slide","13":"first","14":"instock","15":"taxable","16":"shipping-taxable","17":"purchasable","18":"product-type-simple"},"acf":[],"_links":{"self":[{"href":"https:\/\/woods.se\/de\/wp-json\/wp\/v2\/product\/48135","targetHints":{"allow":["GET"]}}],"collection":[{"href":"https:\/\/woods.se\/de\/wp-json\/wp\/v2\/product"}],"about":[{"href":"https:\/\/woods.se\/de\/wp-json\/wp\/v2\/types\/product"}],"wp:featuredmedia":[{"embeddable":true,"href":"https:\/\/woods.se\/de\/wp-json\/wp\/v2\/media\/42896"}],"wp:attachment":[{"href":"https:\/\/woods.se\/de\/wp-json\/wp\/v2\/media?parent=48135"}],"wp:term":[{"taxonomy":"product_brand","embeddable":true,"href":"https:\/\/woods.se\/de\/wp-json\/wp\/v2\/product_brand?post=48135"},{"taxonomy":"product_cat","embeddable":true,"href":"https:\/\/woods.se\/de\/wp-json\/wp\/v2\/product_cat?post=48135"},{"taxonomy":"product_tag","embeddable":true,"href":"https:\/\/woods.se\/de\/wp-json\/wp\/v2\/product_tag?post=48135"}],"curies":[{"name":"wp","href":"https:\/\/api.w.org\/{rel}","templated":true}]}}