{"id":48132,"date":"2024-12-10T13:48:13","date_gmt":"2024-12-10T12:48:13","guid":{"rendered":"https:\/\/stage.woods.se\/?post_type=product&#038;p=48132"},"modified":"2026-03-06T14:54:56","modified_gmt":"2026-03-06T13:54:56","slug":"woods-mdk26","status":"publish","type":"product","link":"https:\/\/woods.se\/de\/produkte\/luftentfeuchter\/wohnbereiche\/woods-mdk26\/","title":{"rendered":"Wood&#8217;s MDK26"},"content":{"rendered":"<h2>Wood&#8217;s MDK26<\/h2>\n<h3>Optimale Luftentfeuchtung f\u00fcr Ihr Zuhause<\/h3>\n<p>Der MDK26 von Wood ist ein leistungsstarker Luftentfeuchter, der Ihnen effektiv dabei hilft, die richtige Luftfeuchtigkeit in Wohn- und Schlafzimmern sowie in Wohnungen zu halten. Mit seiner oberen Abluft\u00f6ffnung und einer Kapazit\u00e4t von bis zu 25 Litern Feuchtigkeit pro Tag schafft er ein frisches Raumklima ohne unangenehme Ger\u00fcche und Schimmelgefahr. Au\u00dferdem trocknet er die W\u00e4sche schonend und effizient.  <\/p>\n<h3>Wesentliche Merkmale<\/h3>\n\n<h3>Benutzerfreundlich und flexibel<\/h3>\n<p>Der MDK26 ist dank seines \u00fcbersichtlichen Touch-Bedienfelds, auf dem Sie die gew\u00fcnschte Luftfeuchtigkeit einstellen k\u00f6nnen, einfach zu bedienen. Mit dem programmierbaren Timer k\u00f6nnen Sie die Luftentfeuchtung ganz einfach an Ihre Bed\u00fcrfnisse anpassen. <\/p>\n<h3>Energieeffizient und umweltfreundlich<\/h3>\n<p>Mit dem K\u00e4ltemittel R290 kombiniert der MDK26 hohe Energieeffizienz mit umweltfreundlichem Betrieb. Die automatische Abtauung und eine Anzeige f\u00fcr einen vollen Wassertank sorgen daf\u00fcr, dass das Ger\u00e4t immer optimal arbeitet. <\/p>\n<h3>Sicher und zuverl\u00e4ssig<\/h3>\n<p>Der Luftentfeuchter schaltet sich automatisch ab, wenn der Wassertank voll ist. Das eingebaute Hygrometer \u00fcberwacht die Luftfeuchtigkeit und sorgt f\u00fcr ein gleichm\u00e4\u00dfiges Klima. Ein auswaschbarer Staubfilter und die Option zur kontinuierlichen Entleerung machen den MDK26 sicher und wartungsfreundlich.  <\/p>\n<h3>Verl\u00e4ngern Sie Ihre Garantie<\/h3>\n<p>Registrieren Sie Ihr MDK26 auf <a href=\"https:\/\/warranty-woods.com\/\">warranty-woods.com<\/a> und verl\u00e4ngern Sie die Garantie von 2 auf 3 Jahre.<\/p>\n<p>Der MDK26 ist die perfekte Wahl f\u00fcr alle beheizten R\u00e4ume im Haus und sorgt das ganze Jahr \u00fcber f\u00fcr ein gesundes, trockenes und komfortables Raumklima.<\/p>\n<p><iframe loading=\"lazy\" title=\"Instruction video - Wood&#039;s MDK26 (English)\" width=\"500\" height=\"281\" src=\"https:\/\/www.youtube.com\/embed\/4BgX9MdCg20?feature=oembed\" frameborder=\"0\" allow=\"accelerometer; autoplay; clipboard-write; encrypted-media; gyroscope; picture-in-picture; web-share\" referrerpolicy=\"strict-origin-when-cross-origin\" allowfullscreen><\/iframe><\/p>\n","protected":false},"excerpt":{"rendered":"<p>Der MDK26 von Wood ist ein leistungsstarker Luftentfeuchter f\u00fcr beheizte Wohnr\u00e4ume wie Wohnzimmer, Schlafzimmer und Wohnungen. Mit einer Kapazit\u00e4t von 25 Litern pro Tag und Abluft nach oben verbessert er schnell die Raumluftqualit\u00e4t und schafft ein frisches und angenehmes Klima. Er verf\u00fcgt \u00fcber ein \u00fcbersichtliches Touch-Bedienfeld f\u00fcr eine einfache Bedienung und ist dank der automatischen Abtauung das ganze Jahr \u00fcber eine zuverl\u00e4ssige L\u00f6sung gegen Feuchtigkeit.  <\/p>\n","protected":false},"featured_media":43719,"template":"","meta":{"_acf_changed":false},"product_brand":[],"product_cat":[411,4732],"product_tag":[388,398,2380,399],"class_list":{"0":"post-48132","1":"product","2":"type-product","3":"status-publish","4":"has-post-thumbnail","6":"product_cat-luftentfeuchter","7":"product_cat-wohnbereiche","8":"product_tag-schlafzimmer","9":"product_tag-wohnraum","10":"product_tag-wohnung","11":"product_tag-wohnzimmer","12":"product_shipping_class-high","13":"splide__slide","15":"first","16":"instock","17":"taxable","18":"shipping-taxable","19":"purchasable","20":"product-type-simple"},"acf":[],"_links":{"self":[{"href":"https:\/\/woods.se\/de\/wp-json\/wp\/v2\/product\/48132","targetHints":{"allow":["GET"]}}],"collection":[{"href":"https:\/\/woods.se\/de\/wp-json\/wp\/v2\/product"}],"about":[{"href":"https:\/\/woods.se\/de\/wp-json\/wp\/v2\/types\/product"}],"wp:featuredmedia":[{"embeddable":true,"href":"https:\/\/woods.se\/de\/wp-json\/wp\/v2\/media\/43719"}],"wp:attachment":[{"href":"https:\/\/woods.se\/de\/wp-json\/wp\/v2\/media?parent=48132"}],"wp:term":[{"taxonomy":"product_brand","embeddable":true,"href":"https:\/\/woods.se\/de\/wp-json\/wp\/v2\/product_brand?post=48132"},{"taxonomy":"product_cat","embeddable":true,"href":"https:\/\/woods.se\/de\/wp-json\/wp\/v2\/product_cat?post=48132"},{"taxonomy":"product_tag","embeddable":true,"href":"https:\/\/woods.se\/de\/wp-json\/wp\/v2\/product_tag?post=48132"}],"curies":[{"name":"wp","href":"https:\/\/api.w.org\/{rel}","templated":true}]}}