{"id":48128,"date":"2024-12-10T13:47:12","date_gmt":"2024-12-10T12:47:12","guid":{"rendered":"https:\/\/stage.woods.se\/?post_type=product&#038;p=48128"},"modified":"2026-03-06T14:49:31","modified_gmt":"2026-03-06T13:49:31","slug":"woods-mdk13","status":"publish","type":"product","link":"https:\/\/woods.se\/de\/produkte\/luftentfeuchter\/badezimmer\/woods-mdk13\/","title":{"rendered":"Wood&#8217;s MDK13"},"content":{"rendered":"<h2>Wood&#8217;s MDK13<\/h2>\n<h3>Effektive Luftentfeuchtung f\u00fcr B\u00e4deradezimmer<\/h3>\n<p>Der MDK13 von Wood ist ein kompakter und effektiver Luftentfeuchter, der f\u00fcr kleinere R\u00e4ume, wie z.B. Badezimmer, konzipiert wurde. Mit seinem eleganten Design ist er leicht zu transportieren und bei Bedarf herauszunehmen. Der MDK13 hilft Ihnen, ein gesundes Raumklima frei von Feuchtigkeit und Schimmel zu erhalten. Der obere Luftauslass h\u00e4lt Handt\u00fccher l\u00e4nger frisch und trocknet kleinere W\u00e4schemengen effektiv.   <\/p>\n<h3>Wichtige Merkmale:<\/h3>\n\n<h3>Benutzerfreundliche und flexible Steuerung<\/h3>\n<p>Der MDK13 ist mit einfach zu bedienenden und \u00fcbersichtlichen Tasten ausgestattet, mit denen Sie die gew\u00fcnschte Luftfeuchtigkeit, den Timer und andere Funktionen leicht einstellen k\u00f6nnen. Mit dem Timer k\u00f6nnen Sie au\u00dferdem genau einstellen, wie lange der Luftentfeuchter aktiv sein soll. So haben Sie die volle Kontrolle \u00fcber die Luftfeuchtigkeit, ohne den Prozess \u00fcberwachen zu m\u00fcssen. Dank seines leisen Betriebs ist er unauff\u00e4llig und eignet sich perfekt f\u00fcr R\u00e4ume, in denen ein niedriger Ger\u00e4uschpegel wichtig ist.  <\/p>\n<h3>Energieeffizient und umweltfreundlich<\/h3>\n<p>Der MDK13 verwendet das K\u00e4ltemittel R290, eine energieeffiziente und klimafreundlichere Alternative. Das bedeutet, dass der MDK13 von Wood die zuk\u00fcnftigen Umweltrichtlinien erf\u00fcllt und eine umweltfreundlichere L\u00f6sung f\u00fcr eine effektive Luftentfeuchtung bietet. <\/p>\n<h3>Zuverl\u00e4ssiger und sicherer Betrieb f\u00fcr kleinere Fl\u00e4chen<\/h3>\n<p>Mit seiner f\u00fcr seine Gr\u00f6\u00dfe hohen Kapazit\u00e4t, den kompakten Abmessungen, dem niedrigen Energieverbrauch und der automatischen Abschaltung bei vollem Wassertank (oder optimaler Luftfeuchtigkeit) ist der MDK13 eine sichere und bequeme Wahl f\u00fcr Ihr Zuhause.<\/p>\n<h3>Verl\u00e4ngern Sie Ihre Garantie<\/h3>\n<p>Indem Sie Ihr MDK13 bei <a href=\"https:\/\/warranty-woods.com\">warranty-woods.com<\/a> registrieren, verl\u00e4ngern Sie die Garantie von 2 auf 3 Jahre.<\/p>\n<p>&nbsp;<\/p>\n","protected":false},"excerpt":{"rendered":"<p>Der MDK13 von Wood ist ein kompakter und einfach zu bedienender Luftentfeuchter, der sich perfekt f\u00fcr kleinere R\u00e4ume wie z.B. B\u00e4der eignet. Er entfernt effektiv \u00fcbersch\u00fcssige Feuchtigkeit, reduziert das Risiko von Schimmel und verbessert die Luftqualit\u00e4t in Innenr\u00e4umen. Mit seinem oberen Auslass trocknet der MDK13 Handt\u00fccher und kleine W\u00e4schemengen &#8211; perfekt f\u00fcr R\u00e4ume, in denen der Platz knapp ist. Der MDK13 ist einfach zu bedienen und verf\u00fcgt \u00fcber ein \u00fcbersichtliches, leicht zu bedienendes Tastendisplay und eine Option f\u00fcr kontinuierliche Entleerung &#8211; eine kluge Wahl f\u00fcr eine ges\u00fcndere und frischere Umgebung.   <\/p>\n","protected":false},"featured_media":43210,"template":"","meta":{"_acf_changed":false},"product_brand":[],"product_cat":[411,4728],"product_tag":[1421,1422],"class_list":{"0":"post-48128","1":"product","2":"type-product","3":"status-publish","4":"has-post-thumbnail","6":"product_cat-luftentfeuchter","7":"product_cat-badezimmer","8":"product_tag-badezimmer","9":"product_tag-kleine-raume","10":"product_shipping_class-high","11":"splide__slide","13":"first","14":"instock","15":"taxable","16":"shipping-taxable","17":"purchasable","18":"product-type-simple"},"acf":[],"_links":{"self":[{"href":"https:\/\/woods.se\/de\/wp-json\/wp\/v2\/product\/48128","targetHints":{"allow":["GET"]}}],"collection":[{"href":"https:\/\/woods.se\/de\/wp-json\/wp\/v2\/product"}],"about":[{"href":"https:\/\/woods.se\/de\/wp-json\/wp\/v2\/types\/product"}],"wp:featuredmedia":[{"embeddable":true,"href":"https:\/\/woods.se\/de\/wp-json\/wp\/v2\/media\/43210"}],"wp:attachment":[{"href":"https:\/\/woods.se\/de\/wp-json\/wp\/v2\/media?parent=48128"}],"wp:term":[{"taxonomy":"product_brand","embeddable":true,"href":"https:\/\/woods.se\/de\/wp-json\/wp\/v2\/product_brand?post=48128"},{"taxonomy":"product_cat","embeddable":true,"href":"https:\/\/woods.se\/de\/wp-json\/wp\/v2\/product_cat?post=48128"},{"taxonomy":"product_tag","embeddable":true,"href":"https:\/\/woods.se\/de\/wp-json\/wp\/v2\/product_tag?post=48128"}],"curies":[{"name":"wp","href":"https:\/\/api.w.org\/{rel}","templated":true}]}}