{"id":48114,"date":"2024-10-16T11:14:38","date_gmt":"2024-10-16T09:14:38","guid":{"rendered":"https:\/\/stage.woods.se\/?post_type=product&#038;p=48114"},"modified":"2026-04-28T10:43:25","modified_gmt":"2026-04-28T08:43:25","slug":"woods-mdx20p","status":"publish","type":"product","link":"https:\/\/woods.se\/de\/produkte\/luftentfeuchter\/wasche-trockene\/woods-mdx20p\/","title":{"rendered":"Wood&#8217;s MDX20P"},"content":{"rendered":"<h2>Wood&#8217;s MDX20P<\/h2>\n<h3>Leistungsstarker und leiser Luftentfeuchter mit Pumpe, der Ihre W\u00e4sche effektiv trocknet<\/h3>\n<p>Wenn gewaschene W\u00e4sche aufgeh\u00e4ngt wird, wird die Luft feucht. Oft so feucht, dass es sich wie eine Ewigkeit anf\u00fchlt, bis die W\u00e4sche getrocknet ist und sie einen charakteristischen schlechten Geruch annimmt. Der Luftentfeuchter MDX20P von Wood l\u00f6st das Problem, indem er die W\u00e4sche energieeffizient trocken bl\u00e4st und die Luftfeuchtigkeit schnell senkt, um Probleme mit Feuchtigkeit, Schimmel und schlechten Ger\u00fcchen zu vermeiden. Dank der automatischen Pumpfunktion m\u00fcssen Sie sich auch keine Gedanken dar\u00fcber machen, ob es einen Bodenabfluss gibt.   <\/p>\n<h3>Empfohlene Einsatzgebiete:<\/h3>\n<p><strong>W\u00e4scher\u00e4ume:<\/strong> Effizientes Trocknen mit hohem Luftstrom und automatischer Pumpe, ohne dass der Beh\u00e4lter geleert werden muss oder ein Abfluss im Boden vorhanden ist.<br \/>\n<strong>Schlafzimmer:<\/strong> Leiser Betrieb, Kindersicherung und Timer machen ihn perfekt f\u00fcr R\u00e4ume, in denen Sie schlafen oder viel Zeit verbringen. Verhindert Feuchtigkeitsprobleme, ohne Sie zu st\u00f6ren.<br \/>\n<strong>Wohnungen und Wohnr\u00e4ume:<\/strong> Energieeffizienter Betrieb und kompaktes Design, ideal f\u00fcr moderne Wohnungen, die eine bequeme Luftentfeuchtung ben\u00f6tigen.<\/p>\n\n<h3>Hohe Luftentfeuchtung und hoher Luftstrom<\/h3>\n<p>Der MDX20P von Wood entfeuchtet bis zu 20 Liter Wasser pro Tag und ist f\u00fcr beheizte Umgebungen wie Wohnungen, Schlafzimmer und Wohnzimmer konzipiert und dort am effektivsten. W\u00e4hrend er die Feuchtigkeit auff\u00e4ngt, bl\u00e4st der starke Luftstrom warme, trockene Luft von oben auf die W\u00e4sche, die dadurch trocken wird und einen frischen Duft hinterl\u00e4sst. <\/p>\n<h3>Automatische Pumpenfunktion<\/h3>\n<p>Der Luftentfeuchter MDX20P von Wood hat einen gro\u00dfen 6-Liter-Beh\u00e4lter. Au\u00dferdem k\u00f6nnen Sie den Schlauch einfach anschlie\u00dfen, damit Sie sich nicht um die Entleerung des Beh\u00e4lters k\u00fcmmern m\u00fcssen. Au\u00dferdem verf\u00fcgt der MDX20P von Wood \u00fcber eine leistungsstarke integrierte automatische Pumpe, die das Wasser vertikal bis zu 10-15 Meter hoch pumpen kann. Das bedeutet, dass Sie keinen an das Ger\u00e4t angeschlossenen Bodenablauf ben\u00f6tigen, sondern das \u00fcbersch\u00fcssige Wasser in einen beliebigen Abfluss leiten k\u00f6nnen.  <\/p>\n<h3>Leise und energieeffizient<\/h3>\n<p>Der MDX20P ist so leise, dass Sie ihn benutzen k\u00f6nnen, ohne jemanden im selben Raum zu st\u00f6ren.<br \/>\nAm bemerkenswertesten ist jedoch, wie energieeffizient er ist. Mehr noch: F\u00fcr jeden Liter entfeuchtetes Wasser erhalten Sie 780 W saubere W\u00e4rmeenergie zur\u00fcck! <\/p>\n<h3>Timer, Kindersicherung und Autostart<\/h3>\n<p>Der MDX20P von Wood ist mit einer Zeitschaltuhr ausgestattet, so dass Sie den Betrieb an die Dauer des Trocknens Ihrer W\u00e4sche anpassen k\u00f6nnen.<br \/>\nF\u00fcr einen sicheren Betrieb ist das Ger\u00e4t au\u00dferdem mit einer Kindersicherung ausgestattet, so dass neugierige Kinder die Einstellungen nicht ver\u00e4ndern k\u00f6nnen. Sollte der Strom ausfallen, wird das Ger\u00e4t automatisch mit denselben Einstellungen neu gestartet, wenn der Strom wieder eingeschaltet wird. <\/p>\n<h3>Waschbarer Filter<\/h3>\n<p>Der Luftentfeuchter MDX20P von Wood verf\u00fcgt \u00fcber einen herausnehmbaren Filter, der den Luftentfeuchter vor dem Eindringen von Staub und Schmutz sch\u00fctzt und so seine Lebensdauer verl\u00e4ngert. Saugen Sie den Filter von Zeit zu Zeit vorsichtig ab. Wenn er stark verschmutzt ist, k\u00f6nnen Sie ihn mit einem feuchten Tuch abwischen oder vorsichtig mit lauwarmem Wasser aussp\u00fclen. <\/p>\n<h3>Registrierung f\u00fcr erweiterte Garantie<\/h3>\n<p>Der MDX20P Luftentfeuchter von Wood hat eine 2-j\u00e4hrige Garantie. Um eine 3-Jahres-Garantie zu erhalten, registrieren Sie Ihren Luftentfeuchter einfach unter<br \/>\n<a href=\"https:\/\/warranty-woods.com\">garantie-woods.de<\/a>. Vergessen Sie nicht, die Quittung aufzubewahren. <\/p>\n","protected":false},"excerpt":{"rendered":"<p>Der MDX20P Luftentfeuchter von Wood ist f\u00fcr kleine Trockenr\u00e4ume und andere Wohnr\u00e4ume ohne Bodenablauf konzipiert. Er entfeuchtet bis zu 20 Liter Wasser pro Tag auf energieeffiziente Weise und verf\u00fcgt \u00fcber eine leistungsstarke eingebaute Pumpe zur einfachen Entleerung. Der verstellbare obere Auslass trocknet Ihre W\u00e4sche effizient und sein leiser Betrieb macht ihn perfekt f\u00fcr R\u00e4ume, in denen Sie viel Zeit verbringen. Der MDX20P von Wood verf\u00fcgt \u00fcber einen waschbaren Filter, einen Timer, eine Kindersicherung und einen Neustart nach einem Stromausfall. Wenn Sie das Ger\u00e4t registrieren, erhalten Sie eine 3-Jahres-Garantie.    <\/p>\n","protected":false},"featured_media":35967,"template":"","meta":{"_acf_changed":false},"product_brand":[],"product_cat":[411,4731],"product_tag":[388,392,398,2380],"class_list":{"0":"post-48114","1":"product","2":"type-product","3":"status-publish","4":"has-post-thumbnail","6":"product_cat-luftentfeuchter","7":"product_cat-wasche-trockene","8":"product_tag-schlafzimmer","9":"product_tag-waschetrocknung","10":"product_tag-wohnraum","11":"product_tag-wohnung","12":"product_shipping_class-high","13":"splide__slide","15":"first","16":"instock","17":"taxable","18":"shipping-taxable","19":"purchasable","20":"product-type-simple"},"acf":[],"_links":{"self":[{"href":"https:\/\/woods.se\/de\/wp-json\/wp\/v2\/product\/48114","targetHints":{"allow":["GET"]}}],"collection":[{"href":"https:\/\/woods.se\/de\/wp-json\/wp\/v2\/product"}],"about":[{"href":"https:\/\/woods.se\/de\/wp-json\/wp\/v2\/types\/product"}],"wp:featuredmedia":[{"embeddable":true,"href":"https:\/\/woods.se\/de\/wp-json\/wp\/v2\/media\/35967"}],"wp:attachment":[{"href":"https:\/\/woods.se\/de\/wp-json\/wp\/v2\/media?parent=48114"}],"wp:term":[{"taxonomy":"product_brand","embeddable":true,"href":"https:\/\/woods.se\/de\/wp-json\/wp\/v2\/product_brand?post=48114"},{"taxonomy":"product_cat","embeddable":true,"href":"https:\/\/woods.se\/de\/wp-json\/wp\/v2\/product_cat?post=48114"},{"taxonomy":"product_tag","embeddable":true,"href":"https:\/\/woods.se\/de\/wp-json\/wp\/v2\/product_tag?post=48114"}],"curies":[{"name":"wp","href":"https:\/\/api.w.org\/{rel}","templated":true}]}}