{"id":48113,"date":"2025-07-08T12:04:49","date_gmt":"2025-07-08T10:04:49","guid":{"rendered":"https:\/\/stage.woods.se\/?post_type=product&#038;p=48113"},"modified":"2026-02-19T10:19:47","modified_gmt":"2026-02-19T09:19:47","slug":"woods-geneva-hsw90","status":"publish","type":"product","link":"https:\/\/woods.se\/de\/produkte\/luftbefeuchter\/fur-wohnzimmer-und-buro\/woods-geneva-hsw90\/","title":{"rendered":"Woods Geneva HSW90"},"content":{"rendered":"<h2>Woods Geneva HSW90<\/h2>\n<h3>Effektive Luftbefeuchtung f\u00fcr ein ges\u00fcnderes Raumklima<\/h3>\n<p>Der Geneva HSW90 von Wood ist ein Premium-Luftbefeuchter, der Komfort schafft, Ihre Haut und Gesundheit sch\u00fctzt und Ihr Zuhause bewahrt. Die Verdunstungstechnologie bietet eine Kapazit\u00e4t von bis zu 900 ml Feuchtigkeit pro Stunde, die das Feuchtigkeitsniveau in trockenen Innenr\u00e4umen wiederherstellt &#8211; ohne das Risiko einer \u00dcberbefeuchtung. Damit ist er ideal f\u00fcr alle R\u00e4ume, von offenen Wohnr\u00e4umen bis hin zu Schlafzimmern, B\u00fcros, Kinderzimmern und Umgebungen mit empfindlichen M\u00f6beln oder Holzinstrumenten.  <\/p>\n<h3>Konzipiert f\u00fcr:<\/h3>\n<p><strong>F\u00fcr Familien:<\/strong> Sorgt f\u00fcr eine sicherere und bessere Schlafumgebung.<br \/>\n<strong>Gesundheitsbewusste Menschen:<\/strong> Verhindert und lindert wirksam trockene und rissige Haut.<br \/>\n<strong>Allergiker: Lindert die Beschwerden<\/strong>durch trockene Luft und Partikel.<br \/>\n<span style=\"color: #343433; font-family: Inter, sans-serif;\"><strong>Musiker und Instrumentenbesitzer:<\/strong> Sch\u00fctzt empfindliche Holzinstrumente.<br \/>\n<\/span> Wohnungen<strong>mit Holzb\u00f6den und -m\u00f6beln:<\/strong> Die richtige Luftfeuchtigkeit verl\u00e4ngert die Lebensdauer von M\u00f6beln und verhindert Sch\u00e4den.<br \/>\n<strong>B\u00fcror\u00e4ume:<\/strong> Schafft eine ges\u00fcndere und produktivere Arbeitsumgebung.<\/p>\n<h3>Leise und energieeffizient<\/h3>\n<p>Mit einem Ger\u00e4uschpegel von nur 23 dB im Leisemodus kann der HSW90 in Schlafzimmern, Kinderzimmern und B\u00fcros verwendet werden, ohne st\u00f6rend zu wirken. Gleichzeitig ist er mit einer maximalen Leistungsaufnahme von nur 28 Watt sehr energieeffizient. <\/p>\n<h3>Einfach zu benutzen<\/h3>\n<p>Der gro\u00dfe 4,7-Liter-Wassertank sorgt f\u00fcr eine lange Betriebsdauer und kann \u00fcber eine seitliche Klappe leicht nachgef\u00fcllt werden. Eine klare Wasserstandsanzeige zeigt an, wann es Zeit ist, nachzuf\u00fcllen. Sie k\u00f6nnen zwischen zwei voreingestellten Luftfeuchtigkeitsstufen (50 % oder 60 %) w\u00e4hlen oder eine von vier Gebl\u00e4sestufen einstellen, um die Befeuchtung an Ihre Bed\u00fcrfnisse anzupassen.  <\/p>\n<h3>Die Vorteile der Verdunstungstechnologie<\/h3>\n<p>Das Herzst\u00fcck des HSW90 ist seine Verdunstungstechnologie &#8211; ein Prozess, bei dem die Luft durch das Wasser in den Filtern str\u00f6mt und Feuchtigkeit absorbiert, die dann effizient in der Luft verteilt wird. Dies ist die gleiche Methode, die von Museen auf der ganzen Welt zum Schutz unbezahlbarer Artefakte eingesetzt wird. Im Gegensatz zu Ultraschall-Luftbefeuchtern gibt ein Verdunstungsmodell keinen sichtbaren Nebel ab und erzeugt keine wei\u00dfen Staubablagerungen oder Feuchtigkeitsflecken auf Oberfl\u00e4chen. Er verteilt die feuchte Luft viel effizienter und sorgt stets f\u00fcr ein ausgewogenes Feuchtigkeitsniveau ohne das Risiko einer \u00dcberbefeuchtung. Die doppelten antibakteriellen Filter fangen Partikel ab und hemmen das Bakterienwachstum &#8211; f\u00fcr eine saubere, ges\u00fcndere und hygienischere Raumluft.    <\/p>\n<h3>Gebaut f\u00fcr die Ewigkeit &#8211; bis zu 6 Jahre Garantie<\/h3>\n<p>Wenn Sie Ihren Geneva HSW90 bei <a href=\"https:\/\/warranty-woods.com\/?utm_source=chatgpt.com\">warranty-woods.com<\/a> registrieren und den Filter mindestens einmal im Jahr wechseln, k\u00f6nnen Sie die Garantie auf bis zu 6 Jahre verl\u00e4ngern.<\/p>\n<h3>Sch\u00fctzt sowohl Ihre Gesundheit als auch Ihr Zuhause<\/h3>\n<p>Eine ausgewogene Luftfeuchtigkeit verringert das Risiko von trockener Haut, Allergien und gereizten Atemwegen &#8211; und verbessert die Schlafqualit\u00e4t. Gleichzeitig sch\u00fctzt er Holzb\u00f6den, M\u00f6bel und Musikinstrumente vor Rissen oder Austrocknung und verl\u00e4ngert so deren Lebensdauer. Das macht den HSW90 zu einer ebenso guten Investition f\u00fcr Familien und Allergiker wie f\u00fcr Musiker, M\u00f6belbesitzer und B\u00fcroumgebungen.  <\/p>\n","protected":false},"excerpt":{"rendered":"<p>Der Wood&#8217;s Geneva HSW90 ist ein leistungsstarker und leiser Verdunstungsluftbefeuchter. Mit einer Befeuchtungsleistung von 900 ml\/h, fl\u00fcsterleisem Betrieb und niedrigem Energieverbrauch schafft er ein optimales Raumklima, das Ihr Zuhause und Ihre Gesundheit sch\u00fctzt. Er ist einfach zu bedienen, hat einen gro\u00dfen Wassertank und eignet sich gleicherma\u00dfen f\u00fcr Schlafzimmer, Wohnzimmer, B\u00fcros und Umgebungen mit empfindlichen M\u00f6beln und Ger\u00e4ten.  <\/p>\n","protected":false},"featured_media":42193,"template":"","meta":{"_acf_changed":false},"product_brand":[],"product_cat":[4811,4816,412],"product_tag":[3047,3044,3045],"class_list":{"0":"post-48113","1":"product","2":"type-product","3":"status-publish","4":"has-post-thumbnail","6":"product_cat-fur-schlafzimmer","7":"product_cat-fur-wohnzimmer-und-buro","8":"product_cat-luftbefeuchter","9":"product_tag-luftbefeuchter-fuer-kleine-schlafzimmer","10":"product_tag-luftbefeuchter-fuer-schlafzimmer","11":"product_tag-luftbefeuchter-fur-wohnzimmer-und-buros","12":"splide__slide","14":"first","15":"instock","16":"taxable","17":"shipping-taxable","18":"purchasable","19":"product-type-simple"},"acf":[],"_links":{"self":[{"href":"https:\/\/woods.se\/de\/wp-json\/wp\/v2\/product\/48113","targetHints":{"allow":["GET"]}}],"collection":[{"href":"https:\/\/woods.se\/de\/wp-json\/wp\/v2\/product"}],"about":[{"href":"https:\/\/woods.se\/de\/wp-json\/wp\/v2\/types\/product"}],"wp:featuredmedia":[{"embeddable":true,"href":"https:\/\/woods.se\/de\/wp-json\/wp\/v2\/media\/42193"}],"wp:attachment":[{"href":"https:\/\/woods.se\/de\/wp-json\/wp\/v2\/media?parent=48113"}],"wp:term":[{"taxonomy":"product_brand","embeddable":true,"href":"https:\/\/woods.se\/de\/wp-json\/wp\/v2\/product_brand?post=48113"},{"taxonomy":"product_cat","embeddable":true,"href":"https:\/\/woods.se\/de\/wp-json\/wp\/v2\/product_cat?post=48113"},{"taxonomy":"product_tag","embeddable":true,"href":"https:\/\/woods.se\/de\/wp-json\/wp\/v2\/product_tag?post=48113"}],"curies":[{"name":"wp","href":"https:\/\/api.w.org\/{rel}","templated":true}]}}