{"id":48110,"date":"2024-12-10T15:06:14","date_gmt":"2024-12-10T14:06:14","guid":{"rendered":"https:\/\/stage.woods.se\/?post_type=product&#038;p=48110"},"modified":"2026-02-11T14:33:03","modified_gmt":"2026-02-11T13:33:03","slug":"woods-whu400","status":"publish","type":"product","link":"https:\/\/woods.se\/de\/produkte\/luftbefeuchter\/fur-schlafzimmer\/woods-whu400\/","title":{"rendered":"Wood&#8217;s WHU400"},"content":{"rendered":"<h2>Wood&#8217;s WHU400<\/h2>\n<h3>Bequemer und leiser Ultraschall-Luftbefeuchter<\/h3>\n<p>Wood&#8217;s WHU400 ist ein kleiner, aber leistungsstarker Luftbefeuchter, der Ultraschalltechnologie verwendet, um Feuchtigkeit in Form von feinem, k\u00fchlem Nebel zu verteilen. Er wurde speziell entwickelt, um in R\u00e4umen bis zu 40 m\u00b2 ein angenehmes und gesundes Raumklima zu schaffen &#8211; perfekt f\u00fcr Schlafzimmer, Wohnzimmer und Kinderzimmer.<\/p>\n<h3>Leise und energieeffizient<\/h3>\n<p>Mit einem Ger\u00e4uschpegel von weniger als 35 dB arbeitet der WHU400 fl\u00fcsterleise und ist damit ideal f\u00fcr den Einsatz in der Nacht. Sein niedriger Energieverbrauch von maximal 30 W macht den Betrieb zudem sehr kosteng\u00fcnstig.<\/p>\n<h3>Intelligente Funktionen<\/h3>\n<p>Der Luftbefeuchter hat eine Befeuchtungskapazit\u00e4t von 7,2 Litern pro Tag und einen transparenten 3,5-Liter-Wassertank, so dass Sie leicht sehen k\u00f6nnen, wie viel Wasser noch vorhanden ist und eine lange Betriebszeit genie\u00dfen k\u00f6nnen. Sie k\u00f6nnen die Luftfeuchtigkeit selbst zwischen 45-75% einstellen, um immer ein angenehmes Niveau in Ihrem Zuhause zu halten. Das eingebaute Nachtlicht mit blauem Schein sorgt f\u00fcr ein sanftes Licht, das zu einer ruhigen Atmosph\u00e4re in Schlaf- und Kinderzimmern beitr\u00e4gt.<\/p>\n<h3>Vorteile der richtigen Luftfeuchtigkeit<\/h3>\n<p>Eine ausgewogene Luftfeuchtigkeit verringert das Risiko von trockener Haut, gereizten Atemwegen und Allergieproblemen. Er sch\u00fctzt auch M\u00f6bel, B\u00f6den und Musikinstrumente vor dem Austrocknen. Mit dem WHU400 von Wood erhalten Sie einen sanften, modernen und zuverl\u00e4ssigen Luftbefeuchter, der sowohl Ihre Gesundheit verbessert als auch die Lebensdauer Ihres Hauses und Ihrer Gegenst\u00e4nde verl\u00e4ngert.<\/p>\n<p>Entscheiden Sie sich f\u00fcr den Wood&#8217;s WHU400 &#8211; ein kompakter, leiser und energieeffizienter Ultraschall-Luftbefeuchter, der perfekt f\u00fcr Schlaf- und Wohnzimmer geeignet ist.<\/p>\n","protected":false},"excerpt":{"rendered":"<p>Der WHU400 von Wood ist ein kompakter und energieeffizienter Ultraschall-Luftbefeuchter, der die Feuchtigkeit in Form von feinem Nebel verteilt und so ein angenehmes Raumklima in R\u00e4umen bis zu 40 m\u00b2 schafft. Er hat eine Kapazit\u00e4t von 7,2 Litern pro Tag, einen 3,5-Liter-Wassertank und ist mit einem Ger\u00e4uschpegel von unter 35 dB sehr leise. Mit einer einstellbaren Luftfeuchtigkeit (45-75%) und einem eingebauten Nachtlicht mit blauem Licht ist er perfekt f\u00fcr Schlafzimmer, Kinderzimmer und Wohnzimmer geeignet.<\/p>\n","protected":false},"featured_media":46683,"template":"","meta":{"_acf_changed":false},"product_brand":[],"product_cat":[4811,412],"product_tag":[2977,3047],"class_list":{"0":"post-48110","1":"product","2":"type-product","3":"status-publish","4":"has-post-thumbnail","6":"product_cat-fur-schlafzimmer","7":"product_cat-luftbefeuchter","8":"product_tag-40-m-de","9":"product_tag-luftbefeuchter-fuer-kleine-schlafzimmer","10":"product_shipping_class-high","11":"splide__slide","13":"first","14":"outofstock","15":"taxable","16":"shipping-taxable","17":"purchasable","18":"product-type-simple"},"acf":[],"_links":{"self":[{"href":"https:\/\/woods.se\/de\/wp-json\/wp\/v2\/product\/48110","targetHints":{"allow":["GET"]}}],"collection":[{"href":"https:\/\/woods.se\/de\/wp-json\/wp\/v2\/product"}],"about":[{"href":"https:\/\/woods.se\/de\/wp-json\/wp\/v2\/types\/product"}],"wp:featuredmedia":[{"embeddable":true,"href":"https:\/\/woods.se\/de\/wp-json\/wp\/v2\/media\/46683"}],"wp:attachment":[{"href":"https:\/\/woods.se\/de\/wp-json\/wp\/v2\/media?parent=48110"}],"wp:term":[{"taxonomy":"product_brand","embeddable":true,"href":"https:\/\/woods.se\/de\/wp-json\/wp\/v2\/product_brand?post=48110"},{"taxonomy":"product_cat","embeddable":true,"href":"https:\/\/woods.se\/de\/wp-json\/wp\/v2\/product_cat?post=48110"},{"taxonomy":"product_tag","embeddable":true,"href":"https:\/\/woods.se\/de\/wp-json\/wp\/v2\/product_tag?post=48110"}],"curies":[{"name":"wp","href":"https:\/\/api.w.org\/{rel}","templated":true}]}}