{"id":48108,"date":"2024-12-10T15:05:34","date_gmt":"2024-12-10T14:05:34","guid":{"rendered":"https:\/\/stage.woods.se\/?post_type=product&#038;p=48108"},"modified":"2026-02-11T14:32:32","modified_gmt":"2026-02-11T13:32:32","slug":"woods-whu600","status":"publish","type":"product","link":"https:\/\/woods.se\/de\/produkte\/luftbefeuchter\/fur-schlafzimmer\/woods-whu600\/","title":{"rendered":"Wood&#8217;s WHU600"},"content":{"rendered":"<h2>Wood&#8217;s WHU600<\/h2>\n<h3>Flexibler Hybrid-Luftbefeuchter mit warmem Dampf und k\u00fchlem Nebel<\/h3>\n<p>Wood&#8217;s WHU600 ist ein hybrider Luftbefeuchter, der das Beste aus beiden Welten vereint: Er kann sowohl kalten Nebel als auch warmen Dampf abgeben, um das ganze Jahr \u00fcber ein angenehmes Raumklima zu schaffen. Mit einer Kapazit\u00e4t von bis zu 7,2 Litern pro Tag und einer empfohlenen Fl\u00e4che von 50 m\u00b2 ist er perfekt f\u00fcr Schlafzimmer, Wohnzimmer und Kinderzimmer geeignet.<\/p>\n<h3>Benutzerfreundliches und intelligentes Design<\/h3>\n<p>Der WHU600 ist so konzipiert, dass er im Alltag leicht zu bedienen ist. Der transparente 5,5-Liter-Wassertank erm\u00f6glicht es Ihnen, den Wasserstand immer im Blick zu haben und den Tank leicht nachzuf\u00fcllen oder zu reinigen. Mit einem Ger\u00e4uschpegel von nur ca. 35 dB arbeitet der Luftbefeuchter leise und unauff\u00e4llig im Hintergrund, auch nachts.<\/p>\n<h3>Volle Kontrolle \u00fcber das Raumklima<\/h3>\n<p>Das \u00fcbersichtliche Display zeigt sowohl die aktuelle Temperatur als auch die Luftfeuchtigkeit an, so dass Sie das Klima ganz einfach an Ihre Bed\u00fcrfnisse anpassen k\u00f6nnen. Sie k\u00f6nnen zwischen drei Ventilatorgeschwindigkeiten w\u00e4hlen und die gew\u00fcnschte Luftfeuchtigkeit im Bereich von 40-75% einstellen. Mit der Timerfunktion, dem blauen Nachtlicht und der Fernbedienung haben Sie das Ger\u00e4t in allen Situationen bequem im Griff.<\/p>\n<h3>Ionisator f\u00fcr frischere Luft<\/h3>\n<p>Der WHU600 ist mit einem Ionisator ausgestattet, der die Luft durch Neutralisierung von Partikeln, Staub und Schadstoffen reinigt. So erhalten Sie nicht nur die richtige Luftfeuchtigkeit, sondern auch ein saubereres und ges\u00fcnderes Raumklima.<\/p>\n<h3>Vorteile des richtigen Feuchtigkeitsgrads<\/h3>\n<p>Eine ausgewogene Luftfeuchtigkeit hilft, trockene Haut, gereizte Atemwege und Allergieprobleme zu lindern. Gleichzeitig sch\u00fctzt es Holzb\u00f6den, M\u00f6bel und Musikinstrumente vor dem Austrocknen und Rissbildung.<\/p>\n<p>Entscheiden Sie sich f\u00fcr den Wood&#8217;s WHU600 &#8211; einen sanften, leisen und vielseitigen Hybrid-Luftbefeuchter mit warmem Dampf, k\u00fchlem Nebel und intelligenten Funktionen f\u00fcr mehr Gesundheit und Komfort.<\/p>\n","protected":false},"excerpt":{"rendered":"<p>Der WHU600 von Wood ist ein leiser und energieeffizienter Hybrid-Luftbefeuchter f\u00fcr R\u00e4ume bis zu 50 m\u00b2. Er kann sowohl warmen Dampf als auch kalten Nebel abgeben und hat eine Kapazit\u00e4t von 7,2 Litern pro Tag. Mit einem gro\u00dfen 5,5-Liter-Wassertank, drei Gebl\u00e4sestufen und einem \u00fcbersichtlichen Display, das die aktuelle Temperatur und Luftfeuchtigkeit anzeigt, haben Sie die volle Kontrolle \u00fcber das Raumklima. Ausgestattet mit einem Ionisator (reinigt die Luft), Fernbedienung, Nachtlicht und Timer.<\/p>\n","protected":false},"featured_media":46766,"template":"","meta":{"_acf_changed":false},"product_brand":[],"product_cat":[4811,412],"product_tag":[2985,3047],"class_list":{"0":"post-48108","1":"product","2":"type-product","3":"status-publish","4":"has-post-thumbnail","6":"product_cat-fur-schlafzimmer","7":"product_cat-luftbefeuchter","8":"product_tag-50-m-de","9":"product_tag-luftbefeuchter-fuer-kleine-schlafzimmer","10":"product_shipping_class-high","11":"splide__slide","13":"first","14":"outofstock","15":"taxable","16":"shipping-taxable","17":"purchasable","18":"product-type-simple"},"acf":[],"_links":{"self":[{"href":"https:\/\/woods.se\/de\/wp-json\/wp\/v2\/product\/48108","targetHints":{"allow":["GET"]}}],"collection":[{"href":"https:\/\/woods.se\/de\/wp-json\/wp\/v2\/product"}],"about":[{"href":"https:\/\/woods.se\/de\/wp-json\/wp\/v2\/types\/product"}],"wp:featuredmedia":[{"embeddable":true,"href":"https:\/\/woods.se\/de\/wp-json\/wp\/v2\/media\/46766"}],"wp:attachment":[{"href":"https:\/\/woods.se\/de\/wp-json\/wp\/v2\/media?parent=48108"}],"wp:term":[{"taxonomy":"product_brand","embeddable":true,"href":"https:\/\/woods.se\/de\/wp-json\/wp\/v2\/product_brand?post=48108"},{"taxonomy":"product_cat","embeddable":true,"href":"https:\/\/woods.se\/de\/wp-json\/wp\/v2\/product_cat?post=48108"},{"taxonomy":"product_tag","embeddable":true,"href":"https:\/\/woods.se\/de\/wp-json\/wp\/v2\/product_tag?post=48108"}],"curies":[{"name":"wp","href":"https:\/\/api.w.org\/{rel}","templated":true}]}}