{"id":48104,"date":"2024-12-10T15:05:06","date_gmt":"2024-12-10T14:05:06","guid":{"rendered":"https:\/\/stage.woods.se\/?post_type=product&#038;p=48104"},"modified":"2025-09-15T15:58:37","modified_gmt":"2025-09-15T13:58:37","slug":"woods-vienna-hsw100","status":"publish","type":"product","link":"https:\/\/woods.se\/de\/produkte\/luftbefeuchter\/fur-wohnzimmer-und-buro\/woods-vienna-hsw100\/","title":{"rendered":"Wood&#8217;s Vienna HSW100"},"content":{"rendered":"<h2>Wood&#8217;s Vienna HSW100<\/h2>\n<h3>Premium Verdunstungsluftbefeuchter f\u00fcr gro\u00dfe Fl\u00e4chen<\/h3>\n<p>Der Vienna HSW100 von Wood ist einer der leistungsst\u00e4rksten und exklusivsten Luftbefeuchter auf dem Markt. Leise und extrem energieeffizient. Hergestellt und entwickelt in Schweden und gebaut aus robustem Metall f\u00fcr eine lange Lebensdauer &#8211; eine nachhaltige Premium-Wahl f\u00fcr alle, die sicher sein wollen, dass ihre Luft sowohl zu Hause als auch im beruflichen Umfeld nicht zu trocken ist.<\/p>\n<h3>Entwickelt f\u00fcr:<\/h3>\n<p><strong>F\u00fcr Familien:<\/strong> Sorgt f\u00fcr eine sicherere und bessere Schlafumgebung.<br \/>\n<strong>Gesundheitsbewusste Menschen:<\/strong> Verhindert und lindert wirksam trockene und rissige Haut.<br \/>\n<strong>Allergiker:<\/strong> Lindert die Beschwerden durch trockene Luft und Partikel.<br \/>\n<strong>Holzb\u00f6den, Einrichtungsgegenst\u00e4nde und M\u00f6bel:<\/strong> Die richtige Feuchtigkeit verl\u00e4ngert ihre Lebensdauer und verhindert Sch\u00e4den.<br \/>\n<strong>Musiker und Instrumentenbesitzer:<\/strong> Sch\u00fctzt empfindliche Holzinstrumente.<br \/>\n<strong>B\u00fcror\u00e4ume:<\/strong> Schafft eine ges\u00fcndere und produktivere Arbeitsumgebung.<\/p>\n<h3>Kapazit\u00e4t und Leistung<\/h3>\n<p>Mit einer Kapazit\u00e4t von 1 Liter Feuchtigkeit pro Stunde und einer empfohlenen Fl\u00e4che von bis zu 210 m\u00b2 ist der Vienna HSW100 perfekt f\u00fcr die Schaffung eines angenehmen Raumklimas in gro\u00dfen R\u00e4umen, B\u00fcros, Gesch\u00e4ften und ganzen H\u00e4usern geeignet. Dank des gro\u00dfen 9,3-Liter-Wassertanks kann der Luftbefeuchter lange betrieben werden, ohne dass er nachgef\u00fcllt werden muss.<\/p>\n<h3>Leiser und energieeffizienter Betrieb<\/h3>\n<p>Trotz seiner leistungsstarken Kapazit\u00e4t ist der Vienna HSW100 \u00e4u\u00dferst energieeffizient und hat einen niedrigen Energieverbrauch von 4-20 W pro Stunde. Mit dem stufenlosen Gebl\u00e4se k\u00f6nnen Sie den Luftstrom genau nach Bedarf einstellen &#8211; vom diskreten Hintergrundbetrieb bis zur maximalen Leistung.<\/p>\n<h3>Verdunstungstechnologie &#8211; nat\u00fcrliche Befeuchtung<\/h3>\n<p>Der HSW100 von Wood verwendet die Verdunstungstechnologie, eine nat\u00fcrliche Methode, bei der die Luft durch Wasserfilter str\u00f6mt und Feuchtigkeit absorbiert, bevor sie in die Luft abgegeben wird. Diese Technologie ist die gleiche, die von Museen auf der ganzen Welt zum Schutz empfindlicher Objekte verwendet wird. Im Gegensatz zu Ultraschall-Luftbefeuchtern gibt ein Verdunstungsmodell keinen sichtbaren Nebel ab und verursacht keine wei\u00dfen Staubablagerungen oder Feuchtigkeitsflecken auf Oberfl\u00e4chen. Das Ergebnis ist eine gleichm\u00e4\u00dfige und gesunde Luftfeuchtigkeit &#8211; ohne das Risiko einer \u00dcberbefeuchtung. Er verteilt die feuchte Luft viel effizienter und sorgt stets f\u00fcr eine ausgewogene Luftfeuchtigkeit, ohne dass die Gefahr einer \u00dcberbefeuchtung besteht. Die doppelten antibakteriellen Filter fangen Partikel ab und hemmen das Bakterienwachstum &#8211; f\u00fcr eine sauberere, ges\u00fcndere und hygienischere Raumluft.<\/p>\n<h3>Sch\u00fctzt Ihre Gesundheit und Ihr Zuhause<\/h3>\n<p>Eine ausgewogene Luftfeuchtigkeit hilft, trockene und rissige Haut, gereizte Atemwege und Allergieprobleme zu lindern. Gleichzeitig sch\u00fctzt er Holzb\u00f6den, M\u00f6bel und Musikinstrumente vor Austrocknung und Rissbildung. F\u00fcr gro\u00dfe R\u00e4ume und offene Umgebungen ist der Vienna HSW100 eine Investition, die sowohl das Wohlbefinden verbessert als auch Einrichtungsgegenst\u00e4nde und Materialien schont.<\/p>\n<h3>Gebaut f\u00fcr die Ewigkeit &#8211; bis zu 6 Jahre Garantie<\/h3>\n<p>Der Vienna HSW100 von Woods ist aus Metall gefertigt, um eine lange Lebensdauer und einen sicheren Gebrauch zu gew\u00e4hrleisten. Wenn Sie ihn auf warranty-woods.com registrieren und den Filter mindestens einmal im Jahr wechseln, verl\u00e4ngern Sie die Garantie auf bis zu 6 Jahre.<\/p>\n<p>Wenn Sie Probleme mit trockener Luft vermeiden wollen, entscheiden Sie sich f\u00fcr den Wood&#8217;s Vienna HSW100 &#8211; einen exklusiven, in Schweden hergestellten, energieeffizienten Premium-Luftbefeuchter, der f\u00fcr gro\u00dfe R\u00e4ume, ganze H\u00e4user und professionelle Umgebungen entwickelt wurde.<\/p>\n","protected":false},"excerpt":{"rendered":"<p>Der Vienna HSW100 von Wood ist ein exklusiver, in Schweden hergestellter Premium-Luftbefeuchter f\u00fcr gro\u00dfe Fl\u00e4chen bis zu 210 m\u00b2. Mit einer Kapazit\u00e4t von 1 Liter pro Stunde, einem gro\u00dfen 9,3-Liter-Wassertank und einem \u00e4u\u00dferst energieeffizienten Betrieb ist er ideal f\u00fcr ganze H\u00e4user, R\u00e4umlichkeiten und B\u00fcros. Das sehr leise und stufenlose Gebl\u00e4se erm\u00f6glicht es Ihnen, die Befeuchtung ganz einfach an Ihre Bed\u00fcrfnisse anzupassen. Die robuste Metallkonstruktion sorgt f\u00fcr eine lange Lebensdauer und bietet eine Garantie von bis zu 6 Jahren bei j\u00e4hrlichem Filterwechsel.<\/p>\n","protected":false},"featured_media":46499,"template":"","meta":{"_acf_changed":false},"product_brand":[],"product_cat":[4821,4816,412],"product_tag":[3046,3044,3045],"class_list":{"0":"post-48104","1":"product","2":"type-product","3":"status-publish","4":"has-post-thumbnail","6":"product_cat-fur-offentliche-raume","7":"product_cat-fur-wohnzimmer-und-buro","8":"product_cat-luftbefeuchter","9":"product_tag-luftbefeuchter-fuer-oeffentliche-raeume","10":"product_tag-luftbefeuchter-fuer-schlafzimmer","11":"product_tag-luftbefeuchter-fur-wohnzimmer-und-buros","12":"product_shipping_class-hsw100","13":"splide__slide","15":"first","16":"outofstock","17":"taxable","18":"shipping-taxable","19":"purchasable","20":"product-type-simple"},"acf":[],"_links":{"self":[{"href":"https:\/\/woods.se\/de\/wp-json\/wp\/v2\/product\/48104","targetHints":{"allow":["GET"]}}],"collection":[{"href":"https:\/\/woods.se\/de\/wp-json\/wp\/v2\/product"}],"about":[{"href":"https:\/\/woods.se\/de\/wp-json\/wp\/v2\/types\/product"}],"wp:featuredmedia":[{"embeddable":true,"href":"https:\/\/woods.se\/de\/wp-json\/wp\/v2\/media\/46499"}],"wp:attachment":[{"href":"https:\/\/woods.se\/de\/wp-json\/wp\/v2\/media?parent=48104"}],"wp:term":[{"taxonomy":"product_brand","embeddable":true,"href":"https:\/\/woods.se\/de\/wp-json\/wp\/v2\/product_brand?post=48104"},{"taxonomy":"product_cat","embeddable":true,"href":"https:\/\/woods.se\/de\/wp-json\/wp\/v2\/product_cat?post=48104"},{"taxonomy":"product_tag","embeddable":true,"href":"https:\/\/woods.se\/de\/wp-json\/wp\/v2\/product_tag?post=48104"}],"curies":[{"name":"wp","href":"https:\/\/api.w.org\/{rel}","templated":true}]}}