{"id":48102,"date":"2024-12-16T08:53:28","date_gmt":"2024-12-16T07:53:28","guid":{"rendered":"https:\/\/stage.woods.se\/?post_type=product&#038;p=48102"},"modified":"2025-10-27T08:55:13","modified_gmt":"2025-10-27T07:55:13","slug":"woods-airmaster-woz-2000","status":"publish","type":"product","link":"https:\/\/woods.se\/de\/produkte\/ozongeneratoren\/woods-airmaster-woz-2000\/","title":{"rendered":"Wood&#8217;s Airmaster WOZ 2000"},"content":{"rendered":"<h2>Wood&#8217;s Airmaster WOZ 2000<\/h2>\n<h3>In Schweden hergestellter Ozongenerator f\u00fcr anspruchsvolle Geruchssanierungsaufgaben<\/h3>\n<p>Der Airmaster WOZ 2000 von Wood wurde f\u00fcr die schwierigsten Geruchsherausforderungen in der Industrie und bei der Geruchssanierung entwickelt. Mit seiner hohen Kapazit\u00e4t ist er ein effektives Werkzeug zur Beseitigung von starken Ger\u00fcchen, Schimmelsporen, Rauch- und Brandsch\u00e4den sowie Fett in L\u00fcftungssystemen. Robust, zuverl\u00e4ssig und in Schweden entwickelt &#8211; der WOZ 2000 ist die offensichtliche Wahl f\u00fcr professionelle Anwender.  <\/p>\n<h3>Einstellbare Ozonproduktion<\/h3>\n<p>Das WOZ 2000 bietet eine flexible Ozonproduktion von 20 bis 2000 mg\/h, so dass Sie die Leistung genau an Ihre Bed\u00fcrfnisse anpassen k\u00f6nnen. Dank der stufenlosen Steuerung (1-100%) k\u00f6nnen Sie sowohl in kleinen R\u00e4umen als auch in gr\u00f6\u00dferen Industrieanlagen arbeiten. <\/p>\n<h3>Digitale Steuerung mit Fokus auf Sicherheit<\/h3>\n<p>Das digitale Bedienfeld macht es einfach, das Ger\u00e4t mit Intervall- und Tageszeitschaltuhren zu programmieren und bietet so eine zuverl\u00e4ssige Automatisierung. Die Sicherheitseinstellungen sind so konzipiert, dass die Risiken, die durch erh\u00f6hte Ozonwerte entstehen k\u00f6nnen, minimiert werden und Sie die volle Kontrolle \u00fcber den Betrieb haben. <\/p>\n<h3>Flexibler Einsatz<\/h3>\n<p>Dank des Schlauchanschlusses (optionaler Schlauch) kann das Ozon direkt in schwer zug\u00e4ngliche Bereiche wie L\u00fcftungskan\u00e4le, Fahrzeuge oder Einbaur\u00e4ume geleitet werden. Das macht die WOZ 2000 besonders n\u00fctzlich f\u00fcr die Rauch- und Brandsanierung, wo Ger\u00fcche oft tief in den Materialien verweilen. <\/p>\n<h3>Ozonr\u00f6hren-Technologie &#8211; f\u00fcr lange Lebensdauer und sicheren Betrieb<\/h3>\n<p>Die Ozonr\u00f6hrentechnologie in der WOZ 2000 sorgt f\u00fcr einen gleichm\u00e4\u00dfigen und kontrollierten Ozongehalt. Das Ozon wird durch eine Quarzglasr\u00f6hre gebildet, in der elektrische Entladungen in einer gleichm\u00e4\u00dfigen und gesch\u00fctzten Umgebung stattfinden. Dadurch k\u00f6nnen Sie das Ozon dorthin lenken, wo Sie es haben wollen, aber es wird auch verhindert, dass sich das Ozon im Ger\u00e4t ausbreitet und Komponenten besch\u00e4digt, was die Wartung erleichtert &#8211; f\u00fcr eine l\u00e4ngere Lebensdauer. Die R\u00f6hren sind au\u00dferdem versiegelt und weniger anf\u00e4llig f\u00fcr Staub und Schmutz.   <\/p>\n<h3>Robustes und benutzerfreundliches Design<\/h3>\n<p>Die WOZ 2000 hat eine solide Konstruktion, die den harten Bedingungen in industriellen Umgebungen standh\u00e4lt. Er ist energieeffizient, mit Tragegriffen f\u00fcr den einfachen Transport ausgestattet und kann mit einer praktischen Schl\u00fcssellochl\u00f6sung auch an der Wand montiert werden. <\/p>\n<h3>Hergestellt in Schweden<\/h3>\n<p>Wie alle Ozongeneratoren der WOZ-Serie wird auch der WOZ 2000 in Schweden entwickelt und hergestellt. Wood&#8217;s ist Mitglied der European Ozone Trade Association (EUOTA) und Partner im Ozon-Dossier der EUOTAS f\u00fcr biozide Wirkstoffe &#8211; eine Garantie daf\u00fcr, dass das Produkt hohe Sicherheits- und Qualit\u00e4tsanforderungen erf\u00fcllt. <\/p>\n<p><strong>Haftungsausschluss:<\/strong><br \/>\nNicht f\u00fcr den Endverbraucher geeignet. Unsere Ozongeneratoren sollten nur von geschulten Fachleuten bedient werden, die im Umgang mit Ozon ge\u00fcbt sind. Die Exposition gegen\u00fcber Ozon stellt ein potenzielles Gesundheitsrisiko f\u00fcr Menschen und Tiere dar, und eine unsachgem\u00e4\u00dfe Verwendung kann Elektronik, Kunststoffe, Silikone, Kunstwerke und andere Materialien besch\u00e4digen. Halten Sie sich unbedingt an die professionellen Richtlinien und Sicherheitsprotokolle, wenn Sie diese Ger\u00e4te bedienen.   <\/p>\n<p><strong>Gebrauchsanweisung:<\/strong><br \/>\nVermeiden Sie bewohnte R\u00e4ume: Verwenden Sie unsere Ozongeneratoren nicht in Gegenwart von Menschen oder Tieren. Betreten Sie keine Bereiche, in denen Ozon erzeugt wird.<br \/>\nTesten Sie die optimale Nutzung: F\u00fchren Sie erste Tests durch, um die angemessene Ozonmenge zu bestimmen, die zur Neutralisierung von Ger\u00fcchen erforderlich ist. Verwenden Sie nur die f\u00fcr die Geruchsbeseitigung notwendige Menge an Ozon und vermeiden Sie ein \u00dcberma\u00df.<br \/>\nTimer-Benutzung: Verwenden Sie immer eine Zeitschaltuhr, wenn Sie Ihr Ozonger\u00e4t betreiben. Wenn Ihr Ozonger\u00e4t keinen eingebauten Timer hat, schlie\u00dfen Sie es an einen externen Abschalttimer an, um zu verhindern, dass Ozon ausgesetzt wird, bevor es sich verfl\u00fcchtigt.<br \/>\nWarnhinweise: Wenn Sie einen Ozongenerator in einem Raum verwenden, in dem sich Menschen aufhalten, z.B. in einem M\u00fcll- oder Recyclingraum, bringen Sie au\u00dferhalb des Bereichs deutlich sichtbare Warnschilder an, um Personen auf das Vorhandensein von Ozon w\u00e4hrend des Betriebs hinzuweisen.<br \/>\nVorsichtsma\u00dfnahmen beim Wiedereintritt: Warten Sie mit dem Betreten des Raums, bis die Ozonwerte auf die akzeptierten gesetzlichen Werte gesunken sind. Wenn die Werte diese Normen \u00fcberschreiten, betreten Sie den Raum nicht, bis sich das Ozon abgebaut hat.    <\/p>\n","protected":false},"excerpt":{"rendered":"<p>Der Airmaster WOZ 2000 von Wood ist ein in Schweden hergestellter Ozongenerator mit Ozonr\u00f6hrentechnologie, der f\u00fcr die anspruchsvollsten Umgebungen entwickelt wurde. Mit einer einstellbaren Ozonproduktion von bis zu 2000 mg\/h ist er ideal f\u00fcr den industriellen Einsatz, die Rauch- und Brandsanierung und schwierige Geruchssanierungen. Mit digitaler Steuerung, eingebauten Sicherheitsfunktionen und robuster Konstruktion ist der WOZ 2000 sowohl zuverl\u00e4ssig als auch einfach zu bedienen &#8211; mit Tragegriffen, Wandbefestigung und der M\u00f6glichkeit eines Schlauchanschlusses.  <\/p>\n","protected":false},"featured_media":46955,"template":"","meta":{"_acf_changed":false},"product_brand":[],"product_cat":[413,414],"product_tag":[3573,3572,3574,3575],"class_list":{"0":"post-48102","1":"product","2":"type-product","3":"status-publish","4":"has-post-thumbnail","6":"product_cat-ozongeneratoren","7":"product_cat-professional-de","8":"product_tag-industriell","9":"product_tag-ozon-generatoren","10":"product_tag-rauch","11":"product_tag-wiederherstellung-durch-feuer","12":"splide__slide","14":"first","15":"instock","16":"taxable","17":"shipping-taxable","18":"product-type-simple"},"acf":[],"_links":{"self":[{"href":"https:\/\/woods.se\/de\/wp-json\/wp\/v2\/product\/48102","targetHints":{"allow":["GET"]}}],"collection":[{"href":"https:\/\/woods.se\/de\/wp-json\/wp\/v2\/product"}],"about":[{"href":"https:\/\/woods.se\/de\/wp-json\/wp\/v2\/types\/product"}],"wp:featuredmedia":[{"embeddable":true,"href":"https:\/\/woods.se\/de\/wp-json\/wp\/v2\/media\/46955"}],"wp:attachment":[{"href":"https:\/\/woods.se\/de\/wp-json\/wp\/v2\/media?parent=48102"}],"wp:term":[{"taxonomy":"product_brand","embeddable":true,"href":"https:\/\/woods.se\/de\/wp-json\/wp\/v2\/product_brand?post=48102"},{"taxonomy":"product_cat","embeddable":true,"href":"https:\/\/woods.se\/de\/wp-json\/wp\/v2\/product_cat?post=48102"},{"taxonomy":"product_tag","embeddable":true,"href":"https:\/\/woods.se\/de\/wp-json\/wp\/v2\/product_tag?post=48102"}],"curies":[{"name":"wp","href":"https:\/\/api.w.org\/{rel}","templated":true}]}}