{"id":48099,"date":"2024-12-16T08:35:39","date_gmt":"2024-12-16T07:35:39","guid":{"rendered":"https:\/\/stage.woods.se\/?post_type=product&#038;p=48099"},"modified":"2025-12-12T18:05:36","modified_gmt":"2025-12-12T17:05:36","slug":"woods-airmaster-woz-400","status":"publish","type":"product","link":"https:\/\/woods.se\/de\/produkte\/ozongeneratoren\/woods-airmaster-woz-400\/","title":{"rendered":"Wood&#8217;s Airmaster WOZ 400"},"content":{"rendered":"<h2>Wood&#8217;s Airmaster WOZ 400<\/h2>\n<h3>Einfacher und leistungsstarker Ozongenerator f\u00fcr den professionellen Bedarf<\/h3>\n<p>Der Airmaster WOZ 400 von Wood wurde entwickelt, um eine effektive Geruchsbeseitigung auf einfachste Weise zu erm\u00f6glichen. Mit einer festen Ozonproduktion von 500 mg\/h und einer einzigen Ein-\/Ausschalttaste ist er sehr einfach zu bedienen und eignet sich daher ideal f\u00fcr den Einsatz in Hotels und Ferienh\u00e4usern, zum Beispiel. Bei Bedarf kann es einfach an eine Zeitschaltuhr angeschlossen werden, um die Ozonproduktion zu steuern, zum Beispiel in einem M\u00fcllraum. Das macht es zu einer bequemen Wahl f\u00fcr professionelle Anwender, die einen schnellen, zuverl\u00e4ssigen Betrieb ohne komplizierte Einstellungen w\u00fcnschen.   <\/p>\n<h3>Flexibel einsetzbar &#8211; auch bei der Autoaufbereitung<\/h3>\n<p>Der WOZ 400 kann mit 12V betrieben werden (Adapter nicht im Lieferumfang enthalten) und direkt an den Zigarettenanz\u00fcnder im Auto angeschlossen werden. Das macht es besonders n\u00fctzlich f\u00fcr die Autoaufbereitung, wo es hartn\u00e4ckige Ger\u00fcche effektiv beseitigt. Au\u00dferdem kann ein Silikonschlauch (optional) angeschlossen werden, um das Ozon an schwer zug\u00e4ngliche Stellen zu leiten, wie z.B. L\u00fcftungen oder Fettabscheider.  <\/p>\n<h3>Robustes und benutzerfreundliches Design<\/h3>\n<p>Mit seiner robusten Konstruktion, dem geringen Energieverbrauch und dem praktischen Tragegriff l\u00e4sst sich das WOZ 400 leicht zwischen verschiedenen R\u00e4umen bewegen. F\u00fcr den station\u00e4ren Betrieb kann es auch mit einer praktischen Schl\u00fcssellochl\u00f6sung an der Wand befestigt werden. <\/p>\n<h3>Hergestellt in Schweden<\/h3>\n<p>Das WOZ 400 wird in Schweden entwickelt und hergestellt, wobei der Schwerpunkt auf Nachhaltigkeit und Funktionalit\u00e4t liegt. Wood&#8217;s ist Mitglied der European Ozone Trade Association (EUOTA) und Partner im Ozondossier der EUOTA f\u00fcr biozide Wirkstoffe &#8211; eine Garantie f\u00fcr hohe Qualit\u00e4t und sichere Anwendung. <\/p>\n<h4><strong>Haftungsausschluss:<\/strong><\/h4>\n<p>Nicht f\u00fcr Verbraucher geeignet. Unsere Ozongeneratoren sollten nur von geschulten Fachleuten bedient werden, die im Umgang mit Ozon ge\u00fcbt sind. Die Exposition gegen\u00fcber Ozon stellt ein potenzielles Gesundheitsrisiko f\u00fcr Menschen und Tiere dar, und eine unsachgem\u00e4\u00dfe Verwendung kann Elektronik, Kunststoffe, Silikone, Kunstwerke und andere Materialien besch\u00e4digen. Halten Sie sich unbedingt an die professionellen Richtlinien und Sicherheitsprotokolle, wenn Sie diese Ger\u00e4te bedienen.   <\/p>\n<h4><strong>Richtlinien f\u00fcr die Verwendung:<\/strong><\/h4>\n<p><strong>Vermeiden Sie bewohnte R\u00e4ume:<\/strong> Verwenden Sie unsere Ozongeneratoren nicht in Gegenwart von Menschen oder Tieren. Betreten Sie keine Bereiche, in denen Ozon erzeugt wird.<br \/>\n<strong>Testen Sie die optimale Nutzung<\/strong>: F\u00fchren Sie erste Tests durch, um die angemessene Ozonmenge zu bestimmen, die zur Neutralisierung von Ger\u00fcchen erforderlich ist. Verwenden Sie nur die f\u00fcr die Geruchsbeseitigung notwendige Menge an Ozon und vermeiden Sie ein \u00dcberma\u00df.<br \/>\n<strong>Timer-Benutzung:<\/strong> Verwenden Sie immer eine Zeitschaltuhr, wenn Sie Ihr Ozonger\u00e4t betreiben. Wenn Ihr Ozonger\u00e4t nicht \u00fcber einen eingebauten Timer verf\u00fcgt, schlie\u00dfen Sie es an eine externe Zeitschaltuhr an, um zu verhindern, dass Ozon ausgesetzt wird, bevor es sich verfl\u00fcchtigt.<br \/>\n<strong>Warnschilder:<\/strong> Wenn Sie einen Ozongenerator in einem Raum verwenden, in dem sich Menschen aufhalten, z. B. in einem M\u00fcll- oder Recyclingraum, sollten Sie au\u00dferhalb des Bereichs Warnschilder anbringen, um Personen auf das Vorhandensein von Ozon w\u00e4hrend des Betriebs hinzuweisen.<br \/>\n<strong>Vorsichtsma\u00dfnahmen beim Wiedereintritt:<\/strong> Warten Sie mit dem Betreten des Raumes, bis die Ozonwerte auf die gesetzlich vorgeschriebenen Werte gesunken sind. Wenn die Werte diese Normen \u00fcberschreiten, betreten Sie den Raum nicht, bis sich das Ozon abgebaut hat. <\/p>\n","protected":false},"excerpt":{"rendered":"<p>Der Airmaster WOZ 400 von Wood ist ein in Schweden hergestellter Ozongenerator, der 500 mg\/h produziert. Er verf\u00fcgt \u00fcber einen einfachen Ein-\/Ausschalter und ist daher sehr leicht zu bedienen. Dank der M\u00f6glichkeit, ihn mit 12 V zu betreiben (Adapter nicht im Lieferumfang enthalten), kann er direkt an eine Zigarettenanz\u00fcnderbuchse angeschlossen werden &#8211; perfekt f\u00fcr die Aufbereitung von Autos. Mit einem Schlauchanschluss kann das Ozon dorthin geleitet werden, wo es am meisten ben\u00f6tigt wird, z.B. in L\u00fcftungen oder Fettabscheidern. Robust, energieeffizient und einfach in der Handhabung.    <\/p>\n","protected":false},"featured_media":46892,"template":"","meta":{"_acf_changed":false},"product_brand":[],"product_cat":[413,414],"product_tag":[4619,4627,4618,4620,3572],"class_list":{"0":"post-48099","1":"product","2":"type-product","3":"status-publish","4":"has-post-thumbnail","6":"product_cat-ozongeneratoren","7":"product_cat-professional-de","8":"product_tag-autoaufbereitung","9":"product_tag-beluftung","10":"product_tag-hotels","11":"product_tag-mullraume","12":"product_tag-ozon-generatoren","13":"product_shipping_class-high","14":"splide__slide","16":"first","17":"instock","18":"taxable","19":"shipping-taxable","20":"product-type-simple"},"acf":[],"_links":{"self":[{"href":"https:\/\/woods.se\/de\/wp-json\/wp\/v2\/product\/48099","targetHints":{"allow":["GET"]}}],"collection":[{"href":"https:\/\/woods.se\/de\/wp-json\/wp\/v2\/product"}],"about":[{"href":"https:\/\/woods.se\/de\/wp-json\/wp\/v2\/types\/product"}],"wp:featuredmedia":[{"embeddable":true,"href":"https:\/\/woods.se\/de\/wp-json\/wp\/v2\/media\/46892"}],"wp:attachment":[{"href":"https:\/\/woods.se\/de\/wp-json\/wp\/v2\/media?parent=48099"}],"wp:term":[{"taxonomy":"product_brand","embeddable":true,"href":"https:\/\/woods.se\/de\/wp-json\/wp\/v2\/product_brand?post=48099"},{"taxonomy":"product_cat","embeddable":true,"href":"https:\/\/woods.se\/de\/wp-json\/wp\/v2\/product_cat?post=48099"},{"taxonomy":"product_tag","embeddable":true,"href":"https:\/\/woods.se\/de\/wp-json\/wp\/v2\/product_tag?post=48099"}],"curies":[{"name":"wp","href":"https:\/\/api.w.org\/{rel}","templated":true}]}}