{"id":48097,"date":"2024-12-16T08:52:52","date_gmt":"2024-12-16T07:52:52","guid":{"rendered":"https:\/\/stage.woods.se\/?post_type=product&#038;p=48097"},"modified":"2025-12-12T18:05:33","modified_gmt":"2025-12-12T17:05:33","slug":"woods-airmaster-woz-500","status":"publish","type":"product","link":"https:\/\/woods.se\/de\/produkte\/ozongeneratoren\/woods-airmaster-woz-500\/","title":{"rendered":"Wood&#8217;s Airmaster WOZ 500"},"content":{"rendered":"<h2>Wood&#8217;s Airmaster WOZ 500<\/h2>\n<h3>In Schweden hergestellter Ozongenerator f\u00fcr professionelle Umgebungen<\/h3>\n<p>Der Airmaster WOZ 500 von Wood wurde entwickelt, um den Anforderungen professioneller und industrieller Umgebungen gerecht zu werden, in denen eine effektive Beseitigung von Schimmel und Ger\u00fcchen entscheidend ist. Der in Schweden hergestellte Airmaster WOZ 500, bei dem Funktion, Sicherheit und Benutzerfreundlichkeit im Vordergrund stehen, ist die perfekte Wahl f\u00fcr alle Bereiche, von M\u00fcllr\u00e4umen und Recyclingstationen bis hin zu Fahrzeugpr\u00fcfungen, Lagerr\u00e4umen und der Auffrischung von Wohnungen oder Hotelzimmern. <\/p>\n<h3>Einstellbare Ozonproduktion<\/h3>\n<p>Das WOZ 500 verf\u00fcgt \u00fcber eine einstellbare Ozonproduktion von 5 bis 500 mg\/h, so dass Sie die Ozonmenge ganz einfach an den Bedarf anpassen k\u00f6nnen. Sie w\u00e4hlen den Prozentsatz der Produktion selbst, wobei 100% der vollen Kapazit\u00e4t entspricht. Dies erm\u00f6glicht eine hohe Flexibilit\u00e4t und einen sicheren Betrieb in verschiedenen R\u00e4umen.  <\/p>\n<h3>Digitale Steuerung mit Fokus auf Sicherheit<\/h3>\n<p>Das digitale Bedienfeld bietet Intervall- und Tagestimer, mit denen Sie das Ger\u00e4t leicht f\u00fcr den automatischen Betrieb programmieren k\u00f6nnen. Die Funktionen sind so konzipiert, dass sie die volle Kontrolle \u00fcber die Ozonproduktion erm\u00f6glichen und gleichzeitig das Risiko \u00fcberm\u00e4\u00dfiger Ozonwerte minimieren. <\/p>\n<h3>Flexibler Einsatz<\/h3>\n<p>Das WOZ 500 ist mit einem Schlauchanschluss f\u00fcr den einfachen Anschluss eines Silikonschlauchs (optional) ausgestattet. Auf diese Weise kann Ozon in schwer zug\u00e4ngliche Bereiche wie L\u00fcftungskan\u00e4le oder Einbaur\u00e4ume geleitet werden, wo der Bedarf an Behandlung am gr\u00f6\u00dften ist. <\/p>\n<h3>Ozonr\u00f6hren-Technologie &#8211; f\u00fcr lange Lebensdauer und sicheren Betrieb<\/h3>\n<p>Die Ozonr\u00f6hrentechnologie des WOZ 500 sorgt f\u00fcr einen gleichm\u00e4\u00dfigen und kontrollierten Ozongehalt. Das Ozon wird durch eine Quarzglasr\u00f6hre gebildet, in der elektrische Entladungen in einer einheitlichen und gesch\u00fctzten Umgebung stattfinden. Dadurch k\u00f6nnen Sie das Ozon dorthin lenken, wo Sie es haben m\u00f6chten, aber es wird auch verhindert, dass sich das Ozon im Ger\u00e4t ausbreitet und Komponenten besch\u00e4digt, was die Wartung erleichtert &#8211; f\u00fcr eine l\u00e4ngere Lebensdauer. Die R\u00f6hren sind au\u00dferdem versiegelt und weniger anf\u00e4llig f\u00fcr Staub und Schmutz.   <\/p>\n<h3>Robustes und einfach zu handhabendes Design<\/h3>\n<p>Dank der soliden Konstruktion, des geringen Energieverbrauchs und des praktischen Tragegriffs ist das WOZ 500 einfach zu bedienen und kann an verschiedenen Arbeitspl\u00e4tzen aufgestellt werden. Es kann auch mit einer praktischen Schl\u00fcssellochl\u00f6sung an der Wand befestigt werden, was eine dauerhafte und platzsparende Installation erm\u00f6glicht. <\/p>\n<h3>Schwedische Qualit\u00e4t<\/h3>\n<p>Wood&#8217;s Airmaster WOZ 500 wird in Schweden entwickelt und hergestellt, wobei das Hauptaugenmerk auf Haltbarkeit und Qualit\u00e4t liegt. Wood&#8217;s ist au\u00dferdem Mitglied der European Ozone Trade Association (EUOTA) und Partner im EUOTAS-Ozon-Dossier f\u00fcr biozide Wirkstoffe &#8211; eine zus\u00e4tzliche Sicherheit f\u00fcr professionelle Anwender. <\/p>\n<h4><strong>Haftungsausschluss:<\/strong><br \/>\nNicht f\u00fcr den Endverbraucher geeignet. Unsere Ozongeneratoren sollten nur von geschulten Fachleuten bedient werden, die im Umgang mit Ozon ge\u00fcbt sind. Die Exposition gegen\u00fcber Ozon stellt ein potenzielles Gesundheitsrisiko f\u00fcr Menschen und Tiere dar, und eine unsachgem\u00e4\u00dfe Verwendung kann Elektronik, Kunststoffe, Silikone, Kunstwerke und andere Materialien besch\u00e4digen. Halten Sie sich unbedingt an die professionellen Richtlinien und Sicherheitsprotokolle, wenn Sie diese Ger\u00e4te bedienen.   <\/h4>\n<h4><strong>Richtlinien f\u00fcr die Verwendung:<\/strong><\/h4>\n<p><strong>Vermeiden Sie bewohnte R\u00e4ume: <\/strong>Verwenden Sie unsere Ozongeneratoren nicht in Gegenwart von Menschen oder Tieren. Betreten Sie keine Bereiche, in denen Ozon erzeugt wird.<br \/>\n<strong>Testen Sie die optimale Nutzung: <\/strong>F\u00fchren Sie erste Tests durch, um die angemessene Ozonmenge zu bestimmen, die zur Neutralisierung von Ger\u00fcchen erforderlich ist. Verwenden Sie nur die f\u00fcr die Geruchsbeseitigung notwendige Menge an Ozon und vermeiden Sie ein \u00dcberma\u00df.<br \/>\n<strong>Timer-Benutzung:<\/strong> Verwenden Sie immer eine Zeitschaltuhr, wenn Sie Ihr Ozonger\u00e4t betreiben. Wenn Ihr Ozonger\u00e4t nicht \u00fcber einen eingebauten Timer verf\u00fcgt, schlie\u00dfen Sie es an eine externe Zeitschaltuhr an, um zu verhindern, dass Ozon ausgesetzt wird, bevor es sich verfl\u00fcchtigt.<br \/>\n<strong>Warnschilder:<\/strong> Wenn Sie einen Ozongenerator in einem Raum verwenden, in dem sich Menschen aufhalten, z. B. in einem M\u00fcll- oder Recyclingraum, sollten Sie au\u00dferhalb des Bereichs Warnschilder anbringen, um Personen auf das Vorhandensein von Ozon w\u00e4hrend des Betriebs hinzuweisen.<br \/>\n<strong>Vorsichtsma\u00dfnahmen beim Wiedereintritt:<\/strong> Warten Sie mit dem Betreten des Raumes, bis die Ozonwerte auf die gesetzlich vorgeschriebenen Werte gesunken sind. Wenn die Werte diese Normen \u00fcberschreiten, betreten Sie den Raum nicht, bis sich das Ozon abgebaut hat. <\/p>\n","protected":false},"excerpt":{"rendered":"<p>Der Airmaster WOZ 500 von Wood ist ein in Schweden hergestellter Ozongenerator mit Ozonr\u00f6hrentechnologie, der entwickelt wurde, um unangenehme Ger\u00fcche in allen Bereichen zu beseitigen, von M\u00fcllr\u00e4umen und Recyclingstationen bis hin zu Hotelzimmern, Lagerr\u00e4umen und Parkpl\u00e4tzen. Mit einer einstellbaren Ozonproduktion von bis zu 500 mg\/h, digitaler Steuerung und eingebauten Sicherheitsfunktionen beseitigt er effektiv Schimmel und hartn\u00e4ckige Ger\u00fcche. Der WOZ 500 ist robust, energieeffizient und einfach zu bedienen &#8211; mit Tragegriff, Wandmontage und der M\u00f6glichkeit eines Schlauchanschlusses.  <\/p>\n","protected":false},"featured_media":46913,"template":"","meta":{"_acf_changed":false},"product_brand":[],"product_cat":[413,414],"product_tag":[4619,4618,4620,3572,4621],"class_list":{"0":"post-48097","1":"product","2":"type-product","3":"status-publish","4":"has-post-thumbnail","6":"product_cat-ozongeneratoren","7":"product_cat-professional-de","8":"product_tag-autoaufbereitung","9":"product_tag-hotels","10":"product_tag-mullraume","11":"product_tag-ozon-generatoren","12":"product_tag-recycling-stationen","13":"product_shipping_class-high","14":"splide__slide","16":"first","17":"instock","18":"taxable","19":"shipping-taxable","20":"product-type-simple"},"acf":[],"_links":{"self":[{"href":"https:\/\/woods.se\/de\/wp-json\/wp\/v2\/product\/48097","targetHints":{"allow":["GET"]}}],"collection":[{"href":"https:\/\/woods.se\/de\/wp-json\/wp\/v2\/product"}],"about":[{"href":"https:\/\/woods.se\/de\/wp-json\/wp\/v2\/types\/product"}],"wp:featuredmedia":[{"embeddable":true,"href":"https:\/\/woods.se\/de\/wp-json\/wp\/v2\/media\/46913"}],"wp:attachment":[{"href":"https:\/\/woods.se\/de\/wp-json\/wp\/v2\/media?parent=48097"}],"wp:term":[{"taxonomy":"product_brand","embeddable":true,"href":"https:\/\/woods.se\/de\/wp-json\/wp\/v2\/product_brand?post=48097"},{"taxonomy":"product_cat","embeddable":true,"href":"https:\/\/woods.se\/de\/wp-json\/wp\/v2\/product_cat?post=48097"},{"taxonomy":"product_tag","embeddable":true,"href":"https:\/\/woods.se\/de\/wp-json\/wp\/v2\/product_tag?post=48097"}],"curies":[{"name":"wp","href":"https:\/\/api.w.org\/{rel}","templated":true}]}}