{"id":45293,"date":"2024-12-12T11:26:23","date_gmt":"2024-12-12T10:26:23","guid":{"rendered":"https:\/\/stage.woods.se\/?post_type=product&#038;p=45293"},"modified":"2026-03-05T13:15:53","modified_gmt":"2026-03-05T12:15:53","slug":"woods-smf-filter-sw-ld-dsc-ds-dk-ed-tdr","status":"publish","type":"product","link":"https:\/\/woods.se\/de\/produkte\/luftentfeuchter\/woods-smf-filter-sw-ld-dsc-ds-dk-ed-tdr\/","title":{"rendered":"Wood&#8217;s SMF-Filter SW\/LD\/DSC\/DS\/DK\/ED\/TDR"},"content":{"rendered":"<h2>Der SMF-Filter von Wood&#8217;s<\/h2>\n<h3>Effektiver Schutz vor Feuchtigkeit, Schimmel und Staub<\/h3>\n<p>Wenn feuchte R\u00e4ume ausgetrocknet werden, werden oft Staub, Schimmelsporen und andere sch\u00e4dliche Partikel in die Luft abgegeben. Der in Schweden hergestellte SMF-Filter von Wood&#8217;s ist ein einzigartiger Anti-Schimmel-Filter, der die Luft reinigt und Ihr Raumklima noch ges\u00fcnder macht. Gleichzeitig sch\u00fctzt der Filter Ihren Luftentfeuchter vor Staub und Schmutz &#8211; damit Ihr Luftentfeuchter Tag f\u00fcr Tag, Jahr f\u00fcr Jahr seine beste Leistung erbringt.  <\/p>\n<h3>Saubere Luft in Ihrem Zuhause<\/h3>\n<p>Der Filter f\u00e4ngt effektiv Pollen, Schimmelsporen, Staub und andere Partikel auf, die sich sonst in der Luft verteilen w\u00fcrden, wenn die Feuchtigkeit ausgetrocknet wird. Das Ergebnis ist ein besseres und ges\u00fcnderes Raumklima. <\/p>\n<h3>Sch\u00fctzt Ihren Luftentfeuchter<\/h3>\n<p>Indem er Staub und Schmutz aufh\u00e4lt, verl\u00e4ngert der SMF-Filter die Lebensdauer Ihres Luftentfeuchters und gew\u00e4hrleistet Jahr f\u00fcr Jahr einen zuverl\u00e4ssigen Betrieb.<\/p>\n<h3>Saugen Sie den Filter nicht ab<\/h3>\n<p>Um die volle Funktionsf\u00e4higkeit des Filters zu erhalten, sollte er nicht gesaugt oder gesch\u00fcttelt werden. Beim Staubsaugen oder Reinigen werden trockene, sch\u00e4dliche Partikel in die Luft freigesetzt, die dann leichter eingeatmet werden k\u00f6nnen, was Ihrer Gesundheit schaden kann. <\/p>\n<h3>Kompatibilit\u00e4t<\/h3>\n<p>Geeignet f\u00fcr Wood&#8217;s Luftentfeuchter der Serien SW, LD, DS, DK, ED und TDR sowie f\u00fcr den DSC50FM.<br \/>\n<strong>HINWEIS: Dieser Filter ist nicht mit dem Wood&#8217;s DS40FS kompatibel.<\/strong><\/p>\n<h3>Erweiterte Garantie auf Ihren Luftentfeuchter<\/h3>\n<p>Wenn Sie Ihren Luftentfeuchter der Serien SW, LD, DK, ED, TDR, DS oder DSC innerhalb von 90 Tagen nach dem Kauf auf warranty-woods.com registrieren, erhalten Sie eine verl\u00e4ngerte Garantie, wenn Sie den SMF-Filter j\u00e4hrlich austauschen. Bis zu 10 Jahre f\u00fcr die LD-Serie und 6 Jahre f\u00fcr die anderen Serien. Bewahren Sie Ihre Quittungen auf!  <\/p>\n<h3>Einfacher Filterwechsel<\/h3>\n<p>Der SMF-Filter ist einfach zu installieren und zu ersetzen. Um optimale Ergebnisse zu erzielen, empfehlen wir, den Filter mindestens einmal im Jahr auszutauschen. <\/p>\n","protected":false},"excerpt":{"rendered":"<p>Der in Schweden hergestellte SMF-Filter von Wood&#8217;s ist ein einzigartiger Anti-Schimmel-Filter, der zusammen mit Ihrem Luftentfeuchter nicht nur die Feuchtigkeit reduziert, sondern auch die Luft von sch\u00e4dlichen Partikeln reinigt. Der Filter f\u00e4ngt Pollen, Schimmelsporen, Staub und andere Luftverunreinigungen ab und sch\u00fctzt Ihren Luftentfeuchter gleichzeitig vor Schmutz und Verschlei\u00df. Wenn Sie den Filter mindestens einmal im Jahr austauschen, k\u00f6nnen Sie die Lebensdauer Ihres Luftentfeuchters verl\u00e4ngern und das Garantieprogramm von Wood&#8217;s mit bis zu 10 Jahren Garantie in Anspruch nehmen.  <\/p>\n","protected":false},"featured_media":44943,"template":"","meta":{"_acf_changed":false},"product_brand":[],"product_cat":[411,408,4765],"product_tag":[396],"class_list":{"0":"post-45293","1":"product","2":"type-product","3":"status-publish","4":"has-post-thumbnail","6":"product_cat-luftentfeuchter","7":"product_cat-zubehoer","8":"product_cat-zubehor-luftentfeuchter","9":"product_tag-filter-de","10":"splide__slide","12":"first","13":"instock","14":"taxable","15":"shipping-taxable","16":"purchasable","17":"product-type-simple"},"acf":[],"_links":{"self":[{"href":"https:\/\/woods.se\/de\/wp-json\/wp\/v2\/product\/45293","targetHints":{"allow":["GET"]}}],"collection":[{"href":"https:\/\/woods.se\/de\/wp-json\/wp\/v2\/product"}],"about":[{"href":"https:\/\/woods.se\/de\/wp-json\/wp\/v2\/types\/product"}],"wp:featuredmedia":[{"embeddable":true,"href":"https:\/\/woods.se\/de\/wp-json\/wp\/v2\/media\/44943"}],"wp:attachment":[{"href":"https:\/\/woods.se\/de\/wp-json\/wp\/v2\/media?parent=45293"}],"wp:term":[{"taxonomy":"product_brand","embeddable":true,"href":"https:\/\/woods.se\/de\/wp-json\/wp\/v2\/product_brand?post=45293"},{"taxonomy":"product_cat","embeddable":true,"href":"https:\/\/woods.se\/de\/wp-json\/wp\/v2\/product_cat?post=45293"},{"taxonomy":"product_tag","embeddable":true,"href":"https:\/\/woods.se\/de\/wp-json\/wp\/v2\/product_tag?post=45293"}],"curies":[{"name":"wp","href":"https:\/\/api.w.org\/{rel}","templated":true}]}}