{"id":45278,"date":"2024-12-12T11:25:45","date_gmt":"2024-12-12T10:25:45","guid":{"rendered":"https:\/\/stage.woods.se\/?post_type=product&#038;p=45278"},"modified":"2026-03-06T15:37:10","modified_gmt":"2026-03-06T14:37:10","slug":"woods-wdp-01-pumpenset","status":"publish","type":"product","link":"https:\/\/woods.se\/de\/produkte\/luftentfeuchter\/woods-wdp-01-pumpenset\/","title":{"rendered":"Wood&#8217;s WDP-01 Pumpenset"},"content":{"rendered":"<h2>Wood&#8217;s WDP-01<\/h2>\n<h3>Smart Pump Kit f\u00fcr Luftentfeuchter<\/h3>\n<p>M\u00f6chten Sie das manuelle Entleeren des Wassertanks des Luftentfeuchters vermeiden? Mit der Kondensatpumpe WDP-01 von Wood&#8217;s erhalten Sie eine effektive und wartungsfreie L\u00f6sung, die automatisch das Kondenswasser aus Ihrem Luftentfeuchter entfernt. Die Pumpe wird direkt in dem Raum installiert, in dem sich sonst der Wassertank befinden w\u00fcrde, und ein Schlauch leitet das Wasser in den Abfluss oder eine andere Abflussstelle.  <\/p>\n<h3>Automatischer Wasserabfluss<\/h3>\n<p>Wenn sich der Beh\u00e4lter der Pumpe f\u00fcllt, startet sie automatisch und pumpt das Wasser ab. Wenn der Pegel sinkt, schaltet sich die Pumpe aus &#8211; ganz ohne H\u00e4nde. <\/p>\n<h3>Flexible Installation<\/h3>\n<p>Der WDP-01 kann Kondenswasser sowohl horizontal als auch vertikal bis zu 10 Meter weit pumpen und ist damit ideal f\u00fcr die Installation in schwer zug\u00e4nglichen Bereichen.<\/p>\n<h3>Perfekt f\u00fcr Zwischendecken und Keller<\/h3>\n<p>In engen R\u00e4umen wie Garagen, Kellern oder anderen Orten, an denen der Luftentfeuchter nur schwer zug\u00e4nglich ist, ist der WDP-01 eine praktische und dauerhafte L\u00f6sung.<\/p>\n<h3>Kompatibilit\u00e4t<\/h3>\n<p>Geeignet f\u00fcr Wood&#8217;s Luftentfeuchter:<\/p>\n<ul>\n<li>Alle Luftentfeuchter der SW-Serie (beginnend mit SW)<\/li>\n<li>Alle Luftentfeuchter der LD-Serie (beginnend mit LD)<\/li>\n<li>WCD4, WCD2<\/li>\n<li>DSC50FM<\/li>\n<\/ul>\n<h3>Zuverl\u00e4ssig und einfach<\/h3>\n<p>Die Pumpe muss waagerecht aufgestellt und an eine Steckdose angeschlossen werden. Sie startet und stoppt bei Bedarf automatisch, was den Betrieb zuverl\u00e4ssig und sorgenfrei macht. <\/p>\n<p>Tipps zur Installation von Wood&#8217;s WDP-01:<\/p>\n<ol>\n<li>Stellen Sie die Pumpe in das Wassertankfach des Luftentfeuchters.<\/li>\n<li>Verbinden Sie den Schlauch der Pumpe mit einem Abfluss oder einem anderen Auslass.<\/li>\n<li>Stellen Sie sicher, dass die Pumpe waagerecht steht, bevor Sie sie an die Steckdose anschlie\u00dfen.<\/li>\n<li>Starten Sie den Luftentfeuchter &#8211; die Pumpe wird automatisch aktiviert, wenn der Wasserstand steigt.<\/li>\n<\/ol>\n","protected":false},"excerpt":{"rendered":"<p>Erh\u00f6hen Sie die Kapazit\u00e4t Ihres Luftentfeuchters mit der Kondensatpumpe WDP-01 von Wood&#8217;s. Perfekt, wenn sich der Luftentfeuchter in schwer zug\u00e4nglichen Bereichen befindet, wie z.B. in einem Hausfundament. Die Pumpe leitet das Kondenswasser automatisch \u00fcber einen Schlauch direkt in den Abfluss ab &#8211; bis zu 10 Meter horizontal oder vertikal. Sie m\u00fcssen den Wassertank nicht manuell entleeren und erhalten eine effiziente, langfristige und wartungsfreie L\u00f6sung.   <\/p>\n","protected":false},"featured_media":44855,"template":"","meta":{"_acf_changed":false},"product_brand":[],"product_cat":[411,408,4765],"product_tag":[2487],"class_list":{"0":"post-45278","1":"product","2":"type-product","3":"status-publish","4":"has-post-thumbnail","6":"product_cat-luftentfeuchter","7":"product_cat-zubehoer","8":"product_cat-zubehor-luftentfeuchter","9":"product_tag-pumpe","10":"product_shipping_class-low","11":"splide__slide","13":"first","14":"instock","15":"taxable","16":"shipping-taxable","17":"purchasable","18":"product-type-simple"},"acf":[],"_links":{"self":[{"href":"https:\/\/woods.se\/de\/wp-json\/wp\/v2\/product\/45278","targetHints":{"allow":["GET"]}}],"collection":[{"href":"https:\/\/woods.se\/de\/wp-json\/wp\/v2\/product"}],"about":[{"href":"https:\/\/woods.se\/de\/wp-json\/wp\/v2\/types\/product"}],"wp:featuredmedia":[{"embeddable":true,"href":"https:\/\/woods.se\/de\/wp-json\/wp\/v2\/media\/44855"}],"wp:attachment":[{"href":"https:\/\/woods.se\/de\/wp-json\/wp\/v2\/media?parent=45278"}],"wp:term":[{"taxonomy":"product_brand","embeddable":true,"href":"https:\/\/woods.se\/de\/wp-json\/wp\/v2\/product_brand?post=45278"},{"taxonomy":"product_cat","embeddable":true,"href":"https:\/\/woods.se\/de\/wp-json\/wp\/v2\/product_cat?post=45278"},{"taxonomy":"product_tag","embeddable":true,"href":"https:\/\/woods.se\/de\/wp-json\/wp\/v2\/product_tag?post=45278"}],"curies":[{"name":"wp","href":"https:\/\/api.w.org\/{rel}","templated":true}]}}