{"id":45277,"date":"2024-12-12T11:36:08","date_gmt":"2024-12-12T10:36:08","guid":{"rendered":"https:\/\/stage.woods.se\/?post_type=product&#038;p=45277"},"modified":"2026-03-05T11:44:56","modified_gmt":"2026-03-05T10:44:56","slug":"woods-hygrometer-whg-1","status":"publish","type":"product","link":"https:\/\/woods.se\/de\/produkte\/luftentfeuchter\/woods-hygrometer-whg-1\/","title":{"rendered":"Wood&#8217;s Hygrometer WHG-1"},"content":{"rendered":"<h2>Wood&#8217;s WHG-1<\/h2>\n<h3>Hygrometer zur Kontrolle von Luftfeuchtigkeit und Temperatur<\/h3>\n<p>F\u00fcr ein gesundes Raumklima ist es wichtig, die Luftfeuchtigkeit im Auge zu behalten. Mit dem WHG-1 von Wood&#8217;s ist es einfach, sowohl die Luftfeuchtigkeit als auch die Temperatur zu messen, so dass Sie Probleme erkennen k\u00f6nnen, bevor sie Sch\u00e4den verursachen. <\/p>\n<h3>Halten Sie die Luftfeuchtigkeit bei 50% (RH)<\/h3>\n<p>Die empfohlene relative Luftfeuchtigkeit liegt bei etwa 50%. Wenn die Luftfeuchtigkeit darunter liegt, m\u00fcssen Sie eventuell mit einem Luftbefeuchter Feuchtigkeit zuf\u00fchren, um besser zu schlafen und trockene, rissige Haut zu vermeiden. Auch M\u00f6bel, Innenr\u00e4ume, Instrumente und B\u00f6den werden durch eine niedrige Luftfeuchtigkeit negativ beeinflusst. Wenn Sie stattdessen eine hohe Luftfeuchtigkeit haben, ben\u00f6tigen Sie einen Luftentfeuchter, um zu verhindern, dass sich Schimmel, Ger\u00fcche und Feuchtigkeit festsetzen und Ihr Zuhause besch\u00e4digen. Denken Sie daran, dass die Luftfeuchtigkeit im Laufe der Jahreszeiten und in verschiedenen R\u00e4umen stark schwankt.    <\/p>\n<h3>Verhindern Sie Sch\u00e4den und Schimmel<\/h3>\n<p>Mit dem WHG-1 k\u00f6nnen Sie die Feuchtigkeit in sensiblen Bereichen wie Kellern und Waschk\u00fcchen im Auge behalten. \u00dcberm\u00e4\u00dfige Feuchtigkeit kann zu Schimmel, Rost und F\u00e4ulnis f\u00fchren. Wenn Sie die Messwerte des Hygrometers \u00fcberwachen, k\u00f6nnen Sie rechtzeitig Ma\u00dfnahmen ergreifen. Bei weniger als 72% h\u00f6rt der schwarze Schimmel auf zu wachsen und bei weniger als 68% h\u00f6rt der Schimmelpilz auf zu wachsen.  <\/p>\n<h3>Praktisch und benutzerfreundlich<\/h3>\n<p>Das WHG-1 verf\u00fcgt \u00fcber ein \u00fcbersichtliches Display, das Luftfeuchtigkeit, Temperatur, Uhrzeit und Kalender anzeigt. Es misst die Temperatur sowohl in Celsius als auch in Fahrenheit und verf\u00fcgt \u00fcber eine Max\/Min-Funktion zur Anzeige der h\u00f6chsten und niedrigsten Messwerte. <\/p>\n<h3>Merkmale:<\/h3>\n<ul>\n<li>Luftfeuchtigkeit: 20-95%<\/li>\n<li>Temperatur: 0\u00b0C bis +50\u00b0C (\u00b0C\/\u00b0F Schalter)<\/li>\n<li>Max\/Min-Funktion<\/li>\n<li>Wecker und Schlummerfunktion<\/li>\n<li>Zeit- und Wochenanzeige (auf Englisch)<\/li>\n<li>Funktion Kalender<\/li>\n<li>12\/24h Zeitformat<\/li>\n<\/ul>\n<h3>Tipps zur Platzierung<\/h3>\n<p>Die Luftfeuchtigkeit kann in verschiedenen Teilen des Hauses variieren. Bewegen Sie das Hygrometer von einem Ort zum anderen, z. B. in den Keller, ins Badezimmer oder in einen Wohnraum, um ein vollst\u00e4ndigeres Bild der Luftfeuchtigkeit zu erhalten. <\/p>\n","protected":false},"excerpt":{"rendered":"<p>Das WHG-1 von Wood&#8217;s ist ein handliches Hygrometer, das sowohl die Luftfeuchtigkeit als auch die Temperatur misst und Ihnen so die volle Kontrolle \u00fcber Ihr Raumklima gibt. Das \u00fcbersichtliche Display zeigt auch die Uhrzeit und den Kalender an und verf\u00fcgt \u00fcber eine Alarmfunktion. Mit dem Max\/Min-Modus k\u00f6nnen Sie ganz einfach die h\u00f6chsten und niedrigsten Messwerte sehen, was Ihnen hilft, Feuchtigkeitsprobleme rechtzeitig zu erkennen und Schimmel, Rost und F\u00e4ulnis zu verhindern.  <\/p>\n","protected":false},"featured_media":45122,"template":"","meta":{"_acf_changed":false},"product_brand":[],"product_cat":[412,411,408,4827,4765],"product_tag":[2483],"class_list":{"0":"post-45277","1":"product","2":"type-product","3":"status-publish","4":"has-post-thumbnail","6":"product_cat-luftbefeuchter","7":"product_cat-luftentfeuchter","8":"product_cat-zubehoer","9":"product_cat-zubehor-luftbefeuchter","10":"product_cat-zubehor-luftentfeuchter","11":"product_tag-hygrometer-de","12":"splide__slide","14":"first","15":"instock","16":"taxable","17":"shipping-taxable","18":"purchasable","19":"product-type-simple"},"acf":[],"_links":{"self":[{"href":"https:\/\/woods.se\/de\/wp-json\/wp\/v2\/product\/45277","targetHints":{"allow":["GET"]}}],"collection":[{"href":"https:\/\/woods.se\/de\/wp-json\/wp\/v2\/product"}],"about":[{"href":"https:\/\/woods.se\/de\/wp-json\/wp\/v2\/types\/product"}],"wp:featuredmedia":[{"embeddable":true,"href":"https:\/\/woods.se\/de\/wp-json\/wp\/v2\/media\/45122"}],"wp:attachment":[{"href":"https:\/\/woods.se\/de\/wp-json\/wp\/v2\/media?parent=45277"}],"wp:term":[{"taxonomy":"product_brand","embeddable":true,"href":"https:\/\/woods.se\/de\/wp-json\/wp\/v2\/product_brand?post=45277"},{"taxonomy":"product_cat","embeddable":true,"href":"https:\/\/woods.se\/de\/wp-json\/wp\/v2\/product_cat?post=45277"},{"taxonomy":"product_tag","embeddable":true,"href":"https:\/\/woods.se\/de\/wp-json\/wp\/v2\/product_tag?post=45277"}],"curies":[{"name":"wp","href":"https:\/\/api.w.org\/{rel}","templated":true}]}}