{"id":45276,"date":"2024-12-10T13:58:31","date_gmt":"2024-12-10T12:58:31","guid":{"rendered":"https:\/\/stage.woods.se\/?post_type=product&#038;p=45276"},"modified":"2026-03-05T14:42:39","modified_gmt":"2026-03-05T13:42:39","slug":"woods-wdc8-hg-pro","status":"publish","type":"product","link":"https:\/\/woods.se\/de\/produkte\/luftentfeuchter\/woods-wdc8-hg-pro\/","title":{"rendered":"Wood&#8217;s WDC8-HG Pro"},"content":{"rendered":"<h2>Wood&#8217;s WDC8-HG Pro<\/h2>\n<h3>Leistungsstarker Luftentfeuchter f\u00fcr Lagerhallen und Industrieanlagen<\/h3>\n<p>Der WDC8-HG Pro von Wood&#8217;s ist ein robuster und leistungsstarker Luftentfeuchter, der speziell f\u00fcr die Kontrolle der Feuchtigkeit in gro\u00dfen R\u00e4umen wie Lagerhallen, Industrieanlagen und anderen gro\u00dfen Geb\u00e4uden entwickelt wurde. Mit seiner sehr hohen Kapazit\u00e4t und dem hohen Luftstrom bietet er maximale Effizienz in rauen Umgebungen und gew\u00e4hrleistet eine stabile Luftfeuchtigkeit auch bei niedrigen Temperaturen. <\/p>\n<h3>Empfohlene Einsatzgebiete<\/h3>\n<p><strong>Lagerh\u00e4user und Industrieanlagen:<\/strong> Kontinuierliche Feuchtigkeitskontrolle in gro\u00dfen R\u00e4umen, in denen ein stabiler Betrieb und Sicherheit entscheidend sind.<br \/>\n<strong>Kirchen und Produktionsst\u00e4tten:<\/strong> Sch\u00fctzt Geb\u00e4ude, Maschinen und Ger\u00e4te vor Feuchtigkeitssch\u00e4den.<\/p>\n<h3>Hohe Kapazit\u00e4t und Luftstrom f\u00fcr effiziente Zirkulation<\/h3>\n<p>Mit einer f\u00fcr den industriellen Einsatz geeigneten Entfeuchtungskapazit\u00e4t kann der WDC8-HG Pro gro\u00dfe Mengen an Feuchtigkeit bew\u00e4ltigen, bis zu 49 Liter pro Tag. Der hohe Luftstrom von 300 m\u00b3\/h sorgt daf\u00fcr, dass die Luft effizient zirkuliert und selbst in sehr gro\u00dfen R\u00e4umen ein optimales Feuchtigkeitsniveau beibeh\u00e4lt. <\/p>\n<h3>Einfach zu benutzen und anpassungsf\u00e4hig<\/h3>\n<p>Der gro\u00dfe Wassertank und die Option, eine Kondensatpumpe anzuschlie\u00dfen, machen den WDC8-HG Pro zu einer flexiblen L\u00f6sung f\u00fcr gro\u00dfe Arbeitsbereiche. Dank der stabilen R\u00e4der und des klappbaren Griffs l\u00e4sst er sich leicht zwischen verschiedenen Bereichen transportieren und ist damit ideal f\u00fcr die Vermietung oder den Einsatz an Arbeitspl\u00e4tzen mit wechselnden Anforderungen. <\/p>\n<h3>Das ganze Jahr \u00fcber wirksam, auch bei niedrigen und hohen Temperaturen<\/h3>\n<p>Das patentierte i-EcoDefrost-System von Wood&#8217;s ist ein intelligentes Abtausystem, das sich an die Umgebungstemperatur und -feuchtigkeit anpasst. Dies erm\u00f6glicht eine hohe und energieeffiziente Entfeuchtungsleistung selbst bei Temperaturen von nur +2 \u00b0C und bis zu +40 \u00b0C im sporadischen Betrieb (35 \u00b0C ohne Einschr\u00e4nkungen). <\/p>\n<h3>Gebaut, um rauen Umgebungen zu widerstehen<\/h3>\n<p>Der WDC8-HG Pro ist eine Investition in die langfristige Luftfeuchtigkeitskontrolle und ist f\u00fcr den Dauerbetrieb ausgelegt, so dass er rund um die Uhr ohne Leistungseinbu\u00dfen laufen kann. Seine robuste Konstruktion und langlebigen Komponenten sind f\u00fcr den Einsatz in aggressiven Umgebungen ausgelegt. Dadurch kann er auch die anspruchsvollsten Umgebungen sicher bew\u00e4ltigen und gleichzeitig seine Effizienz beibehalten. Damit ist er ideal f\u00fcr gro\u00dfe Industrier\u00e4ume, die eine stabile und konstante Feuchtigkeitskontrolle erfordern.  <\/p>\n<h3>Hergestellt in Schweden. F\u00fcr eine nachhaltige Nutzung.<\/h3>\n<p>Die schwedische Fertigung verleiht dem WDC8-HG Pro herausragende Qualit\u00e4t und Langlebigkeit. Mit einem energieeffizienten K\u00e4ltemittel (R-290) und einem auswaschbaren Filter ist dieser Luftentfeuchter sowohl wirtschaftlich als auch umweltfreundlich. Er ist perfekt f\u00fcr alle, die eine langfristige L\u00f6sung zum Schutz ihrer R\u00e4umlichkeiten, Maschinen, Ger\u00e4te und Waren vor Feuchtigkeit und Sch\u00e4den suchen. <\/p>\n","protected":false},"excerpt":{"rendered":"<p>Der WDC8-HG Pro von Wood&#8217;s ist ein Luftentfeuchter f\u00fcr den industriellen Einsatz, der in Schweden entwickelt und hergestellt wurde, um die Luftfeuchtigkeit in sehr gro\u00dfen R\u00e4umen wie Lagerh\u00e4usern und Industrieanlagen effektiv zu kontrollieren. Mit einer Kapazit\u00e4t von bis zu 49 Litern Feuchtigkeit pro Tag, seinem robusten Design und der F\u00e4higkeit, bei Temperaturen von bis zu +2\u00b0C zu arbeiten, ist er ideal f\u00fcr anspruchsvolle Umgebungen. Seine Effizienz und sein umweltfreundliches K\u00e4ltemittel (R-290) machen ihn zu einer nachhaltigen und energieeffizienten L\u00f6sung f\u00fcr alle gro\u00dfen R\u00e4ume mit Feuchtigkeitsproblemen.  <\/p>\n","protected":false},"featured_media":44286,"template":"","meta":{"_acf_changed":false},"product_brand":[],"product_cat":[4733,411,414],"product_tag":[2480,2478,404,2479],"class_list":{"0":"post-45276","1":"product","2":"type-product","3":"status-publish","4":"has-post-thumbnail","6":"product_cat-profis","7":"product_cat-luftentfeuchter","8":"product_cat-professional-de","9":"product_tag-industrielle-einrichtungen","10":"product_tag-kirchen","11":"product_tag-lagerhaus","12":"product_tag-produktionsbereiche","13":"product_shipping_class-sweden-very-high","14":"splide__slide","16":"first","17":"instock","18":"taxable","19":"shipping-taxable","20":"purchasable","21":"product-type-simple"},"acf":[],"_links":{"self":[{"href":"https:\/\/woods.se\/de\/wp-json\/wp\/v2\/product\/45276","targetHints":{"allow":["GET"]}}],"collection":[{"href":"https:\/\/woods.se\/de\/wp-json\/wp\/v2\/product"}],"about":[{"href":"https:\/\/woods.se\/de\/wp-json\/wp\/v2\/types\/product"}],"wp:featuredmedia":[{"embeddable":true,"href":"https:\/\/woods.se\/de\/wp-json\/wp\/v2\/media\/44286"}],"wp:attachment":[{"href":"https:\/\/woods.se\/de\/wp-json\/wp\/v2\/media?parent=45276"}],"wp:term":[{"taxonomy":"product_brand","embeddable":true,"href":"https:\/\/woods.se\/de\/wp-json\/wp\/v2\/product_brand?post=45276"},{"taxonomy":"product_cat","embeddable":true,"href":"https:\/\/woods.se\/de\/wp-json\/wp\/v2\/product_cat?post=45276"},{"taxonomy":"product_tag","embeddable":true,"href":"https:\/\/woods.se\/de\/wp-json\/wp\/v2\/product_tag?post=45276"}],"curies":[{"name":"wp","href":"https:\/\/api.w.org\/{rel}","templated":true}]}}