{"id":45254,"date":"2024-12-10T13:46:40","date_gmt":"2024-12-10T12:46:40","guid":{"rendered":"https:\/\/stage.woods.se\/?post_type=product&#038;p=45254"},"modified":"2026-03-06T14:45:36","modified_gmt":"2026-03-06T13:45:36","slug":"woods-mdk11","status":"publish","type":"product","link":"https:\/\/woods.se\/de\/produkte\/luftentfeuchter\/badezimmer\/woods-mdk11\/","title":{"rendered":"Wood&#8217;s MDK11"},"content":{"rendered":"<h2>Wood&#8217;s MDK 11<\/h2>\n<h3>Effektive Luftentfeuchtung f\u00fcr B\u00e4deradezimmer<\/h3>\n<p>Der MDK11 von Wood&#8217;s ist ein kompakter und leistungsstarker Luftentfeuchter, der sich perfekt f\u00fcr kleinere R\u00e4ume wie z.B. Badezimmer eignet. Mit seinem schlanken Design ist er leicht zu transportieren und bei Bedarf herauszunehmen. Der MDK11 hilft Ihnen, ein gesundes Raumklima frei von Feuchtigkeit und Schimmel zu erhalten. Der obere Luftauslass h\u00e4lt Handt\u00fccher l\u00e4nger frisch und trocknet kleinere W\u00e4schemengen.   <\/p>\n<h3>Wichtige Merkmale:<\/h3>\n\n<h3>Benutzerfreundliche und flexible Steuerung<\/h3>\n<p>Der MDK11 hat leicht bedienbare Tasten, mit denen Sie die gew\u00fcnschte Luftfeuchtigkeit, den Timer und andere Funktionen einfach einstellen k\u00f6nnen. Mit dem Timer k\u00f6nnen Sie au\u00dferdem genau einstellen, wie lange der Luftentfeuchter aktiv sein soll. So haben Sie die volle Kontrolle \u00fcber die Luftfeuchtigkeit, ohne den Vorgang \u00fcberwachen zu m\u00fcssen. Dank seines leisen Betriebs ist er unauff\u00e4llig und eignet sich perfekt f\u00fcr Wohnr\u00e4ume, in denen Ger\u00e4uschpegel wichtig sind.  <\/p>\n<h3>Energieeffizient und umweltfreundlich<\/h3>\n<p>Der MDK11 verwendet das K\u00e4ltemittel R290, eine energieeffiziente und klimafreundlichere Alternative. Das bedeutet, dass der MDK11 von Wood&#8217;s die zuk\u00fcnftigen Umweltrichtlinien erf\u00fcllt und eine umweltfreundlichere L\u00f6sung f\u00fcr eine effektive Luftentfeuchtung bietet. <\/p>\n<h3>Zuverl\u00e4ssiger und sicherer Betrieb f\u00fcr kleinere Fl\u00e4chen<\/h3>\n<p>Mit seiner kompakten Gr\u00f6\u00dfe, dem niedrigen Energieverbrauch und der automatischen Abschaltung, wenn der Wassertank voll ist oder die Luftfeuchtigkeit optimal ist, ist der MDK11 eine sichere und bequeme Wahl.<\/p>\n<h3>Verl\u00e4ngern Sie Ihre Garantie<\/h3>\n<p>Indem Sie Ihren MDK11 bei <a href=\"https:\/\/warranty-woods.com\/\">warranty-woods.com registrieren ,<\/a> verl\u00e4ngern Sie die Garantie von 2 auf 3 Jahre.<\/p>\n","protected":false},"excerpt":{"rendered":"<p>Der MDK11 von Wood&#8217;s ist ein kompakter und effizienter Luftentfeuchter, ideal f\u00fcr kleine R\u00e4ume wie z.B. Badezimmer. Er beseitigt \u00fcbersch\u00fcssige Feuchtigkeit, reduziert das Risiko von Schimmel und verbessert die Luftqualit\u00e4t in Innenr\u00e4umen. Mit seinem oberen Auslass trocknet der MDK11 Handt\u00fccher und kleine W\u00e4schemengen &#8211; perfekt f\u00fcr R\u00e4ume, in denen der Platz knapp ist. Der MDK11 ist einfach zu bedienen und verf\u00fcgt \u00fcber ein \u00fcbersichtliches, leicht zu bedienendes Tastendisplay sowie eine Option zur kontinuierlichen Entleerung &#8211; eine kluge Entscheidung f\u00fcr eine ges\u00fcndere und frischere Umgebung.   <\/p>\n","protected":false},"featured_media":43210,"template":"","meta":{"_acf_changed":false},"product_brand":[],"product_cat":[411,4728],"product_tag":[1421,1422],"class_list":{"0":"post-45254","1":"product","2":"type-product","3":"status-publish","4":"has-post-thumbnail","6":"product_cat-luftentfeuchter","7":"product_cat-badezimmer","8":"product_tag-badezimmer","9":"product_tag-kleine-raume","10":"product_shipping_class-high","11":"splide__slide","13":"first","14":"instock","15":"taxable","16":"shipping-taxable","17":"purchasable","18":"product-type-simple"},"acf":[],"_links":{"self":[{"href":"https:\/\/woods.se\/de\/wp-json\/wp\/v2\/product\/45254","targetHints":{"allow":["GET"]}}],"collection":[{"href":"https:\/\/woods.se\/de\/wp-json\/wp\/v2\/product"}],"about":[{"href":"https:\/\/woods.se\/de\/wp-json\/wp\/v2\/types\/product"}],"wp:featuredmedia":[{"embeddable":true,"href":"https:\/\/woods.se\/de\/wp-json\/wp\/v2\/media\/43210"}],"wp:attachment":[{"href":"https:\/\/woods.se\/de\/wp-json\/wp\/v2\/media?parent=45254"}],"wp:term":[{"taxonomy":"product_brand","embeddable":true,"href":"https:\/\/woods.se\/de\/wp-json\/wp\/v2\/product_brand?post=45254"},{"taxonomy":"product_cat","embeddable":true,"href":"https:\/\/woods.se\/de\/wp-json\/wp\/v2\/product_cat?post=45254"},{"taxonomy":"product_tag","embeddable":true,"href":"https:\/\/woods.se\/de\/wp-json\/wp\/v2\/product_tag?post=45254"}],"curies":[{"name":"wp","href":"https:\/\/api.w.org\/{rel}","templated":true}]}}