{"id":45237,"date":"2024-12-10T13:40:55","date_gmt":"2024-12-10T12:40:55","guid":{"rendered":"https:\/\/stage.woods.se\/?post_type=product&#038;p=45237"},"modified":"2026-03-06T16:19:13","modified_gmt":"2026-03-06T15:19:13","slug":"woods-ad30","status":"publish","type":"product","link":"https:\/\/woods.se\/de\/produkte\/luftentfeuchter\/wohnbereiche\/woods-ad30\/","title":{"rendered":"Wood&#8217;s AD30"},"content":{"rendered":"<h2>Wood&#8217;s AD30<\/h2>\n<h3>Hybrider Luftentfeuchter und Luftreiniger f\u00fcr ein ges\u00fcnderes Raumklima<\/h3>\n<p>Entdecken Sie den AD30 von Wood&#8217;s, die perfekte Kombination aus Luftentfeuchter und Luftreiniger, die speziell f\u00fcr Wohnungen, Schlaf- und Wohnr\u00e4ume entwickelt wurde. Der AD30 hilft Ihnen, ein gesundes und angenehmes Raumklima zu schaffen, egal zu welcher Jahreszeit, und trocknet dabei sanft und schnell alle Arten von W\u00e4sche. Er entfernt effektiv \u00fcbersch\u00fcssige Feuchtigkeit und reinigt die Luft von sch\u00e4dlichen Partikeln und hilft so, Schimmel, unangenehme Ger\u00fcche und schlechte Luftqualit\u00e4t zu vermeiden.  <\/p>\n<h3>Wichtige Merkmale:<\/h3>\n\n<h3>Gesunde Luft in Ihrem Schlafzimmer<\/h3>\n<p>Der AD30 von Wood&#8217;s ist ideal f\u00fcr Schlafzimmer, wo er leise und effizient arbeitet und daf\u00fcr sorgt, dass Sie in einer frischen und sauberen Umgebung schlafen. Der niedrige Ger\u00e4uschpegel sorgt daf\u00fcr, dass Ihre Nachtruhe nicht gest\u00f6rt wird, w\u00e4hrend das Ger\u00e4t die Luftfeuchtigkeit und Luftqualit\u00e4t kontinuierlich \u00fcberwacht und anpasst. Mit dem AD30 schaffen Sie optimale Bedingungen f\u00fcr einen besseren Schlaf und einen frischen Start in den Tag.  <\/p>\n<h3>Ausgeglichene und saubere Luft in Ihrem Wohnzimmer<\/h3>\n<p>Der AD30 eignet sich auch perfekt f\u00fcr Wohnr\u00e4ume, in denen Sie viel Zeit verbringen. Durch die Reinigung der Luft und die Entfernung von Feuchtigkeit sorgt der AD30 f\u00fcr ein ausgeglichenes Raumklima, das frei von Staub, Allergenen und Schimmel ist. Der patentierte und in Schweden hergestellte Active ION HEPA-Filter f\u00e4ngt bis zu 99,98% der sch\u00e4dlichen Partikel und Schadstoffe ab und verbessert so sowohl Ihre Luftqualit\u00e4t als auch Ihr Wohlbefinden.  <\/p>\n<h3>Trocknet effektiv alle Arten von W\u00e4sche<\/h3>\n<p>Der AD30 ist mit einem leistungsstarken Abluftgebl\u00e4se an der Oberseite ausgestattet, damit Ihre W\u00e4sche schnell trocknet. Das Trocknen ist energieeffizient und sehr schonend f\u00fcr die Kleidung, so dass sie l\u00e4nger h\u00e4lt. Ideal, wenn Sie Ihre W\u00e4sche im Badezimmer, Wohn- oder Schlafzimmer trocknen.  <\/p>\n<h3>Flexibel und einfach in der Anwendung<\/h3>\n<p>Der AD30 ist nicht nur ein kombinierter Luftentfeuchter und Luftreiniger &#8211; Sie k\u00f6nnen ihn auch als reinen Luftreiniger verwenden, wenn kein Bedarf an Entfeuchtung besteht. Er ist mit einem Luftsensor ausgestattet, der seine Aktivit\u00e4t automatisch an die Luftfeuchtigkeit und den Partikelgehalt im Raum anpasst, so dass er sowohl energieeffizient als auch einfach zu bedienen ist.<br \/>\nF\u00fcr zus\u00e4tzlichen Komfort ist der AD30 mit einem gro\u00dfen Wassertank und einem Schlauchanschluss zur direkten Entleerung ausgestattet. Dar\u00fcber hinaus kann das Ger\u00e4t nach einem Stromausfall automatisch neu starten und zu den letzten Einstellungen zur\u00fcckkehren, so dass ein kontinuierlicher Betrieb und eine wartungsfreie Nutzung gew\u00e4hrleistet sind.  <\/p>\n<h3>Nachhaltige Leistung und lange Garantie<\/h3>\n<p>Der AD30 von Wood&#8217;s ist f\u00fcr eine lange Lebensdauer ausgelegt und verbessert Ihr Raumklima \u00fcber Jahre hinweg. Wenn Sie Ihren AD30 unter <a href=\"https:\/\/warranty-woods.com\/\">warranty.woods.com<\/a> registrieren und den Filter j\u00e4hrlich austauschen, verl\u00e4ngern Sie die Garantie von 2 auf 6 Jahre. Au\u00dferdem erhalten Sie intelligente Erinnerungen f\u00fcr den Filterwechsel, was die Lebensdauer verl\u00e4ngert und eine optimale Leistung gew\u00e4hrleistet.  <\/p>\n<p>Entscheiden Sie sich f\u00fcr Wood&#8217;s AD30 f\u00fcr ein saubereres, ges\u00fcnderes und komfortableres Raumklima &#8211; eine L\u00f6sung, die Ihr Zuhause und Ihre Gesundheit das ganze Jahr \u00fcber sch\u00fctzt.<\/p>\n<p><iframe loading=\"lazy\" title=\"Instruction video - Wood&#039;s AD30 (English)\" width=\"500\" height=\"281\" src=\"https:\/\/www.youtube.com\/embed\/dxdw8MvpJHw?feature=oembed\" frameborder=\"0\" allow=\"accelerometer; autoplay; clipboard-write; encrypted-media; gyroscope; picture-in-picture; web-share\" referrerpolicy=\"strict-origin-when-cross-origin\" allowfullscreen><\/iframe><\/p>\n","protected":false},"excerpt":{"rendered":"<p>Der AD30 von Wood&#8217;s ist die perfekte Kombination aus Luftentfeuchter und Luftreiniger und wurde f\u00fcr Schlafzimmer, Wohnzimmer und ganze Wohnungen entwickelt. Mit seiner hohen Kapazit\u00e4t und der oberen Abluft\u00f6ffnung trocknet er alle Arten von W\u00e4sche schnell, effizient und schonend. Der HEPA-Filter reinigt die Luft von 99,98% aller sch\u00e4dlichen Partikel, w\u00e4hrend der AD30 sehr leise und effizient alle \u00fcbersch\u00fcssige Feuchtigkeit entfernt. Der AD30 ist die perfekte Wahl f\u00fcr das Trocknen von W\u00e4sche und die Schaffung eines guten Raumklimas an Orten, an denen Sie viel Zeit verbringen.   <\/p>\n","protected":false},"featured_media":43404,"template":"","meta":{"_acf_changed":false},"product_brand":[],"product_cat":[411,4732],"product_tag":[388,398,2380,399],"class_list":{"0":"post-45237","1":"product","2":"type-product","3":"status-publish","4":"has-post-thumbnail","6":"product_cat-luftentfeuchter","7":"product_cat-wohnbereiche","8":"product_tag-schlafzimmer","9":"product_tag-wohnraum","10":"product_tag-wohnung","11":"product_tag-wohnzimmer","12":"product_shipping_class-high","13":"splide__slide","15":"first","16":"instock","17":"taxable","18":"shipping-taxable","19":"purchasable","20":"product-type-simple"},"acf":[],"_links":{"self":[{"href":"https:\/\/woods.se\/de\/wp-json\/wp\/v2\/product\/45237","targetHints":{"allow":["GET"]}}],"collection":[{"href":"https:\/\/woods.se\/de\/wp-json\/wp\/v2\/product"}],"about":[{"href":"https:\/\/woods.se\/de\/wp-json\/wp\/v2\/types\/product"}],"wp:featuredmedia":[{"embeddable":true,"href":"https:\/\/woods.se\/de\/wp-json\/wp\/v2\/media\/43404"}],"wp:attachment":[{"href":"https:\/\/woods.se\/de\/wp-json\/wp\/v2\/media?parent=45237"}],"wp:term":[{"taxonomy":"product_brand","embeddable":true,"href":"https:\/\/woods.se\/de\/wp-json\/wp\/v2\/product_brand?post=45237"},{"taxonomy":"product_cat","embeddable":true,"href":"https:\/\/woods.se\/de\/wp-json\/wp\/v2\/product_cat?post=45237"},{"taxonomy":"product_tag","embeddable":true,"href":"https:\/\/woods.se\/de\/wp-json\/wp\/v2\/product_tag?post=45237"}],"curies":[{"name":"wp","href":"https:\/\/api.w.org\/{rel}","templated":true}]}}