{"id":45236,"date":"2024-12-10T13:39:34","date_gmt":"2024-12-10T12:39:34","guid":{"rendered":"https:\/\/stage.woods.se\/?post_type=product&#038;p=45236"},"modified":"2026-03-05T15:57:06","modified_gmt":"2026-03-05T14:57:06","slug":"woods-ad20","status":"publish","type":"product","link":"https:\/\/woods.se\/de\/produkte\/luftentfeuchter\/wohnbereiche\/woods-ad20\/","title":{"rendered":"Wood&#8217;s AD20"},"content":{"rendered":"<h2>Wood&#8217;s AD20<\/h2>\n<h3>Hybrider Luftentfeuchter und Luftreiniger f\u00fcr ein ges\u00fcnderes Raumklima<\/h3>\n<p>Entdecken Sie den AD20 von Wood&#8217;s, die perfekte Kombination aus Luftentfeuchter und Luftreiniger, speziell entwickelt f\u00fcr Wohnungen, Schlafzimmer und Wohnzimmer. Der AD20 hilft Ihnen, ein gesundes und angenehmes Raumklima zu schaffen, egal zu welcher Jahreszeit. Er entfernt effektiv \u00fcbersch\u00fcssige Feuchtigkeit und reinigt die Luft von sch\u00e4dlichen Partikeln und hilft so, Schimmel, unangenehme Ger\u00fcche und schlechte Luftqualit\u00e4t zu vermeiden.  <\/p>\n<h3>Wichtige Merkmale:<\/h3>\n\n<h3>Gesunde Luft in Ihrem Schlafzimmer<\/h3>\n<p>Der Wood&#8217;s AD20 ist ideal f\u00fcr Schlafzimmer, wo er leise und effizient arbeitet, damit Sie in einer frischen und sauberen Umgebung schlafen k\u00f6nnen. Der niedrige Ger\u00e4uschpegel sorgt daf\u00fcr, dass Ihre Nachtruhe nicht gest\u00f6rt wird, w\u00e4hrend das Ger\u00e4t die Luftfeuchtigkeit und Luftqualit\u00e4t kontinuierlich \u00fcberwacht und anpasst. Mit dem AD20 schaffen Sie optimale Bedingungen f\u00fcr einen besseren Schlaf und einen frischen Start in den Tag.  <\/p>\n<h3>Ausgeglichene Luft in Ihrem Wohnzimmer<\/h3>\n<p>Der AD20 ist auch perfekt f\u00fcr Wohnzimmer, in denen wir viel Zeit verbringen. Durch die Reinigung der Luft und die Entfernung von Feuchtigkeit sorgt der AD20 f\u00fcr ein ausgeglichenes Raumklima, das frei von Staub, Allergenen und Schimmel ist. Der patentierte und in Schweden hergestellte Active ION HEPA-Filter f\u00e4ngt bis zu 99,98% der sch\u00e4dlichen Partikel und Schadstoffe ab und verbessert so sowohl Ihre Luftqualit\u00e4t als auch Ihr Wohlbefinden.  <\/p>\n<h3>Flexibel und einfach in der Anwendung<\/h3>\n<p>Der AD20 ist nicht nur ein kombinierter Luftentfeuchter und Luftreiniger &#8211; Sie k\u00f6nnen ihn auch als reinen Luftreiniger verwenden, wenn kein Bedarf an Entfeuchtung besteht. Er ist mit einem Luftsensor ausgestattet, der seine Aktivit\u00e4t automatisch an die Luftfeuchtigkeit und den Partikelgehalt im Raum anpasst, wodurch er sowohl energieeffizient als auch einfach zu bedienen ist. Der AD20 ist au\u00dferdem mit einem leistungsstarken Abluftventil an der Oberseite ausgestattet, wodurch er sich ideal zum Trocknen von W\u00e4sche eignet. Perfekt, wenn Sie in einer Wohnung leben und Ihre W\u00e4sche im Badezimmer, Wohn- oder Schlafzimmer trocknen m\u00fcssen.<br \/>\nF\u00fcr zus\u00e4tzlichen Komfort ist der AD20 mit einem gro\u00dfen Wassertank und einem Schlauchanschluss f\u00fcr den direkten Abfluss ausgestattet. Au\u00dferdem kann das Ger\u00e4t nach einem Stromausfall automatisch neu starten und zu den letzten Einstellungen zur\u00fcckkehren, was einen kontinuierlichen Betrieb und eine wartungsfreie Nutzung gew\u00e4hrleistet.    <\/p>\n<h3>Langlebige Leistung und lange Garantie<\/h3>\n<p>Der AD20 von Wood&#8217;s ist f\u00fcr eine lange Lebensdauer ausgelegt, und mit bis zu 6 Jahren Garantie k\u00f6nnen Sie sich auf Ihre Investition verlassen. Wenn Sie Ihren AD20 unter <a href=\"https:\/\/warranty-woods.com\/\">warranty.woods.com<\/a> registrieren und den Filter j\u00e4hrlich austauschen, k\u00f6nnen Sie die Garantie auf bis zu 6 Jahre verl\u00e4ngern. Au\u00dferdem erhalten Sie intelligente Erinnerungen an den Filterwechsel, die Ihnen helfen, die Lebensdauer zu verl\u00e4ngern und eine optimale Leistung zu erhalten.  <\/p>\n<p>Entscheiden Sie sich f\u00fcr Wood&#8217;s AD20 f\u00fcr ein saubereres, ges\u00fcnderes und komfortableres Raumklima &#8211; eine L\u00f6sung, die Ihr Zuhause und Ihre Gesundheit das ganze Jahr \u00fcber sch\u00fctzt.<\/p>\n<p><iframe loading=\"lazy\" title=\"Instruction video - Wood&#039;s AD20 (English)\" width=\"500\" height=\"281\" src=\"https:\/\/www.youtube.com\/embed\/vyT4kheSrno?feature=oembed\" frameborder=\"0\" allow=\"accelerometer; autoplay; clipboard-write; encrypted-media; gyroscope; picture-in-picture; web-share\" referrerpolicy=\"strict-origin-when-cross-origin\" allowfullscreen><\/iframe><\/p>\n","protected":false},"excerpt":{"rendered":"<p>Der AD20 von Wood&#8217;s ist die perfekte Kombination aus Luftentfeuchter &amp; Luftreiniger und wurde f\u00fcr Schlafzimmer, Wohnzimmer und Wohnungen entwickelt. Mit seinem HEPA-Filter reinigt er die Luft von 99,98% aller sch\u00e4dlichen Partikel, w\u00e4hrend er gleichzeitig extrem leise und effizient \u00fcbersch\u00fcssige Feuchtigkeit entfernt. Der AD20 ist mit einem Auslass an der Oberseite ausgestattet, so dass er Ihre W\u00e4sche effektiv und schonend trocknen kann. Der AD20 schafft ein optimales Raumklima dort, wo Sie sich die meiste Zeit aufhalten.   <\/p>\n","protected":false},"featured_media":43404,"template":"","meta":{"_acf_changed":false},"product_brand":[],"product_cat":[411,4732],"product_tag":[388,398,2380,399],"class_list":{"0":"post-45236","1":"product","2":"type-product","3":"status-publish","4":"has-post-thumbnail","6":"product_cat-luftentfeuchter","7":"product_cat-wohnbereiche","8":"product_tag-schlafzimmer","9":"product_tag-wohnraum","10":"product_tag-wohnung","11":"product_tag-wohnzimmer","12":"product_shipping_class-high","13":"splide__slide","15":"first","16":"instock","17":"taxable","18":"shipping-taxable","19":"purchasable","20":"product-type-simple"},"acf":[],"_links":{"self":[{"href":"https:\/\/woods.se\/de\/wp-json\/wp\/v2\/product\/45236","targetHints":{"allow":["GET"]}}],"collection":[{"href":"https:\/\/woods.se\/de\/wp-json\/wp\/v2\/product"}],"about":[{"href":"https:\/\/woods.se\/de\/wp-json\/wp\/v2\/types\/product"}],"wp:featuredmedia":[{"embeddable":true,"href":"https:\/\/woods.se\/de\/wp-json\/wp\/v2\/media\/43404"}],"wp:attachment":[{"href":"https:\/\/woods.se\/de\/wp-json\/wp\/v2\/media?parent=45236"}],"wp:term":[{"taxonomy":"product_brand","embeddable":true,"href":"https:\/\/woods.se\/de\/wp-json\/wp\/v2\/product_brand?post=45236"},{"taxonomy":"product_cat","embeddable":true,"href":"https:\/\/woods.se\/de\/wp-json\/wp\/v2\/product_cat?post=45236"},{"taxonomy":"product_tag","embeddable":true,"href":"https:\/\/woods.se\/de\/wp-json\/wp\/v2\/product_tag?post=45236"}],"curies":[{"name":"wp","href":"https:\/\/api.w.org\/{rel}","templated":true}]}}